{"id":1332,"date":"2015-12-14T12:32:29","date_gmt":"2015-12-14T12:32:29","guid":{"rendered":"http:\/\/graficolor.hu\/webshop\/?page_id=1332"},"modified":"2022-03-30T18:38:27","modified_gmt":"2022-03-30T16:38:27","slug":"kezdolap","status":"publish","type":"page","link":"https:\/\/graficolor.hu\/webshop\/","title":{"rendered":"Kezd\u0151lap"},"content":{"rendered":"\t\t<div data-elementor-type=\"wp-page\" data-elementor-id=\"1332\" class=\"elementor elementor-1332\">\n\t\t\t\t\t\t\t\t\t<section class=\"elementor-section elementor-top-section elementor-element elementor-element-cd6615e elementor-section-boxed elementor-section-height-default elementor-section-height-default\" data-id=\"cd6615e\" data-element_type=\"section\">\n\t\t\t\t\t\t<div class=\"elementor-container elementor-column-gap-default\">\n\t\t\t\t\t<div class=\"elementor-column elementor-col-100 elementor-top-column elementor-element elementor-element-f5f4ac5\" data-id=\"f5f4ac5\" data-element_type=\"column\">\n\t\t\t<div class=\"elementor-widget-wrap elementor-element-populated\">\n\t\t\t\t\t\t\t\t<div class=\"elementor-element elementor-element-1579005 elementor-widget elementor-widget-spacer\" data-id=\"1579005\" data-element_type=\"widget\" data-widget_type=\"spacer.default\">\n\t\t\t\t<div class=\"elementor-widget-container\">\n\t\t\t<style>\/*! elementor - v3.6.1 - 23-03-2022 *\/\n.e-container.e-container--row .elementor-spacer-inner{width:var(--spacer-size)}.e-container.e-container--column .elementor-spacer-inner,.elementor-column .elementor-spacer-inner{height:var(--spacer-size)}<\/style>\t\t<div class=\"elementor-spacer\">\n\t\t\t<div class=\"elementor-spacer-inner\"><\/div>\n\t\t<\/div>\n\t\t\t\t<\/div>\n\t\t\t\t<\/div>\n\t\t\t\t\t<\/div>\n\t\t<\/div>\n\t\t\t\t\t\t\t<\/div>\n\t\t<\/section>\n\t\t\t\t<section class=\"elementor-section elementor-top-section elementor-element elementor-element-45340db elementor-section-boxed elementor-section-height-default elementor-section-height-default\" data-id=\"45340db\" data-element_type=\"section\">\n\t\t\t\t\t\t<div class=\"elementor-container elementor-column-gap-default\">\n\t\t\t\t\t<div class=\"elementor-column elementor-col-100 elementor-top-column elementor-element elementor-element-946c373\" data-id=\"946c373\" data-element_type=\"column\">\n\t\t\t<div class=\"elementor-widget-wrap elementor-element-populated\">\n\t\t\t\t\t\t\t\t<div class=\"elementor-element elementor-element-813f02a elementor-widget elementor-widget-heading\" data-id=\"813f02a\" data-element_type=\"widget\" data-widget_type=\"heading.default\">\n\t\t\t\t<div class=\"elementor-widget-container\">\n\t\t\t<style>\/*! elementor - v3.6.1 - 23-03-2022 *\/\n.elementor-heading-title{padding:0;margin:0;line-height:1}.elementor-widget-heading .elementor-heading-title[class*=elementor-size-]>a{color:inherit;font-size:inherit;line-height:inherit}.elementor-widget-heading .elementor-heading-title.elementor-size-small{font-size:15px}.elementor-widget-heading .elementor-heading-title.elementor-size-medium{font-size:19px}.elementor-widget-heading .elementor-heading-title.elementor-size-large{font-size:29px}.elementor-widget-heading .elementor-heading-title.elementor-size-xl{font-size:39px}.elementor-widget-heading .elementor-heading-title.elementor-size-xxl{font-size:59px}<\/style><h2 class=\"elementor-heading-title elementor-size-default\">V\u00e1lasszon egyedi p\u00f3l\u00f3inkb\u00f3l!<\/h2>\t\t<\/div>\n\t\t\t\t<\/div>\n\t\t\t\t\t<\/div>\n\t\t<\/div>\n\t\t\t\t\t\t\t<\/div>\n\t\t<\/section>\n\t\t\t\t<section class=\"elementor-section elementor-top-section elementor-element elementor-element-1846efc elementor-section-boxed elementor-section-height-default elementor-section-height-default\" data-id=\"1846efc\" data-element_type=\"section\">\n\t\t\t\t\t\t<div class=\"elementor-container elementor-column-gap-default\">\n\t\t\t\t\t<div class=\"elementor-column elementor-col-100 elementor-top-column elementor-element elementor-element-30b649f\" data-id=\"30b649f\" data-element_type=\"column\">\n\t\t\t<div class=\"elementor-widget-wrap elementor-element-populated\">\n\t\t\t\t\t\t\t\t<div class=\"elementor-element elementor-element-0a6f9c4 elementor-widget elementor-widget-spacer\" data-id=\"0a6f9c4\" data-element_type=\"widget\" data-widget_type=\"spacer.default\">\n\t\t\t\t<div class=\"elementor-widget-container\">\n\t\t\t\t\t<div class=\"elementor-spacer\">\n\t\t\t<div class=\"elementor-spacer-inner\"><\/div>\n\t\t<\/div>\n\t\t\t\t<\/div>\n\t\t\t\t<\/div>\n\t\t\t\t\t<\/div>\n\t\t<\/div>\n\t\t\t\t\t\t\t<\/div>\n\t\t<\/section>\n\t\t\t\t<section class=\"elementor-section elementor-top-section elementor-element elementor-element-d3aaaff elementor-section-boxed elementor-section-height-default elementor-section-height-default\" data-id=\"d3aaaff\" data-element_type=\"section\">\n\t\t\t\t\t\t<div class=\"elementor-container elementor-column-gap-default\">\n\t\t\t\t\t<div class=\"elementor-column elementor-col-100 elementor-top-column elementor-element elementor-element-614b12f\" data-id=\"614b12f\" data-element_type=\"column\">\n\t\t\t<div class=\"elementor-widget-wrap elementor-element-populated\">\n\t\t\t\t\t\t\t\t<div class=\"elementor-element elementor-element-0d36fb7 elementor-grid-4 elementor-grid-tablet-3 elementor-grid-mobile-2 elementor-products-grid elementor-wc-products elementor-widget elementor-widget-woocommerce-products\" data-id=\"0d36fb7\" data-element_type=\"widget\" data-widget_type=\"woocommerce-products.default\">\n\t\t\t\t<div class=\"elementor-widget-container\">\n\t\t\t<link rel=\"stylesheet\" href=\"https:\/\/graficolor.hu\/webshop\/wp-content\/plugins\/elementor-pro\/assets\/css\/widget-woocommerce.min.css\"><div class=\"woocommerce columns-4 \"><ul class=\"products elementor-grid columns-4\">\n<li class=\"product type-product post-48384 status-publish first instock product_cat-egyeb product_tag-egyedi-polo product_tag-nyomtatott-polo has-post-thumbnail shipping-taxable purchasable product-type-variable\">\n\t<a href=\"#\" class=\"button yith-wcqv-button\" data-product_id=\"48384\">Gyorsn\u00e9zet<\/a><\/li>\n<li class=\"product type-product post-48228 status-publish instock product_cat-egyedi-szulinapos-polo product_tag-egyedi-polo product_tag-nyomtatott-polo has-post-thumbnail shipping-taxable purchasable product-type-variable\">\n\t<a href=\"#\" class=\"button yith-wcqv-button\" data-product_id=\"48228\">Gyorsn\u00e9zet<\/a><\/li>\n<li class=\"product type-product post-47759 status-publish instock product_cat-uj-polok product_cat-vicces product_tag-egyedi-polo product_tag-nyomtatott-polo has-post-thumbnail shipping-taxable purchasable product-type-variable\">\n\t<a href=\"#\" class=\"button yith-wcqv-button\" data-product_id=\"47759\">Gyorsn\u00e9zet<\/a><\/li>\n<li class=\"product type-product post-47289 status-publish last instock product_cat-csalad product_cat-uj-polok product_tag-egyedi-polo product_tag-nyomtatott-polo has-post-thumbnail shipping-taxable purchasable product-type-variable\">\n\t<a href=\"#\" class=\"button yith-wcqv-button\" data-product_id=\"47289\">Gyorsn\u00e9zet<\/a><\/li>\n<li class=\"product type-product post-3229 status-publish first instock product_cat-legeny-es-leanybucsu product_tag-egyedi-legeny-es-leanybucsu-polo product_tag-egyedi-polo product_tag-nyomtatott-polo has-post-thumbnail shipping-taxable purchasable product-type-variable\">\n\t<a href=\"#\" class=\"button yith-wcqv-button\" data-product_id=\"3229\">Gyorsn\u00e9zet<\/a><\/li>\n<li class=\"product type-product post-3176 status-publish instock product_cat-legeny-es-leanybucsu product_tag-egyedi-legeny-es-leanybucsu-polo product_tag-egyedi-polo product_tag-nyomtatott-polo has-post-thumbnail shipping-taxable purchasable product-type-variable\">\n\t<a href=\"#\" class=\"button yith-wcqv-button\" data-product_id=\"3176\">Gyorsn\u00e9zet<\/a><\/li>\n<\/ul>\n<\/div>\t\t<\/div>\n\t\t\t\t<\/div>\n\t\t\t\t\t<\/div>\n\t\t<\/div>\n\t\t\t\t\t\t\t<\/div>\n\t\t<\/section>\n\t\t\t\t<section class=\"elementor-section elementor-top-section elementor-element elementor-element-74f1ea0 elementor-section-boxed elementor-section-height-default elementor-section-height-default\" data-id=\"74f1ea0\" data-element_type=\"section\">\n\t\t\t\t\t\t<div class=\"elementor-container elementor-column-gap-default\">\n\t\t\t\t\t<div class=\"elementor-column elementor-col-100 elementor-top-column elementor-element elementor-element-d24b670\" data-id=\"d24b670\" data-element_type=\"column\">\n\t\t\t<div class=\"elementor-widget-wrap elementor-element-populated\">\n\t\t\t\t\t\t\t\t<div class=\"elementor-element elementor-element-d54060e elementor-widget elementor-widget-spacer\" data-id=\"d54060e\" data-element_type=\"widget\" data-widget_type=\"spacer.default\">\n\t\t\t\t<div class=\"elementor-widget-container\">\n\t\t\t\t\t<div class=\"elementor-spacer\">\n\t\t\t<div class=\"elementor-spacer-inner\"><\/div>\n\t\t<\/div>\n\t\t\t\t<\/div>\n\t\t\t\t<\/div>\n\t\t\t\t\t<\/div>\n\t\t<\/div>\n\t\t\t\t\t\t\t<\/div>\n\t\t<\/section>\n\t\t\t\t<section class=\"elementor-section elementor-top-section elementor-element elementor-element-c5e5477 elementor-section-boxed elementor-section-height-default elementor-section-height-default\" data-id=\"c5e5477\" data-element_type=\"section\" data-settings=\"{&quot;background_background&quot;:&quot;classic&quot;}\">\n\t\t\t\t\t\t<div class=\"elementor-container elementor-column-gap-default\">\n\t\t\t\t\t<div class=\"elementor-column elementor-col-100 elementor-top-column elementor-element elementor-element-50119e0\" data-id=\"50119e0\" data-element_type=\"column\">\n\t\t\t<div class=\"elementor-widget-wrap elementor-element-populated\">\n\t\t\t\t\t\t\t\t<div class=\"elementor-element elementor-element-1572c90 elementor-align-right elementor-widget elementor-widget-button\" data-id=\"1572c90\" data-element_type=\"widget\" data-widget_type=\"button.default\">\n\t\t\t\t<div class=\"elementor-widget-container\">\n\t\t\t\t\t<div class=\"elementor-button-wrapper\">\n\t\t\t<a href=\"https:\/\/graficolor.hu\/webshop\/termekkategoria\/egyedi-nyomatos-polok\/\" class=\"elementor-button-link elementor-button elementor-size-lg\" role=\"button\">\n\t\t\t\t\t\t<span class=\"elementor-button-content-wrapper\">\n\t\t\t\t\t\t\t<span class=\"elementor-button-icon elementor-align-icon-left\">\n\t\t\t\t<i aria-hidden=\"true\" class=\"fas fa-arrow-right\"><\/i>\t\t\t<\/span>\n\t\t\t\t\t\t<span class=\"elementor-button-text\">Tov\u00e1bbi p\u00f3l\u00f3k<\/span>\n\t\t<\/span>\n\t\t\t\t\t<\/a>\n\t\t<\/div>\n\t\t\t\t<\/div>\n\t\t\t\t<\/div>\n\t\t\t\t\t<\/div>\n\t\t<\/div>\n\t\t\t\t\t\t\t<\/div>\n\t\t<\/section>\n\t\t\t\t<section class=\"elementor-section elementor-top-section elementor-element elementor-element-980e860 elementor-section-boxed elementor-section-height-default elementor-section-height-default\" data-id=\"980e860\" data-element_type=\"section\">\n\t\t\t\t\t\t<div class=\"elementor-container elementor-column-gap-default\">\n\t\t\t\t\t<div class=\"elementor-column elementor-col-100 elementor-top-column elementor-element elementor-element-5f8aacf\" data-id=\"5f8aacf\" data-element_type=\"column\">\n\t\t\t<div class=\"elementor-widget-wrap elementor-element-populated\">\n\t\t\t\t\t\t\t\t<div class=\"elementor-element elementor-element-a6e442c elementor-widget elementor-widget-spacer\" data-id=\"a6e442c\" data-element_type=\"widget\" data-widget_type=\"spacer.default\">\n\t\t\t\t<div class=\"elementor-widget-container\">\n\t\t\t\t\t<div class=\"elementor-spacer\">\n\t\t\t<div class=\"elementor-spacer-inner\"><\/div>\n\t\t<\/div>\n\t\t\t\t<\/div>\n\t\t\t\t<\/div>\n\t\t\t\t\t<\/div>\n\t\t<\/div>\n\t\t\t\t\t\t\t<\/div>\n\t\t<\/section>\n\t\t\t\t<section class=\"elementor-section elementor-top-section elementor-element elementor-element-99471e elementor-section-boxed elementor-section-height-default elementor-section-height-default\" data-id=\"99471e\" data-element_type=\"section\">\n\t\t\t\t\t\t<div class=\"elementor-container elementor-column-gap-default\">\n\t\t\t\t\t<div class=\"elementor-column elementor-col-100 elementor-top-column elementor-element elementor-element-7ab6bbfc\" data-id=\"7ab6bbfc\" data-element_type=\"column\">\n\t\t\t<div class=\"elementor-widget-wrap elementor-element-populated\">\n\t\t\t\t\t\t\t\t<div class=\"elementor-element elementor-element-7379e078 elementor-widget elementor-widget-text-editor\" data-id=\"7379e078\" data-element_type=\"widget\" data-widget_type=\"text-editor.default\">\n\t\t\t\t<div class=\"elementor-widget-container\">\n\t\t\t<style>\/*! elementor - v3.6.1 - 23-03-2022 *\/\n.elementor-widget-text-editor.elementor-drop-cap-view-stacked .elementor-drop-cap{background-color:#818a91;color:#fff}.elementor-widget-text-editor.elementor-drop-cap-view-framed .elementor-drop-cap{color:#818a91;border:3px solid;background-color:transparent}.elementor-widget-text-editor:not(.elementor-drop-cap-view-default) .elementor-drop-cap{margin-top:8px}.elementor-widget-text-editor:not(.elementor-drop-cap-view-default) .elementor-drop-cap-letter{width:1em;height:1em}.elementor-widget-text-editor .elementor-drop-cap{float:left;text-align:center;line-height:1;font-size:50px}.elementor-widget-text-editor .elementor-drop-cap-letter{display:inline-block}<\/style>\t\t\t\t<p><span style=\"font-size: 13px; color: var( --e-global-color-text );\"><div class=\"su-row\"><div class=\"su-column su-column-size-1-2\"><div class=\"su-column-inner su-clearfix\"><\/span><\/p><p><img class=\"aligncenter wp-image-1333 size-full\" style=\"max-height: 150px !important;\" src=\"https:\/\/graficolor.hu\/webshop\/wp-content\/uploads\/csomagaj\u00e1nlatok.png\" alt=\"csomagaj\u00e1nlatok\" height=\"150px\" srcset=\"https:\/\/graficolor.hu\/webshop\/wp-content\/uploads\/csomagaj\u00e1nlatok.png 540w, https:\/\/graficolor.hu\/webshop\/wp-content\/uploads\/csomagaj\u00e1nlatok-400x148.png 400w, https:\/\/graficolor.hu\/webshop\/wp-content\/uploads\/csomagaj\u00e1nlatok-300x111.png 300w\" sizes=\"(max-width: 540px) 100vw, 540px\" \/> <div class=\"su-button-center\"><a href=\"http:\/\/graficolor.hu\/webshop\/hogyan-valasszak-belyegzot-2\/\" class=\"su-button su-button-style-3d\" style=\"color:#ffffff;background-color:#049a04;border-color:#037b03;border-radius:8px;-moz-border-radius:8px;-webkit-border-radius:8px\" target=\"_self\"><span style=\"color:#ffffff;padding:7px 22px;font-size:17px;line-height:26px;border-color:#4fb84f;border-radius:8px;-moz-border-radius:8px;-webkit-border-radius:8px;text-shadow:2px 2px 2px #989797;-moz-text-shadow:2px 2px 2px #989797;-webkit-text-shadow:2px 2px 2px #989797\"><i class=\"sui sui-question-circle\" style=\"font-size:17px;color:#ffffff\"><\/i> Hogyan v\u00e1lasszak b\u00e9lyegz\u0151t?<\/span><\/a><\/div><\/div><\/div><br \/><div class=\"su-column su-column-size-1-2\"><div class=\"su-column-inner su-clearfix\"><img class=\"aligncenter wp-image-1334 size-full\" style=\"max-height: 150px !important;\" src=\"https:\/\/graficolor.hu\/webshop\/wp-content\/uploads\/hogyan-v\u00e1lasszak-b\u00e9lyegz\u0151t.png\" alt=\"hogyan v\u00e1lasszak b\u00e9lyegz\u0151t\" height=\"150px\" srcset=\"https:\/\/graficolor.hu\/webshop\/wp-content\/uploads\/hogyan-v\u00e1lasszak-b\u00e9lyegz\u0151t.png 622w, https:\/\/graficolor.hu\/webshop\/wp-content\/uploads\/hogyan-v\u00e1lasszak-b\u00e9lyegz\u0151t-400x129.png 400w, https:\/\/graficolor.hu\/webshop\/wp-content\/uploads\/hogyan-v\u00e1lasszak-b\u00e9lyegz\u0151t-300x96.png 300w, https:\/\/graficolor.hu\/webshop\/wp-content\/uploads\/hogyan-v\u00e1lasszak-b\u00e9lyegz\u0151t-600x193.png 600w\" sizes=\"(max-width: 622px) 100vw, 622px\" \/><div class=\"su-button-center\"><a href=\"http:\/\/graficolor.hu\/webshop\/csomagajanlataink\/\" class=\"su-button su-button-style-3d\" style=\"color:#ffffff;background-color:#049a04;border-color:#037b03;border-radius:8px;-moz-border-radius:8px;-webkit-border-radius:8px\" target=\"_self\"><span style=\"color:#ffffff;padding:7px 22px;font-size:17px;line-height:26px;border-color:#4fb84f;border-radius:8px;-moz-border-radius:8px;-webkit-border-radius:8px;text-shadow:2px 2px 2px #989797;-moz-text-shadow:2px 2px 2px #989797;-webkit-text-shadow:2px 2px 2px #989797\"><i class=\"sui sui-shopping-cart\" style=\"font-size:17px;color:#ffffff\"><\/i> Csomagaj\u00e1nlataink<\/span><\/a><\/div><\/div><\/div><\/div><\/p>\t\t\t\t\t\t<\/div>\n\t\t\t\t<\/div>\n\t\t\t\t\t<\/div>\n\t\t<\/div>\n\t\t\t\t\t\t\t<\/div>\n\t\t<\/section>\n\t\t\t\t<section class=\"elementor-section elementor-top-section elementor-element elementor-element-2eb324c elementor-section-boxed elementor-section-height-default elementor-section-height-default\" data-id=\"2eb324c\" data-element_type=\"section\">\n\t\t\t\t\t\t<div class=\"elementor-container elementor-column-gap-default\">\n\t\t\t\t\t<div class=\"elementor-column elementor-col-100 elementor-top-column elementor-element elementor-element-05f9ed9\" data-id=\"05f9ed9\" data-element_type=\"column\">\n\t\t\t<div class=\"elementor-widget-wrap elementor-element-populated\">\n\t\t\t\t\t\t\t\t<div class=\"elementor-element elementor-element-aa15ff0 elementor-search-form--skin-minimal elementor-widget elementor-widget-search-form\" data-id=\"aa15ff0\" data-element_type=\"widget\" data-settings=\"{&quot;skin&quot;:&quot;minimal&quot;}\" data-widget_type=\"search-form.default\">\n\t\t\t\t<div class=\"elementor-widget-container\">\n\t\t\t<link rel=\"stylesheet\" href=\"https:\/\/graficolor.hu\/webshop\/wp-content\/plugins\/elementor-pro\/assets\/css\/widget-theme-elements.min.css\">\t\t<form class=\"elementor-search-form\" role=\"search\" action=\"https:\/\/graficolor.hu\/webshop\" method=\"get\">\n\t\t\t\t\t\t\t\t\t<div class=\"elementor-search-form__container\">\n\t\t\t\t\t\t\t\t\t<div class=\"elementor-search-form__icon\">\n\t\t\t\t\t\t<i aria-hidden=\"true\" class=\"fas fa-search\"><\/i>\t\t\t\t\t\t<span class=\"elementor-screen-only\">Search<\/span>\n\t\t\t\t\t<\/div>\n\t\t\t\t\t\t\t\t<input placeholder=\"Keres\u00e9s\" class=\"elementor-search-form__input\" type=\"search\" name=\"s\" title=\"Search\" value=\"\">\n\t\t\t\t\t\t\t\t\t\t\t\t\t\t\t<\/div>\n\t\t<\/form>\n\t\t\t\t<\/div>\n\t\t\t\t<\/div>\n\t\t\t\t\t<\/div>\n\t\t<\/div>\n\t\t\t\t\t\t\t<\/div>\n\t\t<\/section>\n\t\t\t\t<section class=\"elementor-section elementor-top-section elementor-element elementor-element-6984bf8 elementor-section-boxed elementor-section-height-default elementor-section-height-default\" data-id=\"6984bf8\" data-element_type=\"section\">\n\t\t\t\t\t\t<div class=\"elementor-container elementor-column-gap-default\">\n\t\t\t\t\t<div class=\"elementor-column elementor-col-100 elementor-top-column elementor-element elementor-element-80b7114\" data-id=\"80b7114\" data-element_type=\"column\">\n\t\t\t<div class=\"elementor-widget-wrap elementor-element-populated\">\n\t\t\t\t\t\t\t\t<div class=\"elementor-element elementor-element-b0f262b elementor-grid-4 elementor-grid-tablet-3 elementor-grid-mobile-2 elementor-products-grid elementor-wc-products elementor-widget elementor-widget-woocommerce-products\" data-id=\"b0f262b\" data-element_type=\"widget\" data-widget_type=\"woocommerce-products.default\">\n\t\t\t\t<div class=\"elementor-widget-container\">\n\t\t\t<div class=\"woocommerce columns-4 \"><ul class=\"products elementor-grid columns-4\">\n<li class=\"product type-product post-36824 status-publish first instock product_cat-eskuvoi-meghivok has-post-thumbnail shipping-taxable purchasable product-type-simple\">\n\t<a href=\"#\" class=\"button yith-wcqv-button\" data-product_id=\"36824\">Gyorsn\u00e9zet<\/a><\/li>\n<li class=\"product type-product post-36810 status-publish instock product_cat-eskuvoi-meghivok has-post-thumbnail shipping-taxable purchasable product-type-simple\">\n\t<a href=\"#\" class=\"button yith-wcqv-button\" data-product_id=\"36810\">Gyorsn\u00e9zet<\/a><\/li>\n<li class=\"product type-product post-36790 status-publish instock product_cat-eskuvoi-meghivok has-post-thumbnail shipping-taxable purchasable product-type-simple\">\n\t<a href=\"#\" class=\"button yith-wcqv-button\" data-product_id=\"36790\">Gyorsn\u00e9zet<\/a><\/li>\n<li class=\"product type-product post-36783 status-publish last instock product_cat-eskuvoi-meghivok has-post-thumbnail shipping-taxable purchasable product-type-simple\">\n\t<a href=\"#\" class=\"button yith-wcqv-button\" data-product_id=\"36783\">Gyorsn\u00e9zet<\/a><\/li>\n<li class=\"product type-product post-36772 status-publish first instock product_cat-eskuvoi-meghivok has-post-thumbnail shipping-taxable purchasable product-type-simple\">\n\t<a href=\"#\" class=\"button yith-wcqv-button\" data-product_id=\"36772\">Gyorsn\u00e9zet<\/a><\/li>\n<li class=\"product type-product post-36467 status-publish instock product_cat-eskuvoi-meghivok has-post-thumbnail shipping-taxable purchasable product-type-simple\">\n\t<a href=\"#\" class=\"button yith-wcqv-button\" data-product_id=\"36467\">Gyorsn\u00e9zet<\/a><\/li>\n<li class=\"product type-product post-36463 status-publish instock product_cat-eskuvoi-meghivok has-post-thumbnail shipping-taxable purchasable product-type-simple\">\n\t<a href=\"#\" class=\"button yith-wcqv-button\" data-product_id=\"36463\">Gyorsn\u00e9zet<\/a><\/li>\n<li class=\"product type-product post-6574 status-publish last instock product_cat-eskuvoi-meghivok product_tag-egyedi-eskuvoi-meghivo product_tag-egyedi-meghivo product_tag-eskuvoi-meghivo product_tag-meghivo has-post-thumbnail shipping-taxable purchasable product-type-simple\">\n\t<a href=\"#\" class=\"button yith-wcqv-button\" data-product_id=\"6574\">Gyorsn\u00e9zet<\/a><\/li>\n<\/ul>\n<\/div>\t\t<\/div>\n\t\t\t\t<\/div>\n\t\t\t\t\t<\/div>\n\t\t<\/div>\n\t\t\t\t\t\t\t<\/div>\n\t\t<\/section>\n\t\t\t\t<section class=\"elementor-section elementor-top-section elementor-element elementor-element-e03a30d elementor-section-boxed elementor-section-height-default elementor-section-height-default\" data-id=\"e03a30d\" data-element_type=\"section\">\n\t\t\t\t\t\t<div class=\"elementor-container elementor-column-gap-default\">\n\t\t\t\t\t<div class=\"elementor-column elementor-col-100 elementor-top-column elementor-element elementor-element-ebad7b0\" data-id=\"ebad7b0\" data-element_type=\"column\">\n\t\t\t<div class=\"elementor-widget-wrap elementor-element-populated\">\n\t\t\t\t\t\t\t\t<div class=\"elementor-element elementor-element-b07a317 elementor-widget elementor-widget-spacer\" data-id=\"b07a317\" data-element_type=\"widget\" data-widget_type=\"spacer.default\">\n\t\t\t\t<div class=\"elementor-widget-container\">\n\t\t\t\t\t<div class=\"elementor-spacer\">\n\t\t\t<div class=\"elementor-spacer-inner\"><\/div>\n\t\t<\/div>\n\t\t\t\t<\/div>\n\t\t\t\t<\/div>\n\t\t\t\t\t<\/div>\n\t\t<\/div>\n\t\t\t\t\t\t\t<\/div>\n\t\t<\/section>\n\t\t\t\t<section class=\"elementor-section elementor-top-section elementor-element elementor-element-aa37007 elementor-section-boxed elementor-section-height-default elementor-section-height-default\" data-id=\"aa37007\" data-element_type=\"section\">\n\t\t\t\t\t\t<div class=\"elementor-container elementor-column-gap-default\">\n\t\t\t\t\t<div class=\"elementor-column elementor-col-100 elementor-top-column elementor-element elementor-element-a2958a2\" data-id=\"a2958a2\" data-element_type=\"column\">\n\t\t\t<div class=\"elementor-widget-wrap elementor-element-populated\">\n\t\t\t\t\t\t\t\t<div class=\"elementor-element elementor-element-927ef13 elementor-widget elementor-widget-heading\" data-id=\"927ef13\" data-element_type=\"widget\" data-widget_type=\"heading.default\">\n\t\t\t\t<div class=\"elementor-widget-container\">\n\t\t\t<h2 class=\"elementor-heading-title elementor-size-default\">Leg\u00fajabb term\u00e9keink<\/h2>\t\t<\/div>\n\t\t\t\t<\/div>\n\t\t\t\t\t<\/div>\n\t\t<\/div>\n\t\t\t\t\t\t\t<\/div>\n\t\t<\/section>\n\t\t\t\t<section class=\"elementor-section elementor-top-section elementor-element elementor-element-4b4fb30 elementor-section-boxed elementor-section-height-default elementor-section-height-default\" data-id=\"4b4fb30\" data-element_type=\"section\">\n\t\t\t\t\t\t<div class=\"elementor-container elementor-column-gap-default\">\n\t\t\t\t\t<div class=\"elementor-column elementor-col-100 elementor-top-column elementor-element elementor-element-9afe7f5\" data-id=\"9afe7f5\" data-element_type=\"column\">\n\t\t\t<div class=\"elementor-widget-wrap elementor-element-populated\">\n\t\t\t\t\t\t\t\t<div class=\"elementor-element elementor-element-c7e2b22 elementor-grid-4 elementor-grid-tablet-3 elementor-grid-mobile-2 elementor-products-grid elementor-wc-products elementor-widget elementor-widget-woocommerce-products\" data-id=\"c7e2b22\" data-element_type=\"widget\" data-widget_type=\"woocommerce-products.default\">\n\t\t\t\t<div class=\"elementor-widget-container\">\n\t\t\t<div class=\"woocommerce columns-4 \"><ul class=\"products elementor-grid columns-4\">\n<li class=\"product type-product post-49072 status-publish first instock product_cat-muanyag has-post-thumbnail shipping-taxable purchasable product-type-simple\">\n\t<a href=\"#\" class=\"button yith-wcqv-button\" data-product_id=\"49072\">Gyorsn\u00e9zet<\/a><\/li>\n<li class=\"product type-product post-49064 status-publish instock product_cat-fem has-post-thumbnail shipping-taxable purchasable product-type-simple\">\n\t<a href=\"#\" class=\"button yith-wcqv-button\" data-product_id=\"49064\">Gyorsn\u00e9zet<\/a><\/li>\n<li class=\"product type-product post-49062 status-publish instock product_cat-fem has-post-thumbnail shipping-taxable purchasable product-type-simple\">\n\t<a href=\"#\" class=\"button yith-wcqv-button\" data-product_id=\"49062\">Gyorsn\u00e9zet<\/a><\/li>\n<li class=\"product type-product post-49060 status-publish last instock product_cat-textil has-post-thumbnail shipping-taxable purchasable product-type-simple\">\n\t<a href=\"#\" class=\"button yith-wcqv-button\" data-product_id=\"49060\">Gyorsn\u00e9zet<\/a><\/li>\n<\/ul>\n<\/div>\t\t<\/div>\n\t\t\t\t<\/div>\n\t\t\t\t\t<\/div>\n\t\t<\/div>\n\t\t\t\t\t\t\t<\/div>\n\t\t<\/section>\n\t\t\t\t\t\t\t<\/div>\n\t\t","protected":false},"excerpt":{"rendered":"<p>V\u00e1lasszon egyedi p\u00f3l\u00f3inkb\u00f3l! Tov\u00e1bbi p\u00f3l\u00f3k Leg\u00fajabb term\u00e9keink<\/p>\n","protected":false},"author":1,"featured_media":0,"parent":0,"menu_order":0,"comment_status":"closed","ping_status":"closed","template":"template-full-width.php","meta":[],"_links":{"self":[{"href":"https:\/\/graficolor.hu\/webshop\/wp-json\/wp\/v2\/pages\/1332"}],"collection":[{"href":"https:\/\/graficolor.hu\/webshop\/wp-json\/wp\/v2\/pages"}],"about":[{"href":"https:\/\/graficolor.hu\/webshop\/wp-json\/wp\/v2\/types\/page"}],"author":[{"embeddable":true,"href":"https:\/\/graficolor.hu\/webshop\/wp-json\/wp\/v2\/users\/1"}],"replies":[{"embeddable":true,"href":"https:\/\/graficolor.hu\/webshop\/wp-json\/wp\/v2\/comments?post=1332"}],"version-history":[{"count":23,"href":"https:\/\/graficolor.hu\/webshop\/wp-json\/wp\/v2\/pages\/1332\/revisions"}],"predecessor-version":[{"id":49345,"href":"https:\/\/graficolor.hu\/webshop\/wp-json\/wp\/v2\/pages\/1332\/revisions\/49345"}],"wp:attachment":[{"href":"https:\/\/graficolor.hu\/webshop\/wp-json\/wp\/v2\/media?parent=1332"}],"curies":[{"name":"wp","href":"https:\/\/api.w.org\/{rel}","templated":true}]}}