{"id":1533,"date":"2016-02-15T06:12:22","date_gmt":"2016-02-15T06:12:22","guid":{"rendered":"http:\/\/graficolor.hu\/webshop\/?page_id=1533"},"modified":"2016-09-13T17:05:35","modified_gmt":"2016-09-13T15:05:35","slug":"fenykepes-ajandektargyak","status":"publish","type":"page","link":"https:\/\/graficolor.hu\/webshop\/fenykepes-ajandektargyak\/","title":{"rendered":"F\u00e9nyk\u00e9pes aj\u00e1nd\u00e9kt\u00e1rgyak"},"content":{"rendered":"<p>K\u00fcl\u00f6nleges alkalmakra, rendezv\u00e9nyekre, csal\u00e1dnak, bar\u00e1toknak, kis \u00e9s nagy t\u00e9telben is rendelhet\u0151 a teljess\u00e9g ig\u00e9nye n\u00e9lk\u00fcl b\u00f6gre, kulcstart\u00f3, p\u00e1rna, puzzle, eg\u00e9rpad, fali\u00f3ra, szem\u00fcvegt\u00f6rl\u0151, k\u00f6t\u00e9ny, italc\u00edmke \u00e9s m\u00e9g sok egy\u00e9b\u2026<\/p>\n<p>Kateg\u00f3ri\u00e1k:<\/p>\n<ul>\n<li><a href=\"https:\/\/graficolor.hu\/webshop\/termekkategoria\/fenykepes-ajandekok\/textil\/\" class=\"su-button su-button-style-3d\" style=\"color:#ffffff;background-color:#049a04;border-color:#037b03;border-radius:8px;-moz-border-radius:8px;-webkit-border-radius:8px\" target=\"_self\"><span style=\"color:#ffffff;padding:7px 22px;font-size:17px;line-height:26px;border-color:#4fb84f;border-radius:8px;-moz-border-radius:8px;-webkit-border-radius:8px;text-shadow:2px 2px 2px #989797;-moz-text-shadow:2px 2px 2px #989797;-webkit-text-shadow:2px 2px 2px #989797\"><i class=\"sui sui-shopping-cart\" style=\"font-size:17px;color:#ffffff\"><\/i> Textil<\/span><\/a><\/li>\n<li><a href=\"https:\/\/graficolor.hu\/webshop\/termekkategoria\/fenykepes-ajandekok\/fa-es-papir\/\" class=\"su-button su-button-style-3d\" style=\"color:#ffffff;background-color:#049a04;border-color:#037b03;border-radius:8px;-moz-border-radius:8px;-webkit-border-radius:8px\" target=\"_self\"><span style=\"color:#ffffff;padding:7px 22px;font-size:17px;line-height:26px;border-color:#4fb84f;border-radius:8px;-moz-border-radius:8px;-webkit-border-radius:8px;text-shadow:2px 2px 2px #989797;-moz-text-shadow:2px 2px 2px #989797;-webkit-text-shadow:2px 2px 2px #989797\"><i class=\"sui sui-shopping-cart\" style=\"font-size:17px;color:#ffffff\"><\/i> Fa \u00e9s pap\u00edr<\/span><\/a><\/li>\n<li><a href=\"https:\/\/graficolor.hu\/webshop\/termekkategoria\/fenykepes-ajandekok\/keramia\/\" class=\"su-button su-button-style-3d\" style=\"color:#ffffff;background-color:#049a04;border-color:#037b03;border-radius:8px;-moz-border-radius:8px;-webkit-border-radius:8px\" target=\"_self\"><span style=\"color:#ffffff;padding:7px 22px;font-size:17px;line-height:26px;border-color:#4fb84f;border-radius:8px;-moz-border-radius:8px;-webkit-border-radius:8px;text-shadow:2px 2px 2px #989797;-moz-text-shadow:2px 2px 2px #989797;-webkit-text-shadow:2px 2px 2px #989797\"><i class=\"sui sui-shopping-cart\" style=\"font-size:17px;color:#ffffff\"><\/i> Ker\u00e1mia<\/span><\/a><\/li>\n<li><a href=\"https:\/\/graficolor.hu\/webshop\/termekkategoria\/fenykepes-ajandekok\/fem\/\" class=\"su-button su-button-style-3d\" style=\"color:#ffffff;background-color:#049a04;border-color:#037b03;border-radius:8px;-moz-border-radius:8px;-webkit-border-radius:8px\" target=\"_self\"><span style=\"color:#ffffff;padding:7px 22px;font-size:17px;line-height:26px;border-color:#4fb84f;border-radius:8px;-moz-border-radius:8px;-webkit-border-radius:8px;text-shadow:2px 2px 2px #989797;-moz-text-shadow:2px 2px 2px #989797;-webkit-text-shadow:2px 2px 2px #989797\"><i class=\"sui sui-shopping-cart\" style=\"font-size:17px;color:#ffffff\"><\/i> F\u00e9m<\/span><\/a><\/li>\n<li><a href=\"https:\/\/graficolor.hu\/webshop\/termekkategoria\/fenykepes-ajandekok\/muanyag\/\" class=\"su-button su-button-style-3d\" style=\"color:#ffffff;background-color:#049a04;border-color:#037b03;border-radius:8px;-moz-border-radius:8px;-webkit-border-radius:8px\" target=\"_self\"><span style=\"color:#ffffff;padding:7px 22px;font-size:17px;line-height:26px;border-color:#4fb84f;border-radius:8px;-moz-border-radius:8px;-webkit-border-radius:8px;text-shadow:2px 2px 2px #989797;-moz-text-shadow:2px 2px 2px #989797;-webkit-text-shadow:2px 2px 2px #989797\"><i class=\"sui sui-shopping-cart\" style=\"font-size:17px;color:#ffffff\"><\/i> M\u0171anyag<\/span><\/a><\/li>\n<\/ul>\n<h2>Referenci\u00e1ink:<\/h2>\n<p>Textil:<\/p>\n<div id='gallery-1' class='gallery galleryid-1533 gallery-columns-3 gallery-size-thumbnail'><figure class='gallery-item'>\n\t\t\t<div class='gallery-icon landscape'>\n\t\t\t\t<img width=\"200\" height=\"200\" src=\"https:\/\/graficolor.hu\/webshop\/wp-content\/uploads\/2016\/02\/12301569_329484743888376_3024559299180363075_n-200x200.jpg\" class=\"attachment-thumbnail size-thumbnail\" alt=\"F\u00e9nyk\u00e9pes aj\u00e1nd\u00e9kt\u00e1rgyak - f\u00e9nyk\u00e9pes p\u00e1rna\" loading=\"lazy\" srcset=\"https:\/\/graficolor.hu\/webshop\/wp-content\/uploads\/2016\/02\/12301569_329484743888376_3024559299180363075_n-200x200.jpg 200w, https:\/\/graficolor.hu\/webshop\/wp-content\/uploads\/2016\/02\/12301569_329484743888376_3024559299180363075_n-100x100.jpg 100w\" sizes=\"(max-width: 200px) 100vw, 200px\" \/>\n\t\t\t<\/div><\/figure><figure class='gallery-item'>\n\t\t\t<div class='gallery-icon landscape'>\n\t\t\t\t<img width=\"200\" height=\"200\" src=\"https:\/\/graficolor.hu\/webshop\/wp-content\/uploads\/2016\/02\/12049155_316775438492640_9083602477216150947_n-200x200.jpg\" class=\"attachment-thumbnail size-thumbnail\" alt=\"F\u00e9nyk\u00e9pes aj\u00e1nd\u00e9kt\u00e1rgyak - f\u00e9nyk\u00e9pes p\u00e1rna\" loading=\"lazy\" srcset=\"https:\/\/graficolor.hu\/webshop\/wp-content\/uploads\/2016\/02\/12049155_316775438492640_9083602477216150947_n-200x200.jpg 200w, https:\/\/graficolor.hu\/webshop\/wp-content\/uploads\/2016\/02\/12049155_316775438492640_9083602477216150947_n-100x100.jpg 100w\" sizes=\"(max-width: 200px) 100vw, 200px\" \/>\n\t\t\t<\/div><\/figure><figure class='gallery-item'>\n\t\t\t<div class='gallery-icon landscape'>\n\t\t\t\t<img width=\"200\" height=\"200\" src=\"https:\/\/graficolor.hu\/webshop\/wp-content\/uploads\/2016\/02\/12074642_316779918492192_1387647668547608143_n-200x200.jpg\" class=\"attachment-thumbnail size-thumbnail\" alt=\"F\u00e9nyk\u00e9pes aj\u00e1nd\u00e9kt\u00e1rgyak - f\u00e9nyk\u00e9pes pl\u00fcss maci\" loading=\"lazy\" srcset=\"https:\/\/graficolor.hu\/webshop\/wp-content\/uploads\/2016\/02\/12074642_316779918492192_1387647668547608143_n-200x200.jpg 200w, https:\/\/graficolor.hu\/webshop\/wp-content\/uploads\/2016\/02\/12074642_316779918492192_1387647668547608143_n-100x100.jpg 100w\" sizes=\"(max-width: 200px) 100vw, 200px\" \/>\n\t\t\t<\/div><\/figure><figure class='gallery-item'>\n\t\t\t<div class='gallery-icon landscape'>\n\t\t\t\t<img width=\"200\" height=\"200\" src=\"https:\/\/graficolor.hu\/webshop\/wp-content\/uploads\/2016\/02\/12105812_316779911825526_4705851105355749184_n-200x200.jpg\" class=\"attachment-thumbnail size-thumbnail\" alt=\"F\u00e9nyk\u00e9pes aj\u00e1nd\u00e9kt\u00e1rgyak - f\u00e9nyk\u00e9pes pl\u00fcss maci\" loading=\"lazy\" srcset=\"https:\/\/graficolor.hu\/webshop\/wp-content\/uploads\/2016\/02\/12105812_316779911825526_4705851105355749184_n-200x200.jpg 200w, https:\/\/graficolor.hu\/webshop\/wp-content\/uploads\/2016\/02\/12105812_316779911825526_4705851105355749184_n-100x100.jpg 100w\" sizes=\"(max-width: 200px) 100vw, 200px\" \/>\n\t\t\t<\/div><\/figure><figure class='gallery-item'>\n\t\t\t<div class='gallery-icon portrait'>\n\t\t\t\t<img width=\"200\" height=\"200\" src=\"https:\/\/graficolor.hu\/webshop\/wp-content\/uploads\/2016\/02\/12140613_316775435159307_1091825229187781774_n-200x200.jpg\" class=\"attachment-thumbnail size-thumbnail\" alt=\"\" loading=\"lazy\" srcset=\"https:\/\/graficolor.hu\/webshop\/wp-content\/uploads\/2016\/02\/12140613_316775435159307_1091825229187781774_n-200x200.jpg 200w, https:\/\/graficolor.hu\/webshop\/wp-content\/uploads\/2016\/02\/12140613_316775435159307_1091825229187781774_n-100x100.jpg 100w\" sizes=\"(max-width: 200px) 100vw, 200px\" \/>\n\t\t\t<\/div><\/figure><figure class='gallery-item'>\n\t\t\t<div class='gallery-icon portrait'>\n\t\t\t\t<img width=\"200\" height=\"200\" src=\"https:\/\/graficolor.hu\/webshop\/wp-content\/uploads\/2016\/02\/12144918_316781495158701_2560218916912005886_n-200x200.jpg\" class=\"attachment-thumbnail size-thumbnail\" alt=\"\" loading=\"lazy\" srcset=\"https:\/\/graficolor.hu\/webshop\/wp-content\/uploads\/2016\/02\/12144918_316781495158701_2560218916912005886_n-200x200.jpg 200w, https:\/\/graficolor.hu\/webshop\/wp-content\/uploads\/2016\/02\/12144918_316781495158701_2560218916912005886_n-100x100.jpg 100w\" sizes=\"(max-width: 200px) 100vw, 200px\" \/>\n\t\t\t<\/div><\/figure><figure class='gallery-item'>\n\t\t\t<div class='gallery-icon landscape'>\n\t\t\t\t<img width=\"200\" height=\"200\" src=\"https:\/\/graficolor.hu\/webshop\/wp-content\/uploads\/2016\/02\/12096093_316782285158622_4875406563095880624_n-200x200.jpg\" class=\"attachment-thumbnail size-thumbnail\" alt=\"\" loading=\"lazy\" srcset=\"https:\/\/graficolor.hu\/webshop\/wp-content\/uploads\/2016\/02\/12096093_316782285158622_4875406563095880624_n-200x200.jpg 200w, https:\/\/graficolor.hu\/webshop\/wp-content\/uploads\/2016\/02\/12096093_316782285158622_4875406563095880624_n-100x100.jpg 100w\" sizes=\"(max-width: 200px) 100vw, 200px\" \/>\n\t\t\t<\/div><\/figure>\n\t\t<\/div>\n\n<p>Ker\u00e1mia:<\/p>\n<div id='gallery-2' class='gallery galleryid-1533 gallery-columns-3 gallery-size-thumbnail'><figure class='gallery-item'>\n\t\t\t<div class='gallery-icon landscape'>\n\t\t\t\t<img width=\"200\" height=\"200\" src=\"https:\/\/graficolor.hu\/webshop\/wp-content\/uploads\/2016\/02\/12072765_316778371825680_8250373771298542867_n-200x200.jpg\" class=\"attachment-thumbnail size-thumbnail\" alt=\"F\u00e9nyk\u00e9pes aj\u00e1nd\u00e9kt\u00e1rgyak - f\u00e9nyk\u00e9pes b\u00f6gre, feliratos b\u00f6gre\" loading=\"lazy\" srcset=\"https:\/\/graficolor.hu\/webshop\/wp-content\/uploads\/2016\/02\/12072765_316778371825680_8250373771298542867_n-200x200.jpg 200w, https:\/\/graficolor.hu\/webshop\/wp-content\/uploads\/2016\/02\/12072765_316778371825680_8250373771298542867_n-100x100.jpg 100w\" sizes=\"(max-width: 200px) 100vw, 200px\" \/>\n\t\t\t<\/div><\/figure><figure class='gallery-item'>\n\t\t\t<div class='gallery-icon landscape'>\n\t\t\t\t<img width=\"200\" height=\"200\" src=\"https:\/\/graficolor.hu\/webshop\/wp-content\/uploads\/2016\/02\/12119009_316776108492573_7326438983130208979_n-200x200.jpg\" class=\"attachment-thumbnail size-thumbnail\" alt=\"F\u00e9nyk\u00e9pes aj\u00e1nd\u00e9kt\u00e1rgyak - f\u00e9nyk\u00e9pes b\u00f6gre, feliratos b\u00f6gre\" loading=\"lazy\" srcset=\"https:\/\/graficolor.hu\/webshop\/wp-content\/uploads\/2016\/02\/12119009_316776108492573_7326438983130208979_n-200x200.jpg 200w, https:\/\/graficolor.hu\/webshop\/wp-content\/uploads\/2016\/02\/12119009_316776108492573_7326438983130208979_n-100x100.jpg 100w\" sizes=\"(max-width: 200px) 100vw, 200px\" \/>\n\t\t\t<\/div><\/figure><figure class='gallery-item'>\n\t\t\t<div class='gallery-icon portrait'>\n\t\t\t\t<img width=\"200\" height=\"200\" src=\"https:\/\/graficolor.hu\/webshop\/wp-content\/uploads\/2016\/02\/12112279_316774225159428_1053116396750063343_n-200x200.jpg\" class=\"attachment-thumbnail size-thumbnail\" alt=\"F\u00e9nyk\u00e9pes aj\u00e1nd\u00e9kt\u00e1rgyak - f\u00e9nyk\u00e9pes b\u00f6gre, feliratos b\u00f6gre\" loading=\"lazy\" srcset=\"https:\/\/graficolor.hu\/webshop\/wp-content\/uploads\/2016\/02\/12112279_316774225159428_1053116396750063343_n-200x200.jpg 200w, https:\/\/graficolor.hu\/webshop\/wp-content\/uploads\/2016\/02\/12112279_316774225159428_1053116396750063343_n-100x100.jpg 100w\" sizes=\"(max-width: 200px) 100vw, 200px\" \/>\n\t\t\t<\/div><\/figure><figure class='gallery-item'>\n\t\t\t<div class='gallery-icon portrait'>\n\t\t\t\t<img width=\"200\" height=\"200\" src=\"https:\/\/graficolor.hu\/webshop\/wp-content\/uploads\/2016\/02\/12119078_316774218492762_918262709968419156_n-200x200.jpg\" class=\"attachment-thumbnail size-thumbnail\" alt=\"F\u00e9nyk\u00e9pes aj\u00e1nd\u00e9kt\u00e1rgyak - f\u00e9nyk\u00e9pes b\u00f6gre, feliratos b\u00f6gre\" loading=\"lazy\" srcset=\"https:\/\/graficolor.hu\/webshop\/wp-content\/uploads\/2016\/02\/12119078_316774218492762_918262709968419156_n-200x200.jpg 200w, https:\/\/graficolor.hu\/webshop\/wp-content\/uploads\/2016\/02\/12119078_316774218492762_918262709968419156_n-100x100.jpg 100w\" sizes=\"(max-width: 200px) 100vw, 200px\" \/>\n\t\t\t<\/div><\/figure><figure class='gallery-item'>\n\t\t\t<div class='gallery-icon portrait'>\n\t\t\t\t<img width=\"200\" height=\"200\" src=\"https:\/\/graficolor.hu\/webshop\/wp-content\/uploads\/2016\/02\/12108910_316775805159270_4136747584120414829_n-200x200.jpg\" class=\"attachment-thumbnail size-thumbnail\" alt=\"F\u00e9nyk\u00e9pes aj\u00e1nd\u00e9kt\u00e1rgyak - f\u00e9nyk\u00e9pes b\u00f6gre, feliratos b\u00f6gre\" loading=\"lazy\" srcset=\"https:\/\/graficolor.hu\/webshop\/wp-content\/uploads\/2016\/02\/12108910_316775805159270_4136747584120414829_n-200x200.jpg 200w, https:\/\/graficolor.hu\/webshop\/wp-content\/uploads\/2016\/02\/12108910_316775805159270_4136747584120414829_n-100x100.jpg 100w\" sizes=\"(max-width: 200px) 100vw, 200px\" \/>\n\t\t\t<\/div><\/figure>\n\t\t<\/div>\n\n<p>F\u00e9m:<\/p>\n<div id='gallery-3' class='gallery galleryid-1533 gallery-columns-3 gallery-size-thumbnail'><figure class='gallery-item'>\n\t\t\t<div class='gallery-icon landscape'>\n\t\t\t\t<img width=\"200\" height=\"200\" src=\"https:\/\/graficolor.hu\/webshop\/wp-content\/uploads\/2016\/02\/12088239_316775801825937_6987853620798222182_n-200x200.jpg\" class=\"attachment-thumbnail size-thumbnail\" alt=\"F\u00e9nyk\u00e9pes aj\u00e1nd\u00e9kt\u00e1rgyak - f\u00e9nyk\u00e9pes k\u00f6nyvjelz\u0151\" loading=\"lazy\" srcset=\"https:\/\/graficolor.hu\/webshop\/wp-content\/uploads\/2016\/02\/12088239_316775801825937_6987853620798222182_n-200x200.jpg 200w, https:\/\/graficolor.hu\/webshop\/wp-content\/uploads\/2016\/02\/12088239_316775801825937_6987853620798222182_n-100x100.jpg 100w\" sizes=\"(max-width: 200px) 100vw, 200px\" \/>\n\t\t\t<\/div><\/figure><figure class='gallery-item'>\n\t\t\t<div class='gallery-icon landscape'>\n\t\t\t\t<img width=\"200\" height=\"200\" src=\"https:\/\/graficolor.hu\/webshop\/wp-content\/uploads\/2016\/02\/12109324_316775075159343_6802467300325995326_n-200x200.jpg\" class=\"attachment-thumbnail size-thumbnail\" alt=\"F\u00e9nyk\u00e9pes aj\u00e1nd\u00e9kt\u00e1rgy\" loading=\"lazy\" srcset=\"https:\/\/graficolor.hu\/webshop\/wp-content\/uploads\/2016\/02\/12109324_316775075159343_6802467300325995326_n-200x200.jpg 200w, https:\/\/graficolor.hu\/webshop\/wp-content\/uploads\/2016\/02\/12109324_316775075159343_6802467300325995326_n-100x100.jpg 100w\" sizes=\"(max-width: 200px) 100vw, 200px\" \/>\n\t\t\t<\/div><\/figure>\n\t\t<\/div>\n\n<p>M\u0171anyag:<\/p>\n<div id='gallery-4' class='gallery galleryid-1533 gallery-columns-3 gallery-size-thumbnail'><figure class='gallery-item'>\n\t\t\t<div class='gallery-icon portrait'>\n\t\t\t\t<img width=\"200\" height=\"200\" src=\"https:\/\/graficolor.hu\/webshop\/wp-content\/uploads\/2016\/02\/12115850_316776871825830_1769671989170207358_n-200x200.jpg\" class=\"attachment-thumbnail size-thumbnail\" alt=\"F\u00e9nyk\u00e9pes aj\u00e1nd\u00e9kt\u00e1rgyak - f\u00e9nyk\u00e9pes h\u0171t\u0151m\u00e1gnes\" loading=\"lazy\" srcset=\"https:\/\/graficolor.hu\/webshop\/wp-content\/uploads\/2016\/02\/12115850_316776871825830_1769671989170207358_n-200x200.jpg 200w, https:\/\/graficolor.hu\/webshop\/wp-content\/uploads\/2016\/02\/12115850_316776871825830_1769671989170207358_n-100x100.jpg 100w\" sizes=\"(max-width: 200px) 100vw, 200px\" \/>\n\t\t\t<\/div><\/figure><figure class='gallery-item'>\n\t\t\t<div class='gallery-icon portrait'>\n\t\t\t\t<img width=\"200\" height=\"200\" src=\"https:\/\/graficolor.hu\/webshop\/wp-content\/uploads\/2016\/02\/12107197_316779608492223_8077489826183304514_n-200x200.jpg\" class=\"attachment-thumbnail size-thumbnail\" alt=\"F\u00e9nyk\u00e9pes aj\u00e1nd\u00e9kt\u00e1rgyak\" loading=\"lazy\" srcset=\"https:\/\/graficolor.hu\/webshop\/wp-content\/uploads\/2016\/02\/12107197_316779608492223_8077489826183304514_n-200x200.jpg 200w, https:\/\/graficolor.hu\/webshop\/wp-content\/uploads\/2016\/02\/12107197_316779608492223_8077489826183304514_n-100x100.jpg 100w\" sizes=\"(max-width: 200px) 100vw, 200px\" \/>\n\t\t\t<\/div><\/figure><figure class='gallery-item'>\n\t\t\t<div class='gallery-icon portrait'>\n\t\t\t\t<img width=\"200\" height=\"200\" src=\"https:\/\/graficolor.hu\/webshop\/wp-content\/uploads\/2016\/02\/12119164_316779338492250_5337189247180327969_n-200x200.jpg\" class=\"attachment-thumbnail size-thumbnail\" alt=\"F\u00e9nyk\u00e9pes aj\u00e1nd\u00e9kt\u00e1rgyak - f\u00e9nyk\u00e9pes fali\u00f3ra\" loading=\"lazy\" srcset=\"https:\/\/graficolor.hu\/webshop\/wp-content\/uploads\/2016\/02\/12119164_316779338492250_5337189247180327969_n-200x200.jpg 200w, https:\/\/graficolor.hu\/webshop\/wp-content\/uploads\/2016\/02\/12119164_316779338492250_5337189247180327969_n-100x100.jpg 100w\" sizes=\"(max-width: 200px) 100vw, 200px\" \/>\n\t\t\t<\/div><\/figure>\n\t\t<\/div>\n\n<p>&nbsp;<\/p>\n","protected":false},"excerpt":{"rendered":"<p>K\u00fcl\u00f6nleges alkalmakra, rendezv\u00e9nyekre, csal\u00e1dnak, bar\u00e1toknak, kis \u00e9s nagy t\u00e9telben is rendelhet\u0151 a teljess\u00e9g ig\u00e9nye n\u00e9lk\u00fcl b\u00f6gre, kulcstart\u00f3, p\u00e1rna, puzzle, eg\u00e9rpad, fali\u00f3ra, szem\u00fcvegt\u00f6rl\u0151, k\u00f6t\u00e9ny, italc\u00edmke \u00e9s m\u00e9g sok egy\u00e9b\u2026 Kateg\u00f3ri\u00e1k: Referenci\u00e1ink: Textil: Ker\u00e1mia: F\u00e9m: M\u0171anyag: &nbsp;<\/p>\n","protected":false},"author":1,"featured_media":0,"parent":0,"menu_order":0,"comment_status":"closed","ping_status":"closed","template":"","meta":[],"_links":{"self":[{"href":"https:\/\/graficolor.hu\/webshop\/wp-json\/wp\/v2\/pages\/1533"}],"collection":[{"href":"https:\/\/graficolor.hu\/webshop\/wp-json\/wp\/v2\/pages"}],"about":[{"href":"https:\/\/graficolor.hu\/webshop\/wp-json\/wp\/v2\/types\/page"}],"author":[{"embeddable":true,"href":"https:\/\/graficolor.hu\/webshop\/wp-json\/wp\/v2\/users\/1"}],"replies":[{"embeddable":true,"href":"https:\/\/graficolor.hu\/webshop\/wp-json\/wp\/v2\/comments?post=1533"}],"version-history":[{"count":0,"href":"https:\/\/graficolor.hu\/webshop\/wp-json\/wp\/v2\/pages\/1533\/revisions"}],"wp:attachment":[{"href":"https:\/\/graficolor.hu\/webshop\/wp-json\/wp\/v2\/media?parent=1533"}],"curies":[{"name":"wp","href":"https:\/\/api.w.org\/{rel}","templated":true}]}}