{"id":2293,"date":"2016-02-17T08:23:14","date_gmt":"2016-02-17T07:23:14","guid":{"rendered":"http:\/\/graficolor.hu\/webshop\/wishlist\/"},"modified":"2016-05-27T15:12:27","modified_gmt":"2016-05-27T13:12:27","slug":"wishlist","status":"publish","type":"page","link":"https:\/\/graficolor.hu\/webshop\/wishlist\/","title":{"rendered":"K\u00edv\u00e1ns\u00e1glist\u00e1m"},"content":{"rendered":"<div id=\"yith-wcwl-messages\"><\/div>\n\n\n\n<form id=\"yith-wcwl-form\" action=\"https:\/\/graficolor.hu\/webshop\/wishlist\/view\/\" method=\"post\" class=\"woocommerce\">\n\n    <input type=\"hidden\" id=\"yith_wcwl_form_nonce\" name=\"yith_wcwl_form_nonce\" value=\"9d6279052e\" \/><input type=\"hidden\" name=\"_wp_http_referer\" value=\"\/webshop\/wp-json\/wp\/v2\/pages\/2293\" \/>\n    <!-- TITLE -->\n    \n    <!-- WISHLIST TABLE -->\n\t<table class=\"shop_table cart wishlist_table\" data-pagination=\"no\" data-per-page=\"5\" data-page=\"1\" data-id=\"\" data-token=\"\">\n\n\t    \n        <thead>\n        <tr>\n\t        \n\t        \t\t        <th class=\"product-remove\"><\/th>\n\t        \n            <th class=\"product-thumbnail\"><\/th>\n\n            <th class=\"product-name\">\n                <span class=\"nobr\">Term\u00e9k neve<\/span>\n            <\/th>\n\n            \n            \n            \n                <th class=\"product-add-to-cart\"><\/th>\n\n                    <\/tr>\n        <\/thead>\n\n        <tbody>\n                    <tr>\n                <td colspan=\"4\" class=\"wishlist-empty\">Nincs m\u00e9g hozz\u00e1adva term\u00e9k<\/td>\n            <\/tr>\n                <\/tbody>\n\n        <tfoot>\n        <tr>\n\t        <td colspan=\"4\">\n\t            \n\t            \n\t\t        \t        <\/td>\n        <\/tr>\n        <\/tfoot>\n\n    <\/table>\n\n    <input type=\"hidden\" id=\"yith_wcwl_edit_wishlist\" name=\"yith_wcwl_edit_wishlist\" value=\"2957c93958\" \/><input type=\"hidden\" name=\"_wp_http_referer\" value=\"\/webshop\/wp-json\/wp\/v2\/pages\/2293\" \/>\n            <input type=\"hidden\" value=\"\" name=\"wishlist_id\" id=\"wishlist_id\">\n    \n    \n<\/form>\n\n\n\n","protected":false},"excerpt":{"rendered":"","protected":false},"author":1,"featured_media":0,"parent":0,"menu_order":0,"comment_status":"closed","ping_status":"closed","template":"","meta":[],"_links":{"self":[{"href":"https:\/\/graficolor.hu\/webshop\/wp-json\/wp\/v2\/pages\/2293"}],"collection":[{"href":"https:\/\/graficolor.hu\/webshop\/wp-json\/wp\/v2\/pages"}],"about":[{"href":"https:\/\/graficolor.hu\/webshop\/wp-json\/wp\/v2\/types\/page"}],"author":[{"embeddable":true,"href":"https:\/\/graficolor.hu\/webshop\/wp-json\/wp\/v2\/users\/1"}],"replies":[{"embeddable":true,"href":"https:\/\/graficolor.hu\/webshop\/wp-json\/wp\/v2\/comments?post=2293"}],"version-history":[{"count":0,"href":"https:\/\/graficolor.hu\/webshop\/wp-json\/wp\/v2\/pages\/2293\/revisions"}],"wp:attachment":[{"href":"https:\/\/graficolor.hu\/webshop\/wp-json\/wp\/v2\/media?parent=2293"}],"curies":[{"name":"wp","href":"https:\/\/api.w.org\/{rel}","templated":true}]}}