{"id":2436,"date":"2016-02-17T13:55:13","date_gmt":"2016-02-17T13:55:13","guid":{"rendered":"http:\/\/graficolor.hu\/webshop\/?page_id=2436"},"modified":"2016-04-29T08:39:57","modified_gmt":"2016-04-29T06:39:57","slug":"eskuvo","status":"publish","type":"page","link":"https:\/\/graficolor.hu\/webshop\/eskuvo\/","title":{"rendered":"Esk\u00fcv\u0151"},"content":{"rendered":"<div id=\"su_slider_69d8da969b950\" class=\"su-slider su-slider-centered su-slider-pages-yes su-slider-responsive-yes\" style=\"width:100%\" data-autoplay=\"3000\" data-speed=\"600\" data-mousewheel=\"true\"><div class=\"su-slider-slides\"><div class=\"su-slider-slide\"><a href=\"https:\/\/graficolor.hu\/webshop\/eskuvo\/meghivok-ulteto-es-vacsorakartyak-koszono-ajandekok\/\"  title=\"Esk\u00fcv\u0151i megh\u00edv\u00f3k, vacsora-, \u00e9s \u00fcltet\u0151k\u00e1rty\u00e1k\"><img src=\"https:\/\/graficolor.hu\/webshop\/wp-content\/uploads\/2016\/04\/IMG_0771-600x300.jpg\" alt=\"Esk\u00fcv\u0151i megh\u00edv\u00f3k, vacsora-, \u00e9s \u00fcltet\u0151k\u00e1rty\u00e1k\" \/><span class=\"su-slider-slide-title\">Esk\u00fcv\u0151i megh\u00edv\u00f3k, vacsora-, \u00e9s \u00fcltet\u0151k\u00e1rty\u00e1k<\/span><\/a><\/div><div class=\"su-slider-slide\"><a href=\"https:\/\/graficolor.hu\/webshop\/eskuvo\/leany-es-legenybucsu\/\"  title=\"Le\u00e1ny-, \u00e9s leg\u00e9nyb\u00facs\u00fa\"><img src=\"https:\/\/graficolor.hu\/webshop\/wp-content\/uploads\/2016\/02\/12096612_316772308492953_5961707998600795609_n-1-600x300.jpg\" alt=\"Le\u00e1ny-, \u00e9s leg\u00e9nyb\u00facs\u00fa\" \/><span class=\"su-slider-slide-title\">Le\u00e1ny-, \u00e9s leg\u00e9nyb\u00facs\u00fa<\/span><\/a><\/div><\/div><div class=\"su-slider-nav\"><div class=\"su-slider-direction\"><span class=\"su-slider-prev\"><\/span><span class=\"su-slider-next\"><\/span><\/div><div class=\"su-slider-pagination\"><\/div><\/div><\/div>\n","protected":false},"excerpt":{"rendered":"","protected":false},"author":1,"featured_media":0,"parent":0,"menu_order":0,"comment_status":"closed","ping_status":"closed","template":"","meta":[],"_links":{"self":[{"href":"https:\/\/graficolor.hu\/webshop\/wp-json\/wp\/v2\/pages\/2436"}],"collection":[{"href":"https:\/\/graficolor.hu\/webshop\/wp-json\/wp\/v2\/pages"}],"about":[{"href":"https:\/\/graficolor.hu\/webshop\/wp-json\/wp\/v2\/types\/page"}],"author":[{"embeddable":true,"href":"https:\/\/graficolor.hu\/webshop\/wp-json\/wp\/v2\/users\/1"}],"replies":[{"embeddable":true,"href":"https:\/\/graficolor.hu\/webshop\/wp-json\/wp\/v2\/comments?post=2436"}],"version-history":[{"count":0,"href":"https:\/\/graficolor.hu\/webshop\/wp-json\/wp\/v2\/pages\/2436\/revisions"}],"wp:attachment":[{"href":"https:\/\/graficolor.hu\/webshop\/wp-json\/wp\/v2\/media?parent=2436"}],"curies":[{"name":"wp","href":"https:\/\/api.w.org\/{rel}","templated":true}]}}