{"id":2523,"date":"2016-02-17T15:00:14","date_gmt":"2016-02-17T15:00:14","guid":{"rendered":"http:\/\/graficolor.hu\/webshop\/?page_id=2523"},"modified":"2023-06-28T14:50:57","modified_gmt":"2023-06-28T12:50:57","slug":"szallitasi-informaciok","status":"publish","type":"page","link":"https:\/\/graficolor.hu\/webshop\/szallitasi-informaciok\/","title":{"rendered":"Sz\u00e1ll\u00edt\u00e1si inform\u00e1ci\u00f3k"},"content":{"rendered":"<h2><img loading=\"lazy\" src=\"https:\/\/furgefutar.hu\/frontend\/images\/logo.png\" alt=\"\" width=\"190\" height=\"75\">Sz\u00e1ll\u00edt\u00e1s fut\u00e1rszolg\u00e1lattal<\/h2>\n<p>A megrendelt term\u00e9keinket a F\u00fcrgeFut\u00e1r fut\u00e1rszolg\u00e1lat sz\u00e1ll\u00edtja.<\/p>\n<p><strong>\u00c1rak (\u00e1tutal\u00e1sos, el\u0151re fizetett term\u00e9kek eset\u00e9n):&nbsp;<\/strong><\/p>\n<ul>\n<li>2550Ft<\/li>\n<\/ul>\n<h2>Szem\u00e9lyes \u00e1tv\u00e9tel<\/h2>\n<p>Lehet\u0151s\u00e9g van arra is, hogy szem\u00e9lyesen vegye \u00e1t a megrendelt term\u00e9ket \u00fczlet\u00fcnkben.<\/p>\n","protected":false},"excerpt":{"rendered":"<p>Sz\u00e1ll\u00edt\u00e1s fut\u00e1rszolg\u00e1lattal A megrendelt term\u00e9keinket a F\u00fcrgeFut\u00e1r fut\u00e1rszolg\u00e1lat sz\u00e1ll\u00edtja. \u00c1rak (\u00e1tutal\u00e1sos, el\u0151re fizetett term\u00e9kek eset\u00e9n):&nbsp; 2550Ft Szem\u00e9lyes \u00e1tv\u00e9tel Lehet\u0151s\u00e9g van arra is, hogy szem\u00e9lyesen vegye \u00e1t a megrendelt term\u00e9ket \u00fczlet\u00fcnkben.<\/p>\n","protected":false},"author":1,"featured_media":2524,"parent":0,"menu_order":0,"comment_status":"closed","ping_status":"closed","template":"","meta":[],"_links":{"self":[{"href":"https:\/\/graficolor.hu\/webshop\/wp-json\/wp\/v2\/pages\/2523"}],"collection":[{"href":"https:\/\/graficolor.hu\/webshop\/wp-json\/wp\/v2\/pages"}],"about":[{"href":"https:\/\/graficolor.hu\/webshop\/wp-json\/wp\/v2\/types\/page"}],"author":[{"embeddable":true,"href":"https:\/\/graficolor.hu\/webshop\/wp-json\/wp\/v2\/users\/1"}],"replies":[{"embeddable":true,"href":"https:\/\/graficolor.hu\/webshop\/wp-json\/wp\/v2\/comments?post=2523"}],"version-history":[{"count":10,"href":"https:\/\/graficolor.hu\/webshop\/wp-json\/wp\/v2\/pages\/2523\/revisions"}],"predecessor-version":[{"id":49825,"href":"https:\/\/graficolor.hu\/webshop\/wp-json\/wp\/v2\/pages\/2523\/revisions\/49825"}],"wp:featuredmedia":[{"embeddable":true,"href":"https:\/\/graficolor.hu\/webshop\/wp-json\/wp\/v2\/media\/2524"}],"wp:attachment":[{"href":"https:\/\/graficolor.hu\/webshop\/wp-json\/wp\/v2\/media?parent=2523"}],"curies":[{"name":"wp","href":"https:\/\/api.w.org\/{rel}","templated":true}]}}