{"id":3942,"date":"2016-03-29T09:05:23","date_gmt":"2016-03-29T07:05:23","guid":{"rendered":"http:\/\/graficolor.hu\/webshop\/?page_id=3942"},"modified":"2016-03-30T10:15:12","modified_gmt":"2016-03-30T08:15:12","slug":"hogyan-valasszak-belyegzot-2","status":"publish","type":"page","link":"https:\/\/graficolor.hu\/webshop\/hogyan-valasszak-belyegzot-2\/","title":{"rendered":"Hogyan v\u00e1lasszak b\u00e9lyegz\u0151t?"},"content":{"rendered":"<h2>Kedves V\u00e1s\u00e1rl\u00f3!<\/h2>\n<p>\u00d6nnek val\u00f3sz\u00edn\u0171leg b\u00e9lyegz\u0151re van sz\u00fcks\u00e9ge &#8211; hiszen ell\u00e1togatott \u00e1ruh\u00e1zunkba.<\/p>\n<p>Mivel a piacon nagyon sokf\u00e9le t\u00edpus\u00fa, m\u00e9ret\u0171, funkci\u00f3j\u00fa b\u00e9lyegz\u0151 van jelen, ez\u00e9rt szeretn\u00e9nk seg\u00edteni abban, hogy az \u00d6nnek legmegfelel\u0151bbet siker\u00fclj\u00f6n kiv\u00e1lasztani:<\/p>\n<div><\/div>\n<div>\n<h3><strong>&#8211; C\u00e9ges b\u00e9lyegz\u0151:<\/strong><\/h3>\n<a href=\"https:\/\/graficolor.hu\/webshop\/termekkategoria\/belyegzok\/colop-belyegzok\/szovegbelyegzok-printer-standard\/\" class=\"su-button su-button-style-3d\" style=\"color:#040404;background-color:#daf200;border-color:#aec200;border-radius:8px;-moz-border-radius:8px;-webkit-border-radius:8px\" target=\"_self\"><span style=\"color:#040404;padding:7px 22px;font-size:17px;line-height:26px;border-color:#e5f64d;border-radius:8px;-moz-border-radius:8px;-webkit-border-radius:8px;text-shadow:2px 2px 2px #989797;-moz-text-shadow:2px 2px 2px #989797;-webkit-text-shadow:2px 2px 2px #989797\"><i class=\"sui sui-shopping-cart\" style=\"font-size:17px;color:#0c0b0b\"><\/i> V\u00e1lasztok egyet!<\/span><\/a>\n<p>mely a c\u00e9g nev\u00e9t, c\u00edm\u00e9t, ad\u00f3sz\u00e1m\u00e1t, valamint a banksz\u00e1mlasz\u00e1m\u00e1t, c\u00e9gjegyz\u00e9ksz\u00e1mot, egy\u00e9b jel\u00f6l\u00e9st, c\u00e9glog\u00f3t tartalmazhat<\/p>\n<div><\/div>\n<div><\/div>\n<div><\/div>\n<h3><strong>&#8211; K\u00f6rb\u00e9lyegz\u0151:<\/strong><\/h3>\n<div><a href=\"https:\/\/graficolor.hu\/webshop\/termekkategoria\/belyegzok\/colop-belyegzok\/szovegbelyegzok-printer-kor\/\" class=\"su-button su-button-style-3d\" style=\"color:#040404;background-color:#daf200;border-color:#aec200;border-radius:8px;-moz-border-radius:8px;-webkit-border-radius:8px\" target=\"_self\"><span style=\"color:#040404;padding:7px 22px;font-size:17px;line-height:26px;border-color:#e5f64d;border-radius:8px;-moz-border-radius:8px;-webkit-border-radius:8px;text-shadow:2px 2px 2px #989797;-moz-text-shadow:2px 2px 2px #989797;-webkit-text-shadow:2px 2px 2px #989797\"><i class=\"sui sui-shopping-cart\" style=\"font-size:17px;color:#0c0b0b\"><\/i> V\u00e1lasztok egyet!<\/span><\/a><\/div>\n<div><\/div>\n<p>orvosoknak, \u00fcgyv\u00e9deknek, int\u00e9zm\u00e9nyeknek, szervezeteknek aj\u00e1nljuk, mely nevet, c\u00edmet, ad\u00f3sz\u00e1mot, esetlegesen log\u00f3t \u00e9s c\u00edmert is tartalmazhat<\/p>\n<div><\/div>\n<div><\/div>\n<h3><strong>&#8211; D\u00e1tumb\u00e9lyegz\u0151:<\/strong><\/h3>\n<div><a href=\"https:\/\/graficolor.hu\/webshop\/termekkategoria\/belyegzok\/colop-belyegzok\/datumbelyegzok\/\" class=\"su-button su-button-style-3d\" style=\"color:#040404;background-color:#daf200;border-color:#aec200;border-radius:8px;-moz-border-radius:8px;-webkit-border-radius:8px\" target=\"_self\"><span style=\"color:#040404;padding:7px 22px;font-size:17px;line-height:26px;border-color:#e5f64d;border-radius:8px;-moz-border-radius:8px;-webkit-border-radius:8px;text-shadow:2px 2px 2px #989797;-moz-text-shadow:2px 2px 2px #989797;-webkit-text-shadow:2px 2px 2px #989797\"><i class=\"sui sui-shopping-cart\" style=\"font-size:17px;color:#0c0b0b\"><\/i> Megn\u00e9zem a k\u00e9zi b\u00e9lyegz\u0151ket!<\/span><\/a><\/div>\n<div><\/div>\n<div><a href=\"https:\/\/graficolor.hu\/webshop\/termekkategoria\/belyegzok\/reiner-termekek\/datumbelyegzok-2\/\" class=\"su-button su-button-style-3d\" style=\"color:#040404;background-color:#daf200;border-color:#aec200;border-radius:8px;-moz-border-radius:8px;-webkit-border-radius:8px\" target=\"_self\"><span style=\"color:#040404;padding:7px 22px;font-size:17px;line-height:26px;border-color:#e5f64d;border-radius:8px;-moz-border-radius:8px;-webkit-border-radius:8px;text-shadow:2px 2px 2px #989797;-moz-text-shadow:2px 2px 2px #989797;-webkit-text-shadow:2px 2px 2px #989797\"><i class=\"sui sui-shopping-cart\" style=\"font-size:17px;color:#0c0b0b\"><\/i> Az elektromos \u00e9rdekel!<\/span><\/a><\/div>\n<p>sz\u00e1ml\u00e1k \u00e9s posta \u00e9rkeztet\u00e9s\u00e9re, egyszer\u0171 k\u00e9zi kivitelt\u0151l az automata f\u00e9mv\u00e1zas b\u00e9lyegz\u0151n \u00e1t az elektromos v\u00e1ltozatig<\/p>\n<div><\/div>\n<div><\/div>\n<div><\/div>\n<h3><strong>&#8211; Sorsz\u00e1moz\u00f3 b\u00e9lyegz\u0151:<\/strong><\/h3>\n<div><a href=\"https:\/\/graficolor.hu\/webshop\/termekkategoria\/belyegzok\/colop-belyegzok\/szambelyegzok\/\" class=\"su-button su-button-style-3d\" style=\"color:#040404;background-color:#daf200;border-color:#aec200;border-radius:8px;-moz-border-radius:8px;-webkit-border-radius:8px\" target=\"_self\"><span style=\"color:#040404;padding:7px 22px;font-size:17px;line-height:26px;border-color:#e5f64d;border-radius:8px;-moz-border-radius:8px;-webkit-border-radius:8px;text-shadow:2px 2px 2px #989797;-moz-text-shadow:2px 2px 2px #989797;-webkit-text-shadow:2px 2px 2px #989797\"><i class=\"sui sui-shopping-cart\" style=\"font-size:17px;color:#0c0b0b\"><\/i> Colop sorsz\u00e1moz\u00f3 b\u00e9lyegz\u0151t\u00a0v\u00e1lasztok!<\/span><\/a><\/div>\n<div><\/div>\n<div><\/div>\n<div><a href=\"https:\/\/graficolor.hu\/webshop\/termekkategoria\/belyegzok\/reiner-termekek\/sorszamozo-belyegzok\/\" class=\"su-button su-button-style-3d\" style=\"color:#040404;background-color:#daf200;border-color:#aec200;border-radius:8px;-moz-border-radius:8px;-webkit-border-radius:8px\" target=\"_self\"><span style=\"color:#040404;padding:7px 22px;font-size:17px;line-height:26px;border-color:#e5f64d;border-radius:8px;-moz-border-radius:8px;-webkit-border-radius:8px;text-shadow:2px 2px 2px #989797;-moz-text-shadow:2px 2px 2px #989797;-webkit-text-shadow:2px 2px 2px #989797\"><i class=\"sui sui-shopping-cart\" style=\"font-size:17px;color:#0c0b0b\"><\/i> Reiner sorsz\u00e1moz\u00f3 b\u00e9lyegz\u0151t v\u00e1lasztok!<\/span><\/a><\/div>\n<p>hagyom\u00e1nyos, \u00f6nfest\u00e9kez\u0151 \u00e9s elektromos sorsz\u00e1moz\u00f3k ipari felhaszn\u00e1l\u00e1sra is<\/p>\n<div><\/div>\n<\/div>\n","protected":false},"excerpt":{"rendered":"<p>Kedves V\u00e1s\u00e1rl\u00f3! \u00d6nnek val\u00f3sz\u00edn\u0171leg b\u00e9lyegz\u0151re van sz\u00fcks\u00e9ge &#8211; hiszen ell\u00e1togatott \u00e1ruh\u00e1zunkba. Mivel a piacon nagyon sokf\u00e9le t\u00edpus\u00fa, m\u00e9ret\u0171, funkci\u00f3j\u00fa b\u00e9lyegz\u0151 van jelen, ez\u00e9rt szeretn\u00e9nk seg\u00edteni abban, hogy az \u00d6nnek legmegfelel\u0151bbet siker\u00fclj\u00f6n kiv\u00e1lasztani: &#8211; C\u00e9ges b\u00e9lyegz\u0151: mely a c\u00e9g nev\u00e9t, c\u00edm\u00e9t, ad\u00f3sz\u00e1m\u00e1t, valamint a banksz\u00e1mlasz\u00e1m\u00e1t, c\u00e9gjegyz\u00e9ksz\u00e1mot, egy\u00e9b jel\u00f6l\u00e9st, c\u00e9glog\u00f3t tartalmazhat &#8211; K\u00f6rb\u00e9lyegz\u0151: orvosoknak, \u00fcgyv\u00e9deknek, int\u00e9zm\u00e9nyeknek, szervezeteknek [&hellip;]<\/p>\n","protected":false},"author":1,"featured_media":0,"parent":0,"menu_order":0,"comment_status":"closed","ping_status":"closed","template":"template-full-width.php","meta":[],"_links":{"self":[{"href":"https:\/\/graficolor.hu\/webshop\/wp-json\/wp\/v2\/pages\/3942"}],"collection":[{"href":"https:\/\/graficolor.hu\/webshop\/wp-json\/wp\/v2\/pages"}],"about":[{"href":"https:\/\/graficolor.hu\/webshop\/wp-json\/wp\/v2\/types\/page"}],"author":[{"embeddable":true,"href":"https:\/\/graficolor.hu\/webshop\/wp-json\/wp\/v2\/users\/1"}],"replies":[{"embeddable":true,"href":"https:\/\/graficolor.hu\/webshop\/wp-json\/wp\/v2\/comments?post=3942"}],"version-history":[{"count":0,"href":"https:\/\/graficolor.hu\/webshop\/wp-json\/wp\/v2\/pages\/3942\/revisions"}],"wp:attachment":[{"href":"https:\/\/graficolor.hu\/webshop\/wp-json\/wp\/v2\/media?parent=3942"}],"curies":[{"name":"wp","href":"https:\/\/api.w.org\/{rel}","templated":true}]}}