{"id":3947,"date":"2016-03-29T09:28:55","date_gmt":"2016-03-29T07:28:55","guid":{"rendered":"http:\/\/graficolor.hu\/webshop\/?page_id=3947"},"modified":"2022-01-05T12:08:52","modified_gmt":"2022-01-05T11:08:52","slug":"csomagajanlataink","status":"publish","type":"page","link":"https:\/\/graficolor.hu\/webshop\/csomagajanlataink\/","title":{"rendered":"Csomagaj\u00e1nlataink"},"content":{"rendered":"<p><img loading=\"lazy\" class=\"alignleft size-medium wp-image-3390\" src=\"https:\/\/graficolor.hu\/webshop\/wp-content\/uploads\/2016\/02\/mini-225x300.png\" alt=\"Start Mini b\u00e9lyegz\u0151csomag indul\u00f3 v\u00e1llalkoz\u00e1soknak\" width=\"225\" height=\"300\" srcset=\"https:\/\/graficolor.hu\/webshop\/wp-content\/uploads\/2016\/02\/mini-225x300.png 225w, https:\/\/graficolor.hu\/webshop\/wp-content\/uploads\/2016\/02\/mini.png 375w\" sizes=\"(max-width: 225px) 100vw, 225px\" \/><strong>1. Indul\u00f3 v\u00e1llalkoz\u00e1soknak &#8220;Start mini&#8221;<\/strong><br \/>\n&#8211; Printer 30 b\u00e9lyegz\u0151 (c\u00e9ges b\u00e9lyegz\u0151nek) br. 8.800 Ft<br \/>\n&#8211; Printer 20 b\u00e9lyegz\u0151 (k\u00f6nyvel\u0151 r\u00e9sz\u00e9re) br. 8.100 Ft<br \/>\n&#8211; 100 db sz\u00ednes egyoldalas n\u00e9vjegyk\u00e1rtya br. 4.500 Ft<\/p>\n<p>\u00d6sszesen: br. 21.400 Ft<\/p>\n<a href=\"https:\/\/graficolor.hu\/webshop\/termekkategoria\/csomagajanlataink\/?add-to-cart=2511\" class=\"su-button su-button-style-3d\" style=\"color:#040404;background-color:#daf200;border-color:#aec200;border-radius:10px;-moz-border-radius:10px;-webkit-border-radius:10px\" target=\"_self\"><span style=\"color:#040404;padding:8px 26px;font-size:20px;line-height:30px;border-color:#e5f64d;border-radius:10px;-moz-border-radius:10px;-webkit-border-radius:10px;text-shadow:2px 2px 2px #989797;-moz-text-shadow:2px 2px 2px #989797;-webkit-text-shadow:2px 2px 2px #989797\"><i class=\"sui sui-shopping-cart\" style=\"font-size:20px;color:#0c0b0b\"><\/i> Megveszem!<\/span><\/a>\n<p>A teljes csomag megrendel\u00e9se eset\u00e9n egy S120 Mini d\u00e1tum b\u00e9lyegz\u0151t k\u00fcld\u00fcnk \u00d6nnek aj\u00e1nd\u00e9kba!<\/p>\n<hr \/>\n<p><img loading=\"lazy\" class=\"alignleft size-medium wp-image-3391\" src=\"https:\/\/graficolor.hu\/webshop\/wp-content\/uploads\/2016\/02\/midi-225x300.png\" alt=\"Start Midi b\u00e9lyegz\u0151csomag - indul\u00f3 v\u00e1llalkoz\u00e1soknak\" width=\"225\" height=\"300\" srcset=\"https:\/\/graficolor.hu\/webshop\/wp-content\/uploads\/2016\/02\/midi-225x300.png 225w, https:\/\/graficolor.hu\/webshop\/wp-content\/uploads\/2016\/02\/midi.png 375w\" sizes=\"(max-width: 225px) 100vw, 225px\" \/> <strong>2. Indul\u00f3 v\u00e1llalkoz\u00e1soknak &#8220;Midi&#8221;<\/strong><br \/>\n&#8211; Printer 30 b\u00e9lyegz\u0151 (c\u00e9ges b\u00e9lyegz\u0151nek) br. 8.800 Ft<br \/>\n&#8211; Printer 20 b\u00e9lyegz\u0151 (k\u00f6nyvel\u0151 r\u00e9sz\u00e9re) br. 8.100 Ft<br \/>\n&#8211; 100 db sz\u00ednes egyoldalas n\u00e9vjegyk\u00e1rtya br. 4.500 Ft<br \/>\n&#8211; S120 Mini d\u00e1tumb\u00e9lyegz\u0151 br. 4.500 Ft<br \/>\n\u00d6sszesen: br. 25.900 Ft<\/p>\n<a href=\"https:\/\/graficolor.hu\/webshop\/termekkategoria\/csomagajanlataink\/?add-to-cart=2513\" class=\"su-button su-button-style-3d\" style=\"color:#040404;background-color:#daf200;border-color:#aec200;border-radius:10px;-moz-border-radius:10px;-webkit-border-radius:10px\" target=\"_self\"><span style=\"color:#040404;padding:8px 26px;font-size:20px;line-height:30px;border-color:#e5f64d;border-radius:10px;-moz-border-radius:10px;-webkit-border-radius:10px;text-shadow:2px 2px 2px #989797;-moz-text-shadow:2px 2px 2px #989797;-webkit-text-shadow:2px 2px 2px #989797\"><i class=\"sui sui-shopping-cart\" style=\"font-size:20px;color:#0c0b0b\"><\/i> Megveszem!<\/span><\/a>\n<p>A teljes csomag megrendel\u00e9se eset\u00e9n egy Pocket Stamp Plus 20 zsebb\u00e9lyegz\u0151t k\u00fcld\u00fcnk \u00d6nnek aj\u00e1nd\u00e9kba!<\/p>\n<hr \/>\n<p><img loading=\"lazy\" class=\"alignleft size-medium wp-image-3392\" src=\"https:\/\/graficolor.hu\/webshop\/wp-content\/uploads\/2016\/02\/pr\u00e9mium-225x300.png\" alt=\"Pr\u00e9mium b\u00e9lyegz\u0151csomag v\u00e1llalkoz\u00e1soknak\" width=\"225\" height=\"300\" srcset=\"https:\/\/graficolor.hu\/webshop\/wp-content\/uploads\/2016\/02\/pr\u00e9mium-225x300.png 225w, https:\/\/graficolor.hu\/webshop\/wp-content\/uploads\/2016\/02\/pr\u00e9mium.png 375w\" sizes=\"(max-width: 225px) 100vw, 225px\" \/> <strong>3. Pr\u00e9mium csomag<\/strong><br \/>\n&#8211; Printer R30 k\u00f6rb\u00e9lyegz\u0151 br. 9.500 Ft<br \/>\n&#8211; Printer 30 b\u00e9lyegz\u0151 (c\u00e9ges b\u00e9lyegz\u0151nek) br. 8.800 Ft<br \/>\n&#8211; Printer 20 b\u00e9lyegz\u0151 (k\u00f6nyvel\u0151 r\u00e9sz\u00e9re) br. 8.100 Ft<br \/>\n&#8211; Pocket Stamp Plus 20 zsebb\u00e9lyegz\u0151 br. 7.650 Ft<br \/>\n&#8211; 100 db sz\u00ednes egyoldalas n\u00e9vjegyk\u00e1rtya br. 4.500 Ft<br \/>\n&#8211; S120 Mini d\u00e1tumb\u00e9lyegz\u0151 br. 4.500 Ft<br \/>\n\u00d6sszesen: br. 43.050 Ft<\/p>\n<a href=\"https:\/\/graficolor.hu\/webshop\/termekkategoria\/csomagajanlataink\/?add-to-cart=2514\" class=\"su-button su-button-style-3d\" style=\"color:#040404;background-color:#daf200;border-color:#aec200;border-radius:10px;-moz-border-radius:10px;-webkit-border-radius:10px\" target=\"_self\"><span style=\"color:#040404;padding:8px 26px;font-size:20px;line-height:30px;border-color:#e5f64d;border-radius:10px;-moz-border-radius:10px;-webkit-border-radius:10px;text-shadow:2px 2px 2px #989797;-moz-text-shadow:2px 2px 2px #989797;-webkit-text-shadow:2px 2px 2px #989797\"><i class=\"sui sui-shopping-cart\" style=\"font-size:20px;color:#0c0b0b\"><\/i> Megveszem!<\/span><\/a>\n<p>A teljes csomag megrendel\u00e9se eset\u00e9n egy 15*20 cm-es grav\u00edrozott c\u00e9gt\u00e1bl\u00e1t k\u00fcld\u00fcnk \u00d6nnek aj\u00e1nd\u00e9kba!<\/p>\n","protected":false},"excerpt":{"rendered":"<p>1. Indul\u00f3 v\u00e1llalkoz\u00e1soknak &#8220;Start mini&#8221; &#8211; Printer 30 b\u00e9lyegz\u0151 (c\u00e9ges b\u00e9lyegz\u0151nek) br. 8.800 Ft &#8211; Printer 20 b\u00e9lyegz\u0151 (k\u00f6nyvel\u0151 r\u00e9sz\u00e9re) br. 8.100 Ft &#8211; 100 db sz\u00ednes egyoldalas n\u00e9vjegyk\u00e1rtya br. 4.500 Ft \u00d6sszesen: br. 21.400 Ft A teljes csomag megrendel\u00e9se eset\u00e9n egy S120 Mini d\u00e1tum b\u00e9lyegz\u0151t k\u00fcld\u00fcnk \u00d6nnek aj\u00e1nd\u00e9kba! 2. Indul\u00f3 v\u00e1llalkoz\u00e1soknak &#8220;Midi&#8221; &#8211; Printer [&hellip;]<\/p>\n","protected":false},"author":1,"featured_media":0,"parent":0,"menu_order":0,"comment_status":"closed","ping_status":"closed","template":"template-full-width.php","meta":[],"_links":{"self":[{"href":"https:\/\/graficolor.hu\/webshop\/wp-json\/wp\/v2\/pages\/3947"}],"collection":[{"href":"https:\/\/graficolor.hu\/webshop\/wp-json\/wp\/v2\/pages"}],"about":[{"href":"https:\/\/graficolor.hu\/webshop\/wp-json\/wp\/v2\/types\/page"}],"author":[{"embeddable":true,"href":"https:\/\/graficolor.hu\/webshop\/wp-json\/wp\/v2\/users\/1"}],"replies":[{"embeddable":true,"href":"https:\/\/graficolor.hu\/webshop\/wp-json\/wp\/v2\/comments?post=3947"}],"version-history":[{"count":1,"href":"https:\/\/graficolor.hu\/webshop\/wp-json\/wp\/v2\/pages\/3947\/revisions"}],"predecessor-version":[{"id":49148,"href":"https:\/\/graficolor.hu\/webshop\/wp-json\/wp\/v2\/pages\/3947\/revisions\/49148"}],"wp:attachment":[{"href":"https:\/\/graficolor.hu\/webshop\/wp-json\/wp\/v2\/media?parent=3947"}],"curies":[{"name":"wp","href":"https:\/\/api.w.org\/{rel}","templated":true}]}}