{"id":1007,"date":"2015-11-24T05:30:11","date_gmt":"2015-11-24T05:30:11","guid":{"rendered":"http:\/\/graficolor.hu\/webshop\/termek\/n-70-motivacios\/"},"modified":"2025-01-15T14:24:32","modified_gmt":"2025-01-15T13:24:32","slug":"n-70-motivacios","status":"publish","type":"product","link":"https:\/\/graficolor.hu\/webshop\/termek\/n-70-motivacios\/","title":{"rendered":"N 70 Motiv\u00e1ci\u00f3s"},"content":{"rendered":"<p>Ez a 3 az egyben b\u00e9lyegz\u0151 t\u00f6k\u00e9letes motiv\u00e1ci\u00f3s eszk\u00f6z di\u00e1kok \u00e9rt\u00e9kel\u00e9s\u00e9hez. A b\u00e9lyegz\u0151bet\u00e9t cser\u00e9lhet\u0151, miut\u00e1n b\u00e9lyegzett vele csak ford\u00edtani kell egyet \u00e9s m\u00e1r haszn\u00e1lhatja is a k\u00f6vetkez\u0151 lenyomatot.<\/p>\n<p>K\u00e9sz sz\u00f6veg:<\/p>\n<p>A-Sokat fejl\u0151dt\u00e9l!, Kiv\u00e1l\u00f3 munka!, Gyakorolj t\u00f6bbet!<\/p>\n<p>B-Csak \u00edgy tov\u00e1bb!, Sz\u00e9pen dolgozt\u00e1l!, Hi\u00e1nyos munka!<\/p>\n<p>C-Gratul\u00e1lok!, Sz\u00e9p h\u00e1zi feladat!, Legy\u00e9l alaposabb!<\/p>\n<p>D-\u00dcgyesen dolgozt\u00e1l!, Kiv\u00e1l\u00f3 teljes\u00edtm\u00e9ny!, Nem k\u00e9sz\u00fclt\u00e9l!<\/p>\n<p>Mintalenyomat: 42*13 mm<\/p>\n","protected":false},"excerpt":{"rendered":"<p>Ez a 3 az egyben b\u00e9lyegz\u0151 t\u00f6k\u00e9letes motiv\u00e1ci\u00f3s eszk\u00f6z di\u00e1kok \u00e9rt\u00e9kel\u00e9s\u00e9hez. A b\u00e9lyegz\u0151bet\u00e9t cser\u00e9lhet\u0151, miut\u00e1n b\u00e9lyegzett vele csak ford\u00edtani kell egyet \u00e9s m\u00e1r haszn\u00e1lhatja is a k\u00f6vetkez\u0151 lenyomatot.<\/p>\n","protected":false},"featured_media":5287,"comment_status":"closed","ping_status":"closed","template":"","meta":[],"_links":{"self":[{"href":"https:\/\/graficolor.hu\/webshop\/wp-json\/wp\/v2\/product\/1007"}],"collection":[{"href":"https:\/\/graficolor.hu\/webshop\/wp-json\/wp\/v2\/product"}],"about":[{"href":"https:\/\/graficolor.hu\/webshop\/wp-json\/wp\/v2\/types\/product"}],"replies":[{"embeddable":true,"href":"https:\/\/graficolor.hu\/webshop\/wp-json\/wp\/v2\/comments?post=1007"}],"version-history":[{"count":1,"href":"https:\/\/graficolor.hu\/webshop\/wp-json\/wp\/v2\/product\/1007\/revisions"}],"predecessor-version":[{"id":49565,"href":"https:\/\/graficolor.hu\/webshop\/wp-json\/wp\/v2\/product\/1007\/revisions\/49565"}],"wp:featuredmedia":[{"embeddable":true,"href":"https:\/\/graficolor.hu\/webshop\/wp-json\/wp\/v2\/media\/5287"}],"wp:attachment":[{"href":"https:\/\/graficolor.hu\/webshop\/wp-json\/wp\/v2\/media?parent=1007"}],"curies":[{"name":"wp","href":"https:\/\/api.w.org\/{rel}","templated":true}]}}