{"id":1008,"date":"2015-11-24T05:30:11","date_gmt":"2015-11-24T04:30:11","guid":{"rendered":"http:\/\/graficolor.hu\/webshop\/termek\/feher-bogre\/"},"modified":"2025-02-03T11:13:26","modified_gmt":"2025-02-03T10:13:26","slug":"feher-bogre","status":"publish","type":"product","link":"https:\/\/graficolor.hu\/webshop\/termek\/feher-bogre\/","title":{"rendered":"Feh\u00e9r f\u00e9nyk\u00e9pes b\u00f6gre"},"content":{"rendered":"<p>Az egyedi f\u00e9nyk\u00e9pes b\u00f6gre az egyik legn\u00e9pszer\u0171bb aj\u00e1nd\u00e9kt\u00e1rgy v\u00e1s\u00e1rl\u00f3ink k\u00f6r\u00e9ben. Sz\u00fclet\u00e9snapra, kar\u00e1csonyra \u00e9s \u00e9vfordul\u00f3ra szint\u00e9n t\u00f6k\u00e9letes aj\u00e1nd\u00e9k. A 3 dl-es feh\u00e9r b\u00f6gre felirattal \u00e9s fot\u00f3val egyar\u00e1nt rendelhet\u0151. Mosogat\u00f3g\u00e9pben \u00e9s mikr\u00f3ban is haszn\u00e1lhat\u00f3. <strong>A rendel\u00e9st meger\u0151s\u00edt\u0151 e-mailre k\u00e9rj\u00fck, k\u00fcldje el v\u00e1laszlev\u00e9lben a k\u00edv\u00e1nt k\u00e9pet \u00e9s\/vagy sz\u00f6veget.<\/strong><\/p>\n","protected":false},"excerpt":{"rendered":"<p>Az egyedi f\u00e9nyk\u00e9pes b\u00f6gre az egyik legn\u00e9pszer\u0171bb aj\u00e1nd\u00e9kt\u00e1rgy v\u00e1s\u00e1rl\u00f3ink k\u00f6r\u00e9ben. Sz\u00fclet\u00e9snapra, kar\u00e1csonyra \u00e9s \u00e9vfordul\u00f3ra szint\u00e9n t\u00f6k\u00e9letes aj\u00e1nd\u00e9k. A 3 dl-es feh\u00e9r b\u00f6gre felirattal \u00e9s fot\u00f3val egyar\u00e1nt rendelhet\u0151. Mosogat\u00f3g\u00e9pben \u00e9s mikr\u00f3ban is haszn\u00e1lhat\u00f3. <strong>A rendel\u00e9st meger\u0151s\u00edt\u0151 e-mailre k\u00e9rj\u00fck, k\u00fcldje el v\u00e1laszlev\u00e9lben a k\u00edv\u00e1nt k\u00e9pet \u00e9s\/vagy sz\u00f6veget.<\/strong><\/p>\n","protected":false},"featured_media":34378,"comment_status":"closed","ping_status":"closed","template":"","meta":[],"_links":{"self":[{"href":"https:\/\/graficolor.hu\/webshop\/wp-json\/wp\/v2\/product\/1008"}],"collection":[{"href":"https:\/\/graficolor.hu\/webshop\/wp-json\/wp\/v2\/product"}],"about":[{"href":"https:\/\/graficolor.hu\/webshop\/wp-json\/wp\/v2\/types\/product"}],"replies":[{"embeddable":true,"href":"https:\/\/graficolor.hu\/webshop\/wp-json\/wp\/v2\/comments?post=1008"}],"version-history":[{"count":1,"href":"https:\/\/graficolor.hu\/webshop\/wp-json\/wp\/v2\/product\/1008\/revisions"}],"predecessor-version":[{"id":49869,"href":"https:\/\/graficolor.hu\/webshop\/wp-json\/wp\/v2\/product\/1008\/revisions\/49869"}],"wp:featuredmedia":[{"embeddable":true,"href":"https:\/\/graficolor.hu\/webshop\/wp-json\/wp\/v2\/media\/34378"}],"wp:attachment":[{"href":"https:\/\/graficolor.hu\/webshop\/wp-json\/wp\/v2\/media?parent=1008"}],"curies":[{"name":"wp","href":"https:\/\/api.w.org\/{rel}","templated":true}]}}