{"id":1012,"date":"2015-11-24T05:30:11","date_gmt":"2015-11-24T05:30:11","guid":{"rendered":"http:\/\/graficolor.hu\/webshop\/termek\/paros-bogre-sziv-alaku-fullel\/"},"modified":"2024-01-15T12:45:11","modified_gmt":"2024-01-15T11:45:11","slug":"paros-bogre-sziv-alaku-fullel","status":"publish","type":"product","link":"https:\/\/graficolor.hu\/webshop\/termek\/paros-bogre-sziv-alaku-fullel\/","title":{"rendered":"P\u00e1ros b\u00f6gre sz\u00edv alak\u00fa f\u00fcllel"},"content":{"rendered":"<p>H\u00e1zass\u00e1gi \u00e9vfordul\u00f3, Valentin-nap, esk\u00fcv\u0151 vagy &#8220;csak&#8221; a szerelmeteket szeretn\u00e9d meg\u00fcnnepelni? A t\u00f6k\u00e9letes aj\u00e1nd\u00e9k a k\u00e9pen l\u00e1that\u00f3 p\u00e1ros b\u00f6gr\u00e9nk. A b\u00f6gr\u00e9k mosogat\u00f3g\u00e9pben, mikr\u00f3ban is haszn\u00e1lhat\u00f3k! <strong>A rendel\u00e9st meger\u0151s\u00edt\u0151 e-mailre k\u00e9rj\u00fck, k\u00fcldje el v\u00e1laszlev\u00e9lben a k\u00edv\u00e1nt k\u00e9pet \u00e9s\/vagy sz\u00f6veget.<\/strong><\/p>\n","protected":false},"excerpt":{"rendered":"<p>H\u00e1zass\u00e1gi \u00e9vfordul\u00f3, Valentin-nap, esk\u00fcv\u0151 vagy &#8220;csak&#8221; a szerelmeteket szeretn\u00e9d meg\u00fcnnepelni? A t\u00f6k\u00e9letes aj\u00e1nd\u00e9k a k\u00e9pen l\u00e1that\u00f3 p\u00e1ros b\u00f6gr\u00e9nk. A b\u00f6gr\u00e9k mosogat\u00f3g\u00e9pben, mikr\u00f3ban is haszn\u00e1lhat\u00f3k! <strong>A rendel\u00e9st meger\u0151s\u00edt\u0151 e-mailre k\u00e9rj\u00fck, k\u00fcldje el v\u00e1laszlev\u00e9lben a k\u00edv\u00e1nt k\u00e9pet \u00e9s\/vagy sz\u00f6veget.<\/strong><\/p>\n","protected":false},"featured_media":48544,"comment_status":"closed","ping_status":"closed","template":"","meta":[],"_links":{"self":[{"href":"https:\/\/graficolor.hu\/webshop\/wp-json\/wp\/v2\/product\/1012"}],"collection":[{"href":"https:\/\/graficolor.hu\/webshop\/wp-json\/wp\/v2\/product"}],"about":[{"href":"https:\/\/graficolor.hu\/webshop\/wp-json\/wp\/v2\/types\/product"}],"replies":[{"embeddable":true,"href":"https:\/\/graficolor.hu\/webshop\/wp-json\/wp\/v2\/comments?post=1012"}],"version-history":[{"count":1,"href":"https:\/\/graficolor.hu\/webshop\/wp-json\/wp\/v2\/product\/1012\/revisions"}],"predecessor-version":[{"id":49874,"href":"https:\/\/graficolor.hu\/webshop\/wp-json\/wp\/v2\/product\/1012\/revisions\/49874"}],"wp:featuredmedia":[{"embeddable":true,"href":"https:\/\/graficolor.hu\/webshop\/wp-json\/wp\/v2\/media\/48544"}],"wp:attachment":[{"href":"https:\/\/graficolor.hu\/webshop\/wp-json\/wp\/v2\/media?parent=1012"}],"curies":[{"name":"wp","href":"https:\/\/api.w.org\/{rel}","templated":true}]}}