{"id":1029,"date":"2015-11-24T05:30:13","date_gmt":"2015-11-24T05:30:13","guid":{"rendered":"http:\/\/graficolor.hu\/webshop\/termek\/fenykepes-hogomb-csillamos\/"},"modified":"2022-09-02T11:35:04","modified_gmt":"2022-09-02T09:35:04","slug":"fenykepes-hogomb-csillamos","status":"publish","type":"product","link":"https:\/\/graficolor.hu\/webshop\/termek\/fenykepes-hogomb-csillamos\/","title":{"rendered":"F\u00e9nyk\u00e9pes h\u00f3g\u00f6mb-csill\u00e1mos"},"content":{"rendered":"<p>A f\u00e9nyk\u00e9pes h\u00f3g\u00f6mb egyed\u00fcl\u00e1ll\u00f3 aj\u00e1nd\u00e9k b\u00e1rki sz\u00e1m\u00e1ra, aki szereti az apr\u00f3 szuven\u00edreket.M\u00e9rete: 65*62 mm <strong>A rendel\u00e9st meger\u0151s\u00edt\u0151 e-mailre k\u00e9rj\u00fck, k\u00fcldje el v\u00e1laszlev\u00e9lben a k\u00edv\u00e1nt k\u00e9pet \u00e9s\/vagy sz\u00f6veget.<\/strong><\/p>\n","protected":false},"excerpt":{"rendered":"<p>A f\u00e9nyk\u00e9pes h\u00f3g\u00f6mb egyed\u00fcl\u00e1ll\u00f3 aj\u00e1nd\u00e9k b\u00e1rki sz\u00e1m\u00e1ra, aki szereti az apr\u00f3 szuven\u00edreket.M\u00e9rete: 65*62 mm <strong>A rendel\u00e9st meger\u0151s\u00edt\u0151 e-mailre k\u00e9rj\u00fck, k\u00fcldje el v\u00e1laszlev\u00e9lben a k\u00edv\u00e1nt k\u00e9pet \u00e9s\/vagy sz\u00f6veget.<\/strong><\/p>\n","protected":false},"featured_media":34365,"comment_status":"closed","ping_status":"closed","template":"","meta":[],"_links":{"self":[{"href":"https:\/\/graficolor.hu\/webshop\/wp-json\/wp\/v2\/product\/1029"}],"collection":[{"href":"https:\/\/graficolor.hu\/webshop\/wp-json\/wp\/v2\/product"}],"about":[{"href":"https:\/\/graficolor.hu\/webshop\/wp-json\/wp\/v2\/types\/product"}],"replies":[{"embeddable":true,"href":"https:\/\/graficolor.hu\/webshop\/wp-json\/wp\/v2\/comments?post=1029"}],"version-history":[{"count":1,"href":"https:\/\/graficolor.hu\/webshop\/wp-json\/wp\/v2\/product\/1029\/revisions"}],"predecessor-version":[{"id":49509,"href":"https:\/\/graficolor.hu\/webshop\/wp-json\/wp\/v2\/product\/1029\/revisions\/49509"}],"wp:featuredmedia":[{"embeddable":true,"href":"https:\/\/graficolor.hu\/webshop\/wp-json\/wp\/v2\/media\/34365"}],"wp:attachment":[{"href":"https:\/\/graficolor.hu\/webshop\/wp-json\/wp\/v2\/media?parent=1029"}],"curies":[{"name":"wp","href":"https:\/\/api.w.org\/{rel}","templated":true}]}}