{"id":1041,"date":"2015-11-24T05:30:13","date_gmt":"2015-11-24T05:30:13","guid":{"rendered":"http:\/\/graficolor.hu\/webshop\/termek\/pluss-maci-fenykepes-poloban-hardy\/"},"modified":"2024-01-15T12:42:43","modified_gmt":"2024-01-15T11:42:43","slug":"pluss-maci-fenykepes-poloban-hardy","status":"publish","type":"product","link":"https:\/\/graficolor.hu\/webshop\/termek\/pluss-maci-fenykepes-poloban-hardy\/","title":{"rendered":"Pl\u00fcss maci f\u00e9nyk\u00e9pes p\u00f3l\u00f3ban-Hardy"},"content":{"rendered":"<p>Babal\u00e1togat\u00f3ba, Valentin-napra, \u00e9vfordul\u00f3ra vagy csak egy j\u00f3bar\u00e1tnak t\u00f6k\u00e9letes aj\u00e1nd\u00e9k minden alkalomra.Magass\u00e1ga: 20 cm <strong>A rendel\u00e9st meger\u0151s\u00edt\u0151 e-mailre k\u00e9rj\u00fck, k\u00fcldje el v\u00e1laszlev\u00e9lben a k\u00edv\u00e1nt k\u00e9pet \u00e9s\/vagy sz\u00f6veget.<\/strong><\/p>\n","protected":false},"excerpt":{"rendered":"<p>Babal\u00e1togat\u00f3ba, Valentin-napra, \u00e9vfordul\u00f3ra vagy csak egy j\u00f3bar\u00e1tnak t\u00f6k\u00e9letes aj\u00e1nd\u00e9k minden alkalomra.Magass\u00e1ga: 20 cm <strong>A rendel\u00e9st meger\u0151s\u00edt\u0151 e-mailre k\u00e9rj\u00fck, k\u00fcldje el v\u00e1laszlev\u00e9lben a k\u00edv\u00e1nt k\u00e9pet \u00e9s\/vagy sz\u00f6veget.<\/strong><\/p>\n","protected":false},"featured_media":34377,"comment_status":"closed","ping_status":"closed","template":"","meta":[],"_links":{"self":[{"href":"https:\/\/graficolor.hu\/webshop\/wp-json\/wp\/v2\/product\/1041"}],"collection":[{"href":"https:\/\/graficolor.hu\/webshop\/wp-json\/wp\/v2\/product"}],"about":[{"href":"https:\/\/graficolor.hu\/webshop\/wp-json\/wp\/v2\/types\/product"}],"replies":[{"embeddable":true,"href":"https:\/\/graficolor.hu\/webshop\/wp-json\/wp\/v2\/comments?post=1041"}],"version-history":[{"count":1,"href":"https:\/\/graficolor.hu\/webshop\/wp-json\/wp\/v2\/product\/1041\/revisions"}],"predecessor-version":[{"id":49477,"href":"https:\/\/graficolor.hu\/webshop\/wp-json\/wp\/v2\/product\/1041\/revisions\/49477"}],"wp:featuredmedia":[{"embeddable":true,"href":"https:\/\/graficolor.hu\/webshop\/wp-json\/wp\/v2\/media\/34377"}],"wp:attachment":[{"href":"https:\/\/graficolor.hu\/webshop\/wp-json\/wp\/v2\/media?parent=1041"}],"curies":[{"name":"wp","href":"https:\/\/api.w.org\/{rel}","templated":true}]}}