{"id":1116,"date":"2015-11-24T05:30:20","date_gmt":"2015-11-24T05:30:20","guid":{"rendered":"http:\/\/graficolor.hu\/webshop\/termek\/s-120wd\/"},"modified":"2025-01-15T14:18:57","modified_gmt":"2025-01-15T13:18:57","slug":"s-120wd","status":"publish","type":"product","link":"https:\/\/graficolor.hu\/webshop\/termek\/s-120wd\/","title":{"rendered":"S 120\/WD"},"content":{"rendered":"<p>A legkisebb d\u00e1tumb\u00e9lyegz\u0151 az \u00f6nfest\u00e9kez\u0151k csal\u00e1dj\u00e1ban, mely 12 irodai kifejez\u00e9st tartalmaz \u00e9s \u00e9vszalaga 12 \u00e9vig haszn\u00e1lhat\u00f3.<\/p>\n<p>K\u00e9sz sz\u00f6veg: \u00c1TUTALVA, \u00c1TV\u00c9VE, BEV\u00c9TELEZVE, ELINT\u00c9ZVE, ELLEN\u0150RIZVE, \u00c9RKEZETT, FIZETVE, IKTATVA, KIADVA, K\u00d6NYVELVE, MEGRENDELVE, SZ\u00c1ML\u00c1ZVA<\/p>\n<p>Cserep\u00e1rna sz\u00edne: piros-k\u00e9k<\/p>\n","protected":false},"excerpt":{"rendered":"<p>A legkisebb d\u00e1tumb\u00e9lyegz\u0151 az \u00f6nfest\u00e9kez\u0151k csal\u00e1dj\u00e1ban, mely 12 irodai kifejez\u00e9st tartalmaz \u00e9s \u00e9vszalaga 12 \u00e9vig haszn\u00e1lhat\u00f3.<\/p>\n<p>&nbsp;<\/p>\n","protected":false},"featured_media":4089,"comment_status":"closed","ping_status":"closed","template":"","meta":[],"_links":{"self":[{"href":"https:\/\/graficolor.hu\/webshop\/wp-json\/wp\/v2\/product\/1116"}],"collection":[{"href":"https:\/\/graficolor.hu\/webshop\/wp-json\/wp\/v2\/product"}],"about":[{"href":"https:\/\/graficolor.hu\/webshop\/wp-json\/wp\/v2\/types\/product"}],"replies":[{"embeddable":true,"href":"https:\/\/graficolor.hu\/webshop\/wp-json\/wp\/v2\/comments?post=1116"}],"version-history":[{"count":1,"href":"https:\/\/graficolor.hu\/webshop\/wp-json\/wp\/v2\/product\/1116\/revisions"}],"predecessor-version":[{"id":49559,"href":"https:\/\/graficolor.hu\/webshop\/wp-json\/wp\/v2\/product\/1116\/revisions\/49559"}],"wp:featuredmedia":[{"embeddable":true,"href":"https:\/\/graficolor.hu\/webshop\/wp-json\/wp\/v2\/media\/4089"}],"wp:attachment":[{"href":"https:\/\/graficolor.hu\/webshop\/wp-json\/wp\/v2\/media?parent=1116"}],"curies":[{"name":"wp","href":"https:\/\/api.w.org\/{rel}","templated":true}]}}