{"id":1117,"date":"2015-11-24T05:30:20","date_gmt":"2015-11-24T05:30:20","guid":{"rendered":"http:\/\/graficolor.hu\/webshop\/termek\/s-160l\/"},"modified":"2025-01-15T14:19:30","modified_gmt":"2025-01-15T13:19:30","slug":"s-160l","status":"publish","type":"product","link":"https:\/\/graficolor.hu\/webshop\/termek\/s-160l\/","title":{"rendered":"S 160\/L"},"content":{"rendered":"<p>Haszn\u00e1latra azonnal k\u00e9sz fix szavas b\u00e9lyegz\u0151 a leggyakoribb szavakkal, melyek a d\u00e1tum f\u00f6l\u00f6tt helyezkednek el.<\/p>\n<p>K\u00e9sz sz\u00f6veg: FIZETVE, \u00c9RKEZETT, KIADVA<\/p>\n<p>Cserep\u00e1rna sz\u00edne: piros-k\u00e9k<\/p>\n","protected":false},"excerpt":{"rendered":"<p>Haszn\u00e1latra azonnal k\u00e9sz fix szavas b\u00e9lyegz\u0151 a leggyakoribb szavakkal, melyek a d\u00e1tum f\u00f6l\u00f6tt helyezkednek el. K\u00e9sz sz\u00f6veg: FIZETVE, \u00c9RKEZETT, KIADVA Cserep\u00e1rna sz\u00edne: piros-k\u00e9k<\/p>\n","protected":false},"featured_media":4097,"comment_status":"closed","ping_status":"closed","template":"","meta":[],"_links":{"self":[{"href":"https:\/\/graficolor.hu\/webshop\/wp-json\/wp\/v2\/product\/1117"}],"collection":[{"href":"https:\/\/graficolor.hu\/webshop\/wp-json\/wp\/v2\/product"}],"about":[{"href":"https:\/\/graficolor.hu\/webshop\/wp-json\/wp\/v2\/types\/product"}],"replies":[{"embeddable":true,"href":"https:\/\/graficolor.hu\/webshop\/wp-json\/wp\/v2\/comments?post=1117"}],"version-history":[{"count":1,"href":"https:\/\/graficolor.hu\/webshop\/wp-json\/wp\/v2\/product\/1117\/revisions"}],"predecessor-version":[{"id":49560,"href":"https:\/\/graficolor.hu\/webshop\/wp-json\/wp\/v2\/product\/1117\/revisions\/49560"}],"wp:featuredmedia":[{"embeddable":true,"href":"https:\/\/graficolor.hu\/webshop\/wp-json\/wp\/v2\/media\/4097"}],"wp:attachment":[{"href":"https:\/\/graficolor.hu\/webshop\/wp-json\/wp\/v2\/media?parent=1117"}],"curies":[{"name":"wp","href":"https:\/\/api.w.org\/{rel}","templated":true}]}}