{"id":1125,"date":"2015-11-24T05:30:22","date_gmt":"2015-11-24T05:30:22","guid":{"rendered":"http:\/\/graficolor.hu\/webshop\/termek\/classic-2300\/"},"modified":"2025-01-15T14:12:51","modified_gmt":"2025-01-15T13:12:51","slug":"classic-2300","status":"publish","type":"product","link":"https:\/\/graficolor.hu\/webshop\/termek\/classic-2300\/","title":{"rendered":"Classic 2300"},"content":{"rendered":"<p><strong>A rendel\u00e9st meger\u0151s\u00edt\u0151 e-mailre k\u00e9rj\u00fck,k\u00fcldje el v\u00e1laszlev\u00e9lben a k\u00edv\u00e1nt lenyomat sz\u00f6veg\u00e9t, log\u00f3j\u00e1t.<\/strong><br \/>\nKlasszikus, n\u00e9gysz\u00f6gletes lenyomat\u00fa f\u00e9mb\u00e9lyegz\u0151, melynek ar\u00e1nyai log\u00f3hoz is kiv\u00e1l\u00f3an alkalmasak. Cserep\u00e1rna sz\u00edne: fekete, k\u00e9k, piros, z\u00f6ld, lila Lenyomat m\u00e9rete: 45*30 mm max. 7 sor<\/p>\n","protected":false},"excerpt":{"rendered":"<p>Klasszikus, n\u00e9gysz\u00f6gletes lenyomat\u00fa f\u00e9mb\u00e9lyegz\u0151, melynek ar\u00e1nyai log\u00f3hoz is kiv\u00e1l\u00f3an alkalmasak.<strong>A rendel\u00e9st meger\u0151s\u00edt\u0151 e-mailre k\u00e9rj\u00fck,k\u00fcldje el v\u00e1laszlev\u00e9lben a k\u00edv\u00e1nt lenyomat sz\u00f6veg\u00e9t, log\u00f3j\u00e1t.<\/strong><\/p>\n","protected":false},"featured_media":3686,"comment_status":"closed","ping_status":"closed","template":"","meta":[],"_links":{"self":[{"href":"https:\/\/graficolor.hu\/webshop\/wp-json\/wp\/v2\/product\/1125"}],"collection":[{"href":"https:\/\/graficolor.hu\/webshop\/wp-json\/wp\/v2\/product"}],"about":[{"href":"https:\/\/graficolor.hu\/webshop\/wp-json\/wp\/v2\/types\/product"}],"replies":[{"embeddable":true,"href":"https:\/\/graficolor.hu\/webshop\/wp-json\/wp\/v2\/comments?post=1125"}],"version-history":[{"count":1,"href":"https:\/\/graficolor.hu\/webshop\/wp-json\/wp\/v2\/product\/1125\/revisions"}],"predecessor-version":[{"id":49994,"href":"https:\/\/graficolor.hu\/webshop\/wp-json\/wp\/v2\/product\/1125\/revisions\/49994"}],"wp:featuredmedia":[{"embeddable":true,"href":"https:\/\/graficolor.hu\/webshop\/wp-json\/wp\/v2\/media\/3686"}],"wp:attachment":[{"href":"https:\/\/graficolor.hu\/webshop\/wp-json\/wp\/v2\/media?parent=1125"}],"curies":[{"name":"wp","href":"https:\/\/api.w.org\/{rel}","templated":true}]}}