{"id":1129,"date":"2015-11-24T05:30:22","date_gmt":"2015-11-24T05:30:22","guid":{"rendered":"http:\/\/graficolor.hu\/webshop\/termek\/classic-r-2045\/"},"modified":"2025-01-15T14:15:31","modified_gmt":"2025-01-15T13:15:31","slug":"classic-r-2045","status":"publish","type":"product","link":"https:\/\/graficolor.hu\/webshop\/termek\/classic-r-2045\/","title":{"rendered":"Classic R 2045"},"content":{"rendered":"<p><strong>A rendel\u00e9st meger\u0151s\u00edt\u0151 e-mailre k\u00e9rj\u00fck,k\u00fcldje el v\u00e1laszlev\u00e9lben a k\u00edv\u00e1nt lenyomat sz\u00f6veg\u00e9t, log\u00f3j\u00e1t.<\/strong><br \/>\nFelt\u00fcn\u0151 \u00e9s tart\u00f3s b\u00e9lyegz\u0151t szeretne? V\u00e1lassza nagym\u00e9ret\u0171 k\u00f6ralak\u00fa f\u00e9mb\u00e9lyegz\u0151nket. Cserep\u00e1rna sz\u00edne: fekete, k\u00e9k, piros, z\u00f6ld, lila Lenyomat m\u00e9rete: 45 mm \u00e1tm\u00e9r\u0151j\u0171 max. 6 sor<\/p>\n","protected":false},"excerpt":{"rendered":"<p>Felt\u00fcn\u0151 \u00e9s tart\u00f3s b\u00e9lyegz\u0151t szeretne? V\u00e1lassza nagym\u00e9ret\u0171 k\u00f6ralak\u00fa f\u00e9mb\u00e9lyegz\u0151nket.<strong>A rendel\u00e9st meger\u0151s\u00edt\u0151 e-mailre k\u00e9rj\u00fck,k\u00fcldje el v\u00e1laszlev\u00e9lben a k\u00edv\u00e1nt lenyomat sz\u00f6veg\u00e9t, log\u00f3j\u00e1t.<\/strong><\/p>\n","protected":false},"featured_media":3697,"comment_status":"closed","ping_status":"closed","template":"","meta":[],"_links":{"self":[{"href":"https:\/\/graficolor.hu\/webshop\/wp-json\/wp\/v2\/product\/1129"}],"collection":[{"href":"https:\/\/graficolor.hu\/webshop\/wp-json\/wp\/v2\/product"}],"about":[{"href":"https:\/\/graficolor.hu\/webshop\/wp-json\/wp\/v2\/types\/product"}],"replies":[{"embeddable":true,"href":"https:\/\/graficolor.hu\/webshop\/wp-json\/wp\/v2\/comments?post=1129"}],"version-history":[{"count":1,"href":"https:\/\/graficolor.hu\/webshop\/wp-json\/wp\/v2\/product\/1129\/revisions"}],"predecessor-version":[{"id":49998,"href":"https:\/\/graficolor.hu\/webshop\/wp-json\/wp\/v2\/product\/1129\/revisions\/49998"}],"wp:featuredmedia":[{"embeddable":true,"href":"https:\/\/graficolor.hu\/webshop\/wp-json\/wp\/v2\/media\/3697"}],"wp:attachment":[{"href":"https:\/\/graficolor.hu\/webshop\/wp-json\/wp\/v2\/media?parent=1129"}],"curies":[{"name":"wp","href":"https:\/\/api.w.org\/{rel}","templated":true}]}}