{"id":1142,"date":"2015-11-24T05:30:22","date_gmt":"2015-11-24T05:30:22","guid":{"rendered":"http:\/\/graficolor.hu\/webshop\/termek\/s-400\/"},"modified":"2025-01-15T14:18:40","modified_gmt":"2025-01-15T13:18:40","slug":"s-400","status":"publish","type":"product","link":"https:\/\/graficolor.hu\/webshop\/termek\/s-400\/","title":{"rendered":"S 400"},"content":{"rendered":"<p><strong>A rendel\u00e9st meger\u0151s\u00edt\u0151 e-mailre k\u00e9rj\u00fck,k\u00fcldje el v\u00e1laszlev\u00e9lben a k\u00edv\u00e1nt lenyomat sz\u00f6veg\u00e9t, log\u00f3j\u00e1t.<\/strong><br \/>\nK\u00f6nny\u0171 h\u00e1zas, stabil irodai b\u00e9lyegz\u0151 n\u00e9gysz\u00f6gletes lenyomattal. Cserep\u00e1rna sz\u00edne: fekete, k\u00e9k, piros, z\u00f6ld, lila Lenyomat m\u00e9rete: 58*27 mm max. 7 sor<\/p>\n","protected":false},"excerpt":{"rendered":"<p>K\u00f6nny\u0171 h\u00e1zas, stabil irodai b\u00e9lyegz\u0151 n\u00e9gysz\u00f6gletes lenyomattal.<strong>A rendel\u00e9st meger\u0151s\u00edt\u0151 e-mailre k\u00e9rj\u00fck,k\u00fcldje el v\u00e1laszlev\u00e9lben a k\u00edv\u00e1nt lenyomat sz\u00f6veg\u00e9t, log\u00f3j\u00e1t.<\/strong><\/p>\n","protected":false},"featured_media":4110,"comment_status":"closed","ping_status":"closed","template":"","meta":[],"_links":{"self":[{"href":"https:\/\/graficolor.hu\/webshop\/wp-json\/wp\/v2\/product\/1142"}],"collection":[{"href":"https:\/\/graficolor.hu\/webshop\/wp-json\/wp\/v2\/product"}],"about":[{"href":"https:\/\/graficolor.hu\/webshop\/wp-json\/wp\/v2\/types\/product"}],"replies":[{"embeddable":true,"href":"https:\/\/graficolor.hu\/webshop\/wp-json\/wp\/v2\/comments?post=1142"}],"version-history":[{"count":1,"href":"https:\/\/graficolor.hu\/webshop\/wp-json\/wp\/v2\/product\/1142\/revisions"}],"predecessor-version":[{"id":50003,"href":"https:\/\/graficolor.hu\/webshop\/wp-json\/wp\/v2\/product\/1142\/revisions\/50003"}],"wp:featuredmedia":[{"embeddable":true,"href":"https:\/\/graficolor.hu\/webshop\/wp-json\/wp\/v2\/media\/4110"}],"wp:attachment":[{"href":"https:\/\/graficolor.hu\/webshop\/wp-json\/wp\/v2\/media?parent=1142"}],"curies":[{"name":"wp","href":"https:\/\/api.w.org\/{rel}","templated":true}]}}