{"id":1143,"date":"2015-11-24T05:30:24","date_gmt":"2015-11-24T05:30:24","guid":{"rendered":"http:\/\/graficolor.hu\/webshop\/termek\/s-600\/"},"modified":"2025-01-15T14:11:26","modified_gmt":"2025-01-15T13:11:26","slug":"s-600","status":"publish","type":"product","link":"https:\/\/graficolor.hu\/webshop\/termek\/s-600\/","title":{"rendered":"S 600"},"content":{"rendered":"<p><strong>A rendel\u00e9st meger\u0151s\u00edt\u0151 e-mailre k\u00e9rj\u00fck,k\u00fcldje el v\u00e1laszlev\u00e9lben a k\u00edv\u00e1nt lenyomat sz\u00f6veg\u00e9t, log\u00f3j\u00e1t.<\/strong><br \/>\nNagym\u00e9ret\u0171, extra k\u00f6nny\u0171, n\u00e9gysz\u00f6gletes lenyomat\u00fa irodai b\u00e9lyegz\u0151, melynek lenyomat\u00e1t log\u00f3val is tudjuk kombin\u00e1lni. Cserep\u00e1rna sz\u00edne: fekete, k\u00e9k, piros, z\u00f6ld, lila Lenyomat m\u00e9rete: 58*37 mm max. 8 sor<\/p>\n","protected":false},"excerpt":{"rendered":"<p>Nagym\u00e9ret\u0171, extra k\u00f6nny\u0171, n\u00e9gysz\u00f6gletes lenyomat\u00fa irodai b\u00e9lyegz\u0151, melynek lenyomat\u00e1t log\u00f3val is tudjuk kombin\u00e1lni.<strong>A rendel\u00e9st meger\u0151s\u00edt\u0151 e-mailre k\u00e9rj\u00fck,k\u00fcldje el v\u00e1laszlev\u00e9lben a k\u00edv\u00e1nt lenyomat sz\u00f6veg\u00e9t, log\u00f3j\u00e1t.<\/strong><\/p>\n","protected":false},"featured_media":4111,"comment_status":"closed","ping_status":"closed","template":"","meta":[],"_links":{"self":[{"href":"https:\/\/graficolor.hu\/webshop\/wp-json\/wp\/v2\/product\/1143"}],"collection":[{"href":"https:\/\/graficolor.hu\/webshop\/wp-json\/wp\/v2\/product"}],"about":[{"href":"https:\/\/graficolor.hu\/webshop\/wp-json\/wp\/v2\/types\/product"}],"replies":[{"embeddable":true,"href":"https:\/\/graficolor.hu\/webshop\/wp-json\/wp\/v2\/comments?post=1143"}],"version-history":[{"count":2,"href":"https:\/\/graficolor.hu\/webshop\/wp-json\/wp\/v2\/product\/1143\/revisions"}],"predecessor-version":[{"id":49992,"href":"https:\/\/graficolor.hu\/webshop\/wp-json\/wp\/v2\/product\/1143\/revisions\/49992"}],"wp:featuredmedia":[{"embeddable":true,"href":"https:\/\/graficolor.hu\/webshop\/wp-json\/wp\/v2\/media\/4111"}],"wp:attachment":[{"href":"https:\/\/graficolor.hu\/webshop\/wp-json\/wp\/v2\/media?parent=1143"}],"curies":[{"name":"wp","href":"https:\/\/api.w.org\/{rel}","templated":true}]}}