{"id":1146,"date":"2015-11-24T05:30:24","date_gmt":"2015-11-24T05:30:24","guid":{"rendered":"http:\/\/graficolor.hu\/webshop\/termek\/pocket-stamp-30\/"},"modified":"2025-01-15T14:07:04","modified_gmt":"2025-01-15T13:07:04","slug":"pocket-stamp-30","status":"publish","type":"product","link":"https:\/\/graficolor.hu\/webshop\/termek\/pocket-stamp-30\/","title":{"rendered":"Pocket Stamp 30"},"content":{"rendered":"<p><strong>A rendel\u00e9st meger\u0151s\u00edt\u0151 e-mailre k\u00e9rj\u00fck,k\u00fcldje el v\u00e1laszlev\u00e9lben a k\u00edv\u00e1nt lenyomat sz\u00f6veg\u00e9t, log\u00f3j\u00e1t.<\/strong><br \/>\nM\u00e9ret\u00e9b\u0151l ad\u00f3d\u00f3an kiv\u00e1l\u00f3an elf\u00e9r zsebben, t\u00e1sk\u00e1ban, amennyiben utaz\u00e1shoz nagyon praktikus tulajdons\u00e1g. Csererp\u00e1rna sz\u00edne: fekete, k\u00e9k, piros, z\u00f6ld, lila H\u00e1z sz\u00edne: rubin, indig\u00f3, fekete Lenyomat m\u00e9rete: 47*18 mm max. 5 sor<\/p>\n","protected":false},"excerpt":{"rendered":"<p>M\u00e9ret\u00e9b\u0151l ad\u00f3d\u00f3an kiv\u00e1l\u00f3an elf\u00e9r zsebben, t\u00e1sk\u00e1ban, amennyiben utaz\u00e1shoz nagyon praktikus tulajdons\u00e1g.<strong>A rendel\u00e9st meger\u0151s\u00edt\u0151 e-mailre k\u00e9rj\u00fck,k\u00fcldje el v\u00e1laszlev\u00e9lben a k\u00edv\u00e1nt lenyomat sz\u00f6veg\u00e9t, log\u00f3j\u00e1t.<\/strong><\/p>\n","protected":false},"featured_media":3799,"comment_status":"closed","ping_status":"closed","template":"","meta":[],"_links":{"self":[{"href":"https:\/\/graficolor.hu\/webshop\/wp-json\/wp\/v2\/product\/1146"}],"collection":[{"href":"https:\/\/graficolor.hu\/webshop\/wp-json\/wp\/v2\/product"}],"about":[{"href":"https:\/\/graficolor.hu\/webshop\/wp-json\/wp\/v2\/types\/product"}],"replies":[{"embeddable":true,"href":"https:\/\/graficolor.hu\/webshop\/wp-json\/wp\/v2\/comments?post=1146"}],"version-history":[{"count":2,"href":"https:\/\/graficolor.hu\/webshop\/wp-json\/wp\/v2\/product\/1146\/revisions"}],"predecessor-version":[{"id":49988,"href":"https:\/\/graficolor.hu\/webshop\/wp-json\/wp\/v2\/product\/1146\/revisions\/49988"}],"wp:featuredmedia":[{"embeddable":true,"href":"https:\/\/graficolor.hu\/webshop\/wp-json\/wp\/v2\/media\/3799"}],"wp:attachment":[{"href":"https:\/\/graficolor.hu\/webshop\/wp-json\/wp\/v2\/media?parent=1146"}],"curies":[{"name":"wp","href":"https:\/\/api.w.org\/{rel}","templated":true}]}}