{"id":1149,"date":"2015-11-24T05:30:24","date_gmt":"2015-11-24T05:30:24","guid":{"rendered":"http:\/\/graficolor.hu\/webshop\/termek\/pocket-stamp-plus-20\/"},"modified":"2025-01-15T14:08:58","modified_gmt":"2025-01-15T13:08:58","slug":"pocket-stamp-plus-20","status":"publish","type":"product","link":"https:\/\/graficolor.hu\/webshop\/termek\/pocket-stamp-plus-20\/","title":{"rendered":"Pocket Stamp Plus 20"},"content":{"rendered":"<p><strong>A rendel\u00e9st meger\u0151s\u00edt\u0151 e-mailre k\u00e9rj\u00fck,k\u00fcldje el v\u00e1laszlev\u00e9lben a k\u00edv\u00e1nt lenyomat sz\u00f6veg\u00e9t, log\u00f3j\u00e1t.<\/strong><br \/>\nMeg\u00fajult zsebb\u00e9lyegz\u0151nk egyszer\u0171bb \u00e9s praktikusabb haszn\u00e1latot b\u00edztos\u00edt \u00fcgyfeleinknek a h\u00e9tk\u00f6znapokban. Egy k\u00e9zzel k\u00e9nyelmesen nyithat\u00f3 \u00e9s csukhat\u00f3 egyar\u00e1nt. Mechanik\u00e1j\u00e1nak k\u00f6sz\u00f6nhet\u0151en prec\u00edzebb b\u00e9lyegz\u00e9st tesz lehet\u0151v\u00e9. Cserep\u00e1rna sz\u00edne: fekete, k\u00e9k, piros, z\u00f6ld, lila H\u00e1z sz\u00edne: fekete, indig\u00f3, rubin, feh\u00e9r, s\u00e1rga, z\u00f6ld, pink Lenyomat m\u00e9rete: 38*14 mm max. 4 sor<\/p>\n","protected":false},"excerpt":{"rendered":"<p>Meg\u00fajult zsebb\u00e9lyegz\u0151nk egyszer\u0171bb \u00e9s praktikusabb haszn\u00e1latot b\u00edztos\u00edt \u00fcgyfeleinknek a h\u00e9tk\u00f6znapokban. Egy k\u00e9zzel k\u00e9nyelmesen nyithat\u00f3 \u00e9s csukhat\u00f3 egyar\u00e1nt.<strong>A rendel\u00e9st meger\u0151s\u00edt\u0151 e-mailre k\u00e9rj\u00fck,k\u00fcldje el v\u00e1laszlev\u00e9lben a k\u00edv\u00e1nt lenyomat sz\u00f6veg\u00e9t, log\u00f3j\u00e1t.<\/strong><\/p>\n","protected":false},"featured_media":3801,"comment_status":"closed","ping_status":"closed","template":"","meta":[],"_links":{"self":[{"href":"https:\/\/graficolor.hu\/webshop\/wp-json\/wp\/v2\/product\/1149"}],"collection":[{"href":"https:\/\/graficolor.hu\/webshop\/wp-json\/wp\/v2\/product"}],"about":[{"href":"https:\/\/graficolor.hu\/webshop\/wp-json\/wp\/v2\/types\/product"}],"replies":[{"embeddable":true,"href":"https:\/\/graficolor.hu\/webshop\/wp-json\/wp\/v2\/comments?post=1149"}],"version-history":[{"count":1,"href":"https:\/\/graficolor.hu\/webshop\/wp-json\/wp\/v2\/product\/1149\/revisions"}],"predecessor-version":[{"id":49989,"href":"https:\/\/graficolor.hu\/webshop\/wp-json\/wp\/v2\/product\/1149\/revisions\/49989"}],"wp:featuredmedia":[{"embeddable":true,"href":"https:\/\/graficolor.hu\/webshop\/wp-json\/wp\/v2\/media\/3801"}],"wp:attachment":[{"href":"https:\/\/graficolor.hu\/webshop\/wp-json\/wp\/v2\/media?parent=1149"}],"curies":[{"name":"wp","href":"https:\/\/api.w.org\/{rel}","templated":true}]}}