{"id":1160,"date":"2015-11-24T05:30:24","date_gmt":"2015-11-24T05:30:24","guid":{"rendered":"http:\/\/graficolor.hu\/webshop\/termek\/printer-25\/"},"modified":"2025-01-15T14:05:28","modified_gmt":"2025-01-15T13:05:28","slug":"printer-25","status":"publish","type":"product","link":"https:\/\/graficolor.hu\/webshop\/termek\/printer-25\/","title":{"rendered":"Printer 25"},"content":{"rendered":"<p><strong>A rendel\u00e9st meger\u0151s\u00edt\u0151 e-mailre k\u00e9rj\u00fck,k\u00fcldje el v\u00e1laszlev\u00e9lben a k\u00edv\u00e1nt lenyomat sz\u00f6veg\u00e9t, log\u00f3j\u00e1t.<\/strong><br \/>\nEz a hagyom\u00e1nyos sz\u00f6vegb\u00e9lyegz\u0151 a lenyomathoz extra sz\u00e9les fel\u00fcletet biztos\u00edt, mely praktikuss\u00e1 teszi sz\u00f6vegek, nevek, hosszabb \u00fczenetek b\u00e9lyegz\u00e9s\u00e9re. Cserep\u00e1rna sz\u00edne: fekete, k\u00e9k, piros, z\u00f6ld, lila H\u00e1z sz\u00edne: fekete, k\u00e9k, piros Lenyomat m\u00e9rete: 75*15 mm<\/p>\n","protected":false},"excerpt":{"rendered":"<p>Ez a hagyom\u00e1nyos sz\u00f6vegb\u00e9lyegz\u0151 a lenyomathoz extra sz\u00e9les fel\u00fcletet biztos\u00edt, mely praktikuss\u00e1 teszi sz\u00f6vegek, nevek, hosszabb \u00fczenetek b\u00e9lyegz\u00e9s\u00e9re.<strong>A rendel\u00e9st meger\u0151s\u00edt\u0151 e-mailre k\u00e9rj\u00fck,k\u00fcldje el v\u00e1laszlev\u00e9lben a k\u00edv\u00e1nt lenyomat sz\u00f6veg\u00e9t, log\u00f3j\u00e1t.<\/strong><\/p>\n","protected":false},"featured_media":3808,"comment_status":"closed","ping_status":"closed","template":"","meta":[],"_links":{"self":[{"href":"https:\/\/graficolor.hu\/webshop\/wp-json\/wp\/v2\/product\/1160"}],"collection":[{"href":"https:\/\/graficolor.hu\/webshop\/wp-json\/wp\/v2\/product"}],"about":[{"href":"https:\/\/graficolor.hu\/webshop\/wp-json\/wp\/v2\/types\/product"}],"replies":[{"embeddable":true,"href":"https:\/\/graficolor.hu\/webshop\/wp-json\/wp\/v2\/comments?post=1160"}],"version-history":[{"count":1,"href":"https:\/\/graficolor.hu\/webshop\/wp-json\/wp\/v2\/product\/1160\/revisions"}],"predecessor-version":[{"id":49986,"href":"https:\/\/graficolor.hu\/webshop\/wp-json\/wp\/v2\/product\/1160\/revisions\/49986"}],"wp:featuredmedia":[{"embeddable":true,"href":"https:\/\/graficolor.hu\/webshop\/wp-json\/wp\/v2\/media\/3808"}],"wp:attachment":[{"href":"https:\/\/graficolor.hu\/webshop\/wp-json\/wp\/v2\/media?parent=1160"}],"curies":[{"name":"wp","href":"https:\/\/api.w.org\/{rel}","templated":true}]}}