{"id":1171,"date":"2015-11-24T05:30:26","date_gmt":"2015-11-24T05:30:26","guid":{"rendered":"http:\/\/graficolor.hu\/webshop\/termek\/printer-r-40\/"},"modified":"2025-01-15T14:02:16","modified_gmt":"2025-01-15T13:02:16","slug":"printer-r-40","status":"publish","type":"product","link":"https:\/\/graficolor.hu\/webshop\/termek\/printer-r-40\/","title":{"rendered":"Printer R 40"},"content":{"rendered":"<p><strong>A rendel\u00e9st meger\u0151s\u00edt\u0151 e-mailre k\u00e9rj\u00fck,k\u00fcldje el v\u00e1laszlev\u00e9lben a k\u00edv\u00e1nt lenyomat sz\u00f6veg\u00e9t, log\u00f3j\u00e1t.<\/strong><br \/>\nNagym\u00e9ret\u0171, k\u00f6ralak\u00fa c\u00e9gb\u00e9lyegz\u0151? Lehets\u00e9ges! Egyedi c\u00e9gb\u00e9lyegz\u0151 t\u00f6bb soros sz\u00f6veggel, ak\u00e1r nagyobb m\u00e9ret\u0171 log\u00f3val egyar\u00e1nt. Cserep\u00e1rna sz\u00edne: fekete, k\u00e9k, piros, z\u00f6ld, lila H\u00e1z sz\u00edne: fekete, k\u00e9k, piros Lenyomat m\u00e9rete: 40 mm \u00e1tm\u00e9r\u0151j\u0171 max. 7 sor<\/p>\n","protected":false},"excerpt":{"rendered":"<p>Nagym\u00e9ret\u0171, k\u00f6ralak\u00fa c\u00e9gb\u00e9lyegz\u0151? Lehets\u00e9ges! Egyedi c\u00e9gb\u00e9lyegz\u0151 t\u00f6bb soros sz\u00f6veggel, ak\u00e1r nagyobb m\u00e9ret\u0171 log\u00f3val egyar\u00e1nt.<strong>A rendel\u00e9st meger\u0151s\u00edt\u0151 e-mailre k\u00e9rj\u00fck,k\u00fcldje el v\u00e1laszlev\u00e9lben a k\u00edv\u00e1nt lenyomat sz\u00f6veg\u00e9t, log\u00f3j\u00e1t.<\/strong><\/p>\n","protected":false},"featured_media":4071,"comment_status":"closed","ping_status":"closed","template":"","meta":[],"_links":{"self":[{"href":"https:\/\/graficolor.hu\/webshop\/wp-json\/wp\/v2\/product\/1171"}],"collection":[{"href":"https:\/\/graficolor.hu\/webshop\/wp-json\/wp\/v2\/product"}],"about":[{"href":"https:\/\/graficolor.hu\/webshop\/wp-json\/wp\/v2\/types\/product"}],"replies":[{"embeddable":true,"href":"https:\/\/graficolor.hu\/webshop\/wp-json\/wp\/v2\/comments?post=1171"}],"version-history":[{"count":2,"href":"https:\/\/graficolor.hu\/webshop\/wp-json\/wp\/v2\/product\/1171\/revisions"}],"predecessor-version":[{"id":49983,"href":"https:\/\/graficolor.hu\/webshop\/wp-json\/wp\/v2\/product\/1171\/revisions\/49983"}],"wp:featuredmedia":[{"embeddable":true,"href":"https:\/\/graficolor.hu\/webshop\/wp-json\/wp\/v2\/media\/4071"}],"wp:attachment":[{"href":"https:\/\/graficolor.hu\/webshop\/wp-json\/wp\/v2\/media?parent=1171"}],"curies":[{"name":"wp","href":"https:\/\/api.w.org\/{rel}","templated":true}]}}