{"id":1186,"date":"2015-11-24T05:30:28","date_gmt":"2015-11-24T05:30:28","guid":{"rendered":"http:\/\/graficolor.hu\/webshop\/termek\/printer-c10\/"},"modified":"2025-01-15T12:34:15","modified_gmt":"2025-01-15T11:34:15","slug":"printer-c10","status":"publish","type":"product","link":"https:\/\/graficolor.hu\/webshop\/termek\/printer-c10\/","title":{"rendered":"Printer C10"},"content":{"rendered":"<p><strong>A rendel\u00e9st meger\u0151s\u00edt\u0151 e-mailre k\u00e9rj\u00fck,k\u00fcldje el v\u00e1laszlev\u00e9lben a k\u00edv\u00e1nt lenyomat sz\u00f6veg\u00e9t, log\u00f3j\u00e1t.<\/strong><br \/>\nAz egyik legelterjedtebb b\u00e9lyegz\u0151csal\u00e1d, mely k\u00f6nny\u0171, praktikus haszn\u00e1latot biztos\u00edt. C\u00e9ges illetve c\u00edmb\u00e9lyegz\u0151nek egyar\u00e1nt alkalmas.<b>Cserep\u00e1rna sz\u00edne:<\/b>fekete, k\u00e9k, piros, z\u00f6ld, lila<b>H\u00e1z sz\u00edne :<\/b>fekete, k\u00e9k, piros, \u00e1tl\u00e1tsz\u00f3<\/p>\n<div style=\"margin-bottom: 3px\"><b>Mintalenyomat:<\/b><\/div>\n<p><img loading=\"lazy\" class=\"size-full wp-image-481 alignnone\" src=\"https:\/\/graficolor.hu\/webshop\/wp-content\/uploads\/printer-c10-nyomat.gif\" alt=\"printer c10 nyomat\" width=\"65\" height=\"25\" \/><\/p>\n<div class=\"ss-small\">27 x 10 mm, max. 3 sor<\/div>\n","protected":false},"excerpt":{"rendered":"<p>Az egyik legelterjedtebb b\u00e9lyegz\u0151csal\u00e1d, mely k\u00f6nny\u0171, praktikus haszn\u00e1latot biztos\u00edt. C\u00e9ges illetve c\u00edmb\u00e9lyegz\u0151nek egyar\u00e1nt alkalmas.\u00a0<strong>A rendel\u00e9st meger\u0151s\u00edt\u0151 e-mailre k\u00e9rj\u00fck,k\u00fcldje el v\u00e1laszlev\u00e9lben a k\u00edv\u00e1nt lenyomat sz\u00f6veg\u00e9t, log\u00f3j\u00e1t.<\/strong><\/p>\n","protected":false},"featured_media":4208,"comment_status":"closed","ping_status":"closed","template":"","meta":[],"_links":{"self":[{"href":"https:\/\/graficolor.hu\/webshop\/wp-json\/wp\/v2\/product\/1186"}],"collection":[{"href":"https:\/\/graficolor.hu\/webshop\/wp-json\/wp\/v2\/product"}],"about":[{"href":"https:\/\/graficolor.hu\/webshop\/wp-json\/wp\/v2\/types\/product"}],"replies":[{"embeddable":true,"href":"https:\/\/graficolor.hu\/webshop\/wp-json\/wp\/v2\/comments?post=1186"}],"version-history":[{"count":1,"href":"https:\/\/graficolor.hu\/webshop\/wp-json\/wp\/v2\/product\/1186\/revisions"}],"predecessor-version":[{"id":49547,"href":"https:\/\/graficolor.hu\/webshop\/wp-json\/wp\/v2\/product\/1186\/revisions\/49547"}],"wp:featuredmedia":[{"embeddable":true,"href":"https:\/\/graficolor.hu\/webshop\/wp-json\/wp\/v2\/media\/4208"}],"wp:attachment":[{"href":"https:\/\/graficolor.hu\/webshop\/wp-json\/wp\/v2\/media?parent=1186"}],"curies":[{"name":"wp","href":"https:\/\/api.w.org\/{rel}","templated":true}]}}