{"id":1192,"date":"2015-11-24T05:30:28","date_gmt":"2015-11-24T05:30:28","guid":{"rendered":"http:\/\/graficolor.hu\/webshop\/termek\/printer-c40-nyari-szinek\/"},"modified":"2025-01-15T12:41:29","modified_gmt":"2025-01-15T11:41:29","slug":"printer-c40-nyari-szinek","status":"publish","type":"product","link":"https:\/\/graficolor.hu\/webshop\/termek\/printer-c40-nyari-szinek\/","title":{"rendered":"Printer C40 ny\u00e1ri sz\u00ednek"},"content":{"rendered":"<p><strong>A rendel\u00e9st meger\u0151s\u00edt\u0151 e-mailre k\u00e9rj\u00fck,k\u00fcldje el v\u00e1laszlev\u00e9lben a k\u00edv\u00e1nt lenyomat sz\u00f6veg\u00e9t, log\u00f3j\u00e1t.<\/strong><br \/>\nAz egyik legelterjedtebb b\u00e9lyegz\u0151csal\u00e1d friss ny\u00e1ri sz\u00ednekben, mely feldobja a h\u00e9tk\u00f6znapokat, k\u00f6nny\u0171, praktikus haszn\u00e1latot biztos\u00edt. C\u00e9ges illetve c\u00edmb\u00e9lyegz\u0151nek egyar\u00e1nt alkalmas.<b>Cserep\u00e1rna sz\u00edne:<\/b>fekete, k\u00e9k, piros, z\u00f6ld, lila<b>H\u00e1z sz\u00edne :<\/b>z\u00f6ld, narancs, feh\u00e9r, s\u00e1rga<\/p>\n<div style=\"margin-bottom: 3px\"><b>Mintalenyomat:<\/b><\/div>\n<div style=\"margin-bottom: 3px\"><img loading=\"lazy\" class=\"size-full wp-image-492 alignnone\" src=\"https:\/\/graficolor.hu\/webshop\/wp-content\/uploads\/printer-c40-ny\u00e1ri-sz\u00ednek-nyomat.gif\" alt=\"printer c40 ny\u00e1ri sz\u00ednek nyomat\" width=\"141\" height=\"56\" \/><\/div>\n<p>&nbsp;<\/p>\n<div class=\"ss-small\">59 x 23 mm, max. 6 sor<\/div>\n","protected":false},"excerpt":{"rendered":"<p>Az egyik legelterjedtebb b\u00e9lyegz\u0151csal\u00e1d friss ny\u00e1ri sz\u00ednekben, mely feldobja a h\u00e9tk\u00f6znapokat, k\u00f6nny\u0171, praktikus haszn\u00e1latot biztos\u00edt. C\u00e9ges illetve c\u00edmb\u00e9lyegz\u0151nek egyar\u00e1nt alkalmas.<strong>A rendel\u00e9st meger\u0151s\u00edt\u0151 e-mailre k\u00e9rj\u00fck,k\u00fcldje el v\u00e1laszlev\u00e9lben a k\u00edv\u00e1nt lenyomat sz\u00f6veg\u00e9t, log\u00f3j\u00e1t.<\/strong><\/p>\n","protected":false},"featured_media":4243,"comment_status":"closed","ping_status":"closed","template":"","meta":[],"_links":{"self":[{"href":"https:\/\/graficolor.hu\/webshop\/wp-json\/wp\/v2\/product\/1192"}],"collection":[{"href":"https:\/\/graficolor.hu\/webshop\/wp-json\/wp\/v2\/product"}],"about":[{"href":"https:\/\/graficolor.hu\/webshop\/wp-json\/wp\/v2\/types\/product"}],"replies":[{"embeddable":true,"href":"https:\/\/graficolor.hu\/webshop\/wp-json\/wp\/v2\/comments?post=1192"}],"version-history":[{"count":2,"href":"https:\/\/graficolor.hu\/webshop\/wp-json\/wp\/v2\/product\/1192\/revisions"}],"predecessor-version":[{"id":49932,"href":"https:\/\/graficolor.hu\/webshop\/wp-json\/wp\/v2\/product\/1192\/revisions\/49932"}],"wp:featuredmedia":[{"embeddable":true,"href":"https:\/\/graficolor.hu\/webshop\/wp-json\/wp\/v2\/media\/4243"}],"wp:attachment":[{"href":"https:\/\/graficolor.hu\/webshop\/wp-json\/wp\/v2\/media?parent=1192"}],"curies":[{"name":"wp","href":"https:\/\/api.w.org\/{rel}","templated":true}]}}