{"id":1218,"date":"2015-11-24T05:30:30","date_gmt":"2015-11-24T04:30:30","guid":{"rendered":"http:\/\/graficolor.hu\/webshop\/termek\/fenykepes-bevasarlotaska\/"},"modified":"2025-02-03T11:12:29","modified_gmt":"2025-02-03T10:12:29","slug":"fenykepes-bevasarlotaska","status":"publish","type":"product","link":"https:\/\/graficolor.hu\/webshop\/termek\/fenykepes-bevasarlotaska\/","title":{"rendered":"F\u00e9nyk\u00e9pes bev\u00e1s\u00e1rl\u00f3t\u00e1ska"},"content":{"rendered":"<p>Bev\u00e1s\u00e1rl\u00e1s st\u00edlusosan? Lehets\u00e9ges! B\u00e1rmilyen k\u00e9ppel, sz\u00f6veggel elk\u00e9sz\u00edthet\u0151 ez az egyedi f\u00e9nyk\u00e9pes bev\u00e1s\u00e1rl\u00f3t\u00e1ska. Minden n\u0151nek praktikus aj\u00e1nd\u00e9k.M\u00e9rete: 30*35 cm, maximum A\/4-es nyomattal <strong>A rendel\u00e9st meger\u0151s\u00edt\u0151 e-mailre k\u00e9rj\u00fck, k\u00fcldje el v\u00e1laszlev\u00e9lben a k\u00edv\u00e1nt k\u00e9pet \u00e9s\/vagy sz\u00f6veget.<\/strong><\/p>\n","protected":false},"excerpt":{"rendered":"<p>Bev\u00e1s\u00e1rl\u00e1s st\u00edlusosan? Lehets\u00e9ges! B\u00e1rmilyen k\u00e9ppel, sz\u00f6veggel elk\u00e9sz\u00edthet\u0151 ez az egyedi f\u00e9nyk\u00e9pes bev\u00e1s\u00e1rl\u00f3t\u00e1ska. Minden n\u0151nek praktikus aj\u00e1nd\u00e9k.M\u00e9rete: 30*35 cm, maximum A\/4-es nyomattal <strong>A rendel\u00e9st meger\u0151s\u00edt\u0151 e-mailre k\u00e9rj\u00fck, k\u00fcldje el v\u00e1laszlev\u00e9lben a k\u00edv\u00e1nt k\u00e9pet \u00e9s\/vagy sz\u00f6veget.<\/strong><\/p>\n","protected":false},"featured_media":34359,"comment_status":"closed","ping_status":"closed","template":"","meta":[],"_links":{"self":[{"href":"https:\/\/graficolor.hu\/webshop\/wp-json\/wp\/v2\/product\/1218"}],"collection":[{"href":"https:\/\/graficolor.hu\/webshop\/wp-json\/wp\/v2\/product"}],"about":[{"href":"https:\/\/graficolor.hu\/webshop\/wp-json\/wp\/v2\/types\/product"}],"replies":[{"embeddable":true,"href":"https:\/\/graficolor.hu\/webshop\/wp-json\/wp\/v2\/comments?post=1218"}],"version-history":[{"count":1,"href":"https:\/\/graficolor.hu\/webshop\/wp-json\/wp\/v2\/product\/1218\/revisions"}],"predecessor-version":[{"id":49866,"href":"https:\/\/graficolor.hu\/webshop\/wp-json\/wp\/v2\/product\/1218\/revisions\/49866"}],"wp:featuredmedia":[{"embeddable":true,"href":"https:\/\/graficolor.hu\/webshop\/wp-json\/wp\/v2\/media\/34359"}],"wp:attachment":[{"href":"https:\/\/graficolor.hu\/webshop\/wp-json\/wp\/v2\/media?parent=1218"}],"curies":[{"name":"wp","href":"https:\/\/api.w.org\/{rel}","templated":true}]}}