{"id":1219,"date":"2015-11-24T05:30:30","date_gmt":"2015-11-24T05:30:30","guid":{"rendered":"http:\/\/graficolor.hu\/webshop\/termek\/fenykepes-egerpad\/"},"modified":"2024-01-15T12:40:36","modified_gmt":"2024-01-15T11:40:36","slug":"fenykepes-egerpad","status":"publish","type":"product","link":"https:\/\/graficolor.hu\/webshop\/termek\/fenykepes-egerpad\/","title":{"rendered":"F\u00e9nyk\u00e9pes eg\u00e9rpad"},"content":{"rendered":"<p>A munka is jobban menne, ha egy vid\u00e1m nyaral\u00e1son k\u00e9sz\u00fclt f\u00e9nyk\u00e9p n\u00e9zne vissza az eg\u00e9rpadr\u00f3l? Vagy feldobn\u00e1d a h\u00e1zi dolgozat \u00edr\u00e1st azzal, hogy a kedvenc zenekarodon &#8220;kattintgatsz&#8221;? Semmi akad\u00e1lya, ha megrendeled n\u00e1lunk az egyedi f\u00e9nyk\u00e9pes eg\u00e9rpadot, melyet b\u00e1rmely fot\u00f3val \u00e9s sz\u00f6veggel el tudunk k\u00e9sz\u00edteni.M\u00e9rete: 23,4*19,4 cm \u00e9s 3 mm vastag <strong>A rendel\u00e9st meger\u0151s\u00edt\u0151 e-mailre k\u00e9rj\u00fck, k\u00fcldje el v\u00e1laszlev\u00e9lben a k\u00edv\u00e1nt k\u00e9pet \u00e9s\/vagy sz\u00f6veget.<\/strong><\/p>\n","protected":false},"excerpt":{"rendered":"<p>A munka is jobban menne, ha egy vid\u00e1m nyaral\u00e1son k\u00e9sz\u00fclt f\u00e9nyk\u00e9p n\u00e9zne vissza az eg\u00e9rpadr\u00f3l? Vagy feldobn\u00e1d a h\u00e1zi dolgozat \u00edr\u00e1st azzal, hogy a kedvenc zenekarodon &#8220;kattintgatsz&#8221;? Semmi akad\u00e1lya, ha megrendeled n\u00e1lunk az egyedi f\u00e9nyk\u00e9pes eg\u00e9rpadot, melyet b\u00e1rmely fot\u00f3val \u00e9s sz\u00f6veggel el tudunk k\u00e9sz\u00edteni.M\u00e9rete: 23,4*19,4 cm \u00e9s 3 mm vastag <strong>A rendel\u00e9st meger\u0151s\u00edt\u0151 e-mailre k\u00e9rj\u00fck, k\u00fcldje el v\u00e1laszlev\u00e9lben a k\u00edv\u00e1nt k\u00e9pet \u00e9s\/vagy sz\u00f6veget.<\/strong><\/p>\n","protected":false},"featured_media":34360,"comment_status":"closed","ping_status":"closed","template":"","meta":[],"_links":{"self":[{"href":"https:\/\/graficolor.hu\/webshop\/wp-json\/wp\/v2\/product\/1219"}],"collection":[{"href":"https:\/\/graficolor.hu\/webshop\/wp-json\/wp\/v2\/product"}],"about":[{"href":"https:\/\/graficolor.hu\/webshop\/wp-json\/wp\/v2\/types\/product"}],"replies":[{"embeddable":true,"href":"https:\/\/graficolor.hu\/webshop\/wp-json\/wp\/v2\/comments?post=1219"}],"version-history":[{"count":1,"href":"https:\/\/graficolor.hu\/webshop\/wp-json\/wp\/v2\/product\/1219\/revisions"}],"predecessor-version":[{"id":49867,"href":"https:\/\/graficolor.hu\/webshop\/wp-json\/wp\/v2\/product\/1219\/revisions\/49867"}],"wp:featuredmedia":[{"embeddable":true,"href":"https:\/\/graficolor.hu\/webshop\/wp-json\/wp\/v2\/media\/34360"}],"wp:attachment":[{"href":"https:\/\/graficolor.hu\/webshop\/wp-json\/wp\/v2\/media?parent=1219"}],"curies":[{"name":"wp","href":"https:\/\/api.w.org\/{rel}","templated":true}]}}