{"id":1222,"date":"2015-11-24T05:30:30","date_gmt":"2015-11-24T04:30:30","guid":{"rendered":"http:\/\/graficolor.hu\/webshop\/termek\/fenykepes-koteny\/"},"modified":"2024-01-15T12:40:54","modified_gmt":"2024-01-15T11:40:54","slug":"fenykepes-koteny","status":"publish","type":"product","link":"https:\/\/graficolor.hu\/webshop\/termek\/fenykepes-koteny\/","title":{"rendered":"F\u00e9nyk\u00e9pes k\u00f6t\u00e9ny"},"content":{"rendered":"<p>Legy\u00e9l egyedi a konyh\u00e1ban is! Vagy tegy\u00fck egy\u00fctt divatoss\u00e1g anyuk\u00e1dat, nagymam\u00e1dat a vas\u00e1rnapi eb\u00e9d elk\u00e9sz\u00edt\u00e9s\u00e9hez.Maximum A\/4-es nyomattal <strong>A rendel\u00e9st meger\u0151s\u00edt\u0151 e-mailre k\u00e9rj\u00fck, k\u00fcldje el v\u00e1laszlev\u00e9lben a k\u00edv\u00e1nt k\u00e9pet \u00e9s\/vagy sz\u00f6veget.<\/strong><\/p>\n","protected":false},"excerpt":{"rendered":"<p>Legy\u00e9l egyedi a konyh\u00e1ban is! Vagy tegy\u00fck egy\u00fctt divatoss\u00e1g anyuk\u00e1dat, nagymam\u00e1dat a vas\u00e1rnapi eb\u00e9d elk\u00e9sz\u00edt\u00e9s\u00e9hez.Maximum A\/4-es nyomattal <strong>A rendel\u00e9st meger\u0151s\u00edt\u0151 e-mailre k\u00e9rj\u00fck, k\u00fcldje el v\u00e1laszlev\u00e9lben a k\u00edv\u00e1nt k\u00e9pet \u00e9s\/vagy sz\u00f6veget.<\/strong><\/p>\n","protected":false},"featured_media":34363,"comment_status":"closed","ping_status":"closed","template":"","meta":[],"_links":{"self":[{"href":"https:\/\/graficolor.hu\/webshop\/wp-json\/wp\/v2\/product\/1222"}],"collection":[{"href":"https:\/\/graficolor.hu\/webshop\/wp-json\/wp\/v2\/product"}],"about":[{"href":"https:\/\/graficolor.hu\/webshop\/wp-json\/wp\/v2\/types\/product"}],"replies":[{"embeddable":true,"href":"https:\/\/graficolor.hu\/webshop\/wp-json\/wp\/v2\/comments?post=1222"}],"version-history":[{"count":2,"href":"https:\/\/graficolor.hu\/webshop\/wp-json\/wp\/v2\/product\/1222\/revisions"}],"predecessor-version":[{"id":49868,"href":"https:\/\/graficolor.hu\/webshop\/wp-json\/wp\/v2\/product\/1222\/revisions\/49868"}],"wp:featuredmedia":[{"embeddable":true,"href":"https:\/\/graficolor.hu\/webshop\/wp-json\/wp\/v2\/media\/34363"}],"wp:attachment":[{"href":"https:\/\/graficolor.hu\/webshop\/wp-json\/wp\/v2\/media?parent=1222"}],"curies":[{"name":"wp","href":"https:\/\/api.w.org\/{rel}","templated":true}]}}