{"id":1226,"date":"2015-11-24T05:30:31","date_gmt":"2015-11-24T05:30:31","guid":{"rendered":"http:\/\/graficolor.hu\/webshop\/termek\/fenykepes-polo-a4-es-nyomattal-s-l\/"},"modified":"2025-02-03T11:11:47","modified_gmt":"2025-02-03T10:11:47","slug":"fenykepes-polo-a4-es-nyomattal-s-l","status":"publish","type":"product","link":"https:\/\/graficolor.hu\/webshop\/termek\/fenykepes-polo-a4-es-nyomattal-s-l\/","title":{"rendered":"F\u00e9nyk\u00e9pes p\u00f3l\u00f3 A\/4-es nyomattal S,M,L"},"content":{"rendered":"<p>Rendelj egyedi f\u00e9nyk\u00e9pes p\u00f3l\u00f3t fot\u00f3val, sz\u00f6veggel sz\u00fclet\u00e9snapra, leg\u00e9ny- vagy le\u00e1nyb\u00facs\u00fara vagy b\u00e1rmilyen alkalomra, ha vicces vagy eml\u00e9kezetes aj\u00e1nd\u00e9kot szeretn\u00e9l. Nagysz\u00fcl\u0151knek szint\u00e9n telital\u00e1lat!<\/p>\n<p><strong>A rendel\u00e9st meger\u0151s\u00edt\u0151 e-mailre k\u00e9rj\u00fck, k\u00fcldje el v\u00e1laszlev\u00e9lben a k\u00edv\u00e1nt k\u00e9pet \u00e9s\/vagy sz\u00f6veget.<\/strong><\/p>\n","protected":false},"excerpt":{"rendered":"<p>Rendelj egyedi f\u00e9nyk\u00e9pes p\u00f3l\u00f3t fot\u00f3val, sz\u00f6veggel sz\u00fclet\u00e9snapra, leg\u00e9ny- vagy le\u00e1nyb\u00facs\u00fara vagy b\u00e1rmilyen alkalomra, ha vicces vagy eml\u00e9kezetes aj\u00e1nd\u00e9kot szeretn\u00e9l. Nagysz\u00fcloknek szint\u00e9n telital\u00e1lat! <strong>A rendel\u00e9st meger\u0151s\u00edt\u0151 e-mailre k\u00e9rj\u00fck, k\u00fcldje el v\u00e1laszlev\u00e9lben a k\u00edv\u00e1nt k\u00e9pet \u00e9s\/vagy sz\u00f6veget.<\/strong><\/p>\n","protected":false},"featured_media":34342,"comment_status":"closed","ping_status":"closed","template":"","meta":[],"_links":{"self":[{"href":"https:\/\/graficolor.hu\/webshop\/wp-json\/wp\/v2\/product\/1226"}],"collection":[{"href":"https:\/\/graficolor.hu\/webshop\/wp-json\/wp\/v2\/product"}],"about":[{"href":"https:\/\/graficolor.hu\/webshop\/wp-json\/wp\/v2\/types\/product"}],"replies":[{"embeddable":true,"href":"https:\/\/graficolor.hu\/webshop\/wp-json\/wp\/v2\/comments?post=1226"}],"version-history":[{"count":1,"href":"https:\/\/graficolor.hu\/webshop\/wp-json\/wp\/v2\/product\/1226\/revisions"}],"predecessor-version":[{"id":49865,"href":"https:\/\/graficolor.hu\/webshop\/wp-json\/wp\/v2\/product\/1226\/revisions\/49865"}],"wp:featuredmedia":[{"embeddable":true,"href":"https:\/\/graficolor.hu\/webshop\/wp-json\/wp\/v2\/media\/34342"}],"wp:attachment":[{"href":"https:\/\/graficolor.hu\/webshop\/wp-json\/wp\/v2\/media?parent=1226"}],"curies":[{"name":"wp","href":"https:\/\/api.w.org\/{rel}","templated":true}]}}