{"id":1233,"date":"2015-12-17T09:30:19","date_gmt":"2015-12-17T09:30:19","guid":{"rendered":"http:\/\/graficolor.hu\/webshop\/termek\/fenykepes-torolkozo\/"},"modified":"2022-02-18T11:52:20","modified_gmt":"2022-02-18T10:52:20","slug":"fenykepes-torolkozo","status":"publish","type":"product","link":"https:\/\/graficolor.hu\/webshop\/termek\/fenykepes-torolkozo\/","title":{"rendered":"F\u00e9nyk\u00e9pes t\u00f6r\u00f6lk\u00f6z\u0151"},"content":{"rendered":"<p>Var\u00e1zsold egyediv\u00e9 f\u00fcrd\u0151szob\u00e1dat f\u00e9nyk\u00e9pes t\u00f6r\u00f6lk\u00f6z\u0151vel. Ha megl\u00e1tja a csal\u00e1d, biztosan irigykednek majd \u00e9s m\u00e1r meg is lesz a k\u00f6vetkez\u0151 aj\u00e1nd\u00e9k\u00f6tlet nekik.T\u00f6r\u00f6lk\u00f6z\u0151 m\u00e9rete: 50*100 cm\u00a0\u00a0 Nyomtathat\u00f3 m\u00e9ret: 10*48 cm <strong>A rendel\u00e9st meger\u0151s\u00edt\u0151 e-mailre k\u00e9rj\u00fck, k\u00fcldje el v\u00e1laszlev\u00e9lben a k\u00edv\u00e1nt k\u00e9pet \u00e9s\/vagy sz\u00f6veget.<\/strong><\/p>\n","protected":false},"excerpt":{"rendered":"<p>Var\u00e1zsold egyediv\u00e9 f\u00fcrd\u0151szob\u00e1dat f\u00e9nyk\u00e9pes t\u00f6r\u00f6lk\u00f6z\u0151vel. Ha megl\u00e1tja a csal\u00e1d, biztosan irigykednek majd \u00e9s m\u00e1r meg is lesz a k\u00f6vetkez\u0151 aj\u00e1nd\u00e9k\u00f6tlet nekik.T\u00f6r\u00f6lk\u00f6z\u0151 m\u00e9rete: 50*100 cm\u00a0\u00a0 Nyomtathat\u00f3 m\u00e9ret: 10*48 cm <strong>A rendel\u00e9st meger\u0151s\u00edt\u0151 e-mailre k\u00e9rj\u00fck, k\u00fcldje el v\u00e1laszlev\u00e9lben a k\u00edv\u00e1nt k\u00e9pet \u00e9s\/vagy sz\u00f6veget.<\/strong><\/p>\n","protected":false},"featured_media":34339,"comment_status":"closed","ping_status":"closed","template":"","meta":[],"_links":{"self":[{"href":"https:\/\/graficolor.hu\/webshop\/wp-json\/wp\/v2\/product\/1233"}],"collection":[{"href":"https:\/\/graficolor.hu\/webshop\/wp-json\/wp\/v2\/product"}],"about":[{"href":"https:\/\/graficolor.hu\/webshop\/wp-json\/wp\/v2\/types\/product"}],"replies":[{"embeddable":true,"href":"https:\/\/graficolor.hu\/webshop\/wp-json\/wp\/v2\/comments?post=1233"}],"version-history":[{"count":0,"href":"https:\/\/graficolor.hu\/webshop\/wp-json\/wp\/v2\/product\/1233\/revisions"}],"wp:featuredmedia":[{"embeddable":true,"href":"https:\/\/graficolor.hu\/webshop\/wp-json\/wp\/v2\/media\/34339"}],"wp:attachment":[{"href":"https:\/\/graficolor.hu\/webshop\/wp-json\/wp\/v2\/media?parent=1233"}],"curies":[{"name":"wp","href":"https:\/\/api.w.org\/{rel}","templated":true}]}}