{"id":1234,"date":"2015-11-24T05:30:31","date_gmt":"2015-11-24T05:30:31","guid":{"rendered":"http:\/\/graficolor.hu\/webshop\/termek\/sziv-alaku-fenykepes-parna\/"},"modified":"2024-01-15T12:40:02","modified_gmt":"2024-01-15T11:40:02","slug":"sziv-alaku-fenykepes-parna","status":"publish","type":"product","link":"https:\/\/graficolor.hu\/webshop\/termek\/sziv-alaku-fenykepes-parna\/","title":{"rendered":"Sz\u00edv alak\u00fa f\u00e9nyk\u00e9pes p\u00e1rna"},"content":{"rendered":"<p>A legszebb meglepet\u00e9s kedvesednek a sz\u00edv alak\u00fa f\u00e9nyk\u00e9pes p\u00e1rna minden alkalomra. B\u00e1rmilyen fot\u00f3val, felirattal megrendelheted n\u00e1lunk.A p\u00e1rna m\u00e9rte 40*44 cm, anyaga szat\u00e9nb\u00f3l k\u00e9sz\u00fcl, k\u00f6nnyed\u00e9n moshat\u00f3! A p\u00e1rnahuzatot t\u00f6ltettel egy\u00fctt sz\u00e1ll\u00edtjuk. <strong>A rendel\u00e9st meger\u0151s\u00edt\u0151 e-mailre k\u00e9rj\u00fck, k\u00fcldje el v\u00e1laszlev\u00e9lben a k\u00edv\u00e1nt k\u00e9pet \u00e9s\/vagy sz\u00f6veget.<\/strong><\/p>\n","protected":false},"excerpt":{"rendered":"<p>A legszebb meglepet\u00e9s kedvesednek a sz\u00edv alak\u00fa f\u00e9nyk\u00e9pes p\u00e1rna minden alkalomra. B\u00e1rmilyen fot\u00f3val, felirattal megrendelheted n\u00e1lunk.A p\u00e1rna m\u00e9rte 40*44 cm, anyaga szat\u00e9nb\u00f3l k\u00e9sz\u00fcl, k\u00f6nnyed\u00e9n moshat\u00f3! A p\u00e1rnahuzatot t\u00f6ltettel egy\u00fctt sz\u00e1ll\u00edtjuk. <strong>A rendel\u00e9st meger\u0151s\u00edt\u0151 e-mailre k\u00e9rj\u00fck, k\u00fcldje el v\u00e1laszlev\u00e9lben a k\u00edv\u00e1nt k\u00e9pet \u00e9s\/vagy sz\u00f6veget.<\/strong><\/p>\n","protected":false},"featured_media":34355,"comment_status":"closed","ping_status":"closed","template":"","meta":[],"_links":{"self":[{"href":"https:\/\/graficolor.hu\/webshop\/wp-json\/wp\/v2\/product\/1234"}],"collection":[{"href":"https:\/\/graficolor.hu\/webshop\/wp-json\/wp\/v2\/product"}],"about":[{"href":"https:\/\/graficolor.hu\/webshop\/wp-json\/wp\/v2\/types\/product"}],"replies":[{"embeddable":true,"href":"https:\/\/graficolor.hu\/webshop\/wp-json\/wp\/v2\/comments?post=1234"}],"version-history":[{"count":1,"href":"https:\/\/graficolor.hu\/webshop\/wp-json\/wp\/v2\/product\/1234\/revisions"}],"predecessor-version":[{"id":49504,"href":"https:\/\/graficolor.hu\/webshop\/wp-json\/wp\/v2\/product\/1234\/revisions\/49504"}],"wp:featuredmedia":[{"embeddable":true,"href":"https:\/\/graficolor.hu\/webshop\/wp-json\/wp\/v2\/media\/34355"}],"wp:attachment":[{"href":"https:\/\/graficolor.hu\/webshop\/wp-json\/wp\/v2\/media?parent=1234"}],"curies":[{"name":"wp","href":"https:\/\/api.w.org\/{rel}","templated":true}]}}