{"id":1235,"date":"2015-11-24T05:30:31","date_gmt":"2015-11-24T04:30:31","guid":{"rendered":"http:\/\/graficolor.hu\/webshop\/termek\/n-130-rm-50-ml\/"},"modified":"2025-01-15T12:29:00","modified_gmt":"2025-01-15T11:29:00","slug":"n-130-rm-50-ml","status":"publish","type":"product","link":"https:\/\/graficolor.hu\/webshop\/termek\/n-130-rm-50-ml\/","title":{"rendered":"N 130 RM &#8211; 50 ml"},"content":{"rendered":"<p>Az N 130 b\u00e9lyegz\u0151fest\u00e9khez tartoz\u00f3 old\u00f3- \u00e9s tiszt\u00edt\u00f3szer, melyet SOHA nem szabad a fest\u00e9khez \u00f6nteni. Haszn\u00e1lja \u0151ket a b\u00e9lyegz\u0151p\u00e1rna friss\u00edt\u00e9s\u00e9re \u00e9s ut\u00e1nfest\u00e9kez\u00e9s\u00e9re, melyet a fest\u00e9k \u00e9s az old\u00f3- \u00e9s tiszt\u00edt\u00f3szer egym\u00e1s ut\u00e1ni cs\u00f6p\u00f6gtet\u00e9s\u00e9vel tud megtenni. Nagyobb kiszerel\u00e9sre k\u00e9rje aj\u00e1nlatunkat.<\/p>\n","protected":false},"excerpt":{"rendered":"<p>Az N 130 b\u00e9lyegz\u0151fest\u00e9khez tartoz\u00f3 old\u00f3- \u00e9s tiszt\u00edt\u00f3szer, melyet SOHA nem szabad a fest\u00e9khez \u00f6nteni. Haszn\u00e1lja \u0151ket a b\u00e9lyegz\u0151p\u00e1rna friss\u00edt\u00e9s\u00e9re \u00e9s ut\u00e1nfest\u00e9kez\u00e9s\u00e9re, melyet a fest\u00e9k \u00e9s az old\u00f3- \u00e9s tiszt\u00edt\u00f3szer egym\u00e1s ut\u00e1ni cs\u00f6p\u00f6gtet\u00e9s\u00e9vel tud megtenni. Nagyobb kiszerel\u00e9sre k\u00e9rje aj\u00e1nlatunkat.<\/p>\n","protected":false},"featured_media":4368,"comment_status":"closed","ping_status":"closed","template":"","meta":[],"_links":{"self":[{"href":"https:\/\/graficolor.hu\/webshop\/wp-json\/wp\/v2\/product\/1235"}],"collection":[{"href":"https:\/\/graficolor.hu\/webshop\/wp-json\/wp\/v2\/product"}],"about":[{"href":"https:\/\/graficolor.hu\/webshop\/wp-json\/wp\/v2\/types\/product"}],"replies":[{"embeddable":true,"href":"https:\/\/graficolor.hu\/webshop\/wp-json\/wp\/v2\/comments?post=1235"}],"version-history":[{"count":2,"href":"https:\/\/graficolor.hu\/webshop\/wp-json\/wp\/v2\/product\/1235\/revisions"}],"predecessor-version":[{"id":49629,"href":"https:\/\/graficolor.hu\/webshop\/wp-json\/wp\/v2\/product\/1235\/revisions\/49629"}],"wp:featuredmedia":[{"embeddable":true,"href":"https:\/\/graficolor.hu\/webshop\/wp-json\/wp\/v2\/media\/4368"}],"wp:attachment":[{"href":"https:\/\/graficolor.hu\/webshop\/wp-json\/wp\/v2\/media?parent=1235"}],"curies":[{"name":"wp","href":"https:\/\/api.w.org\/{rel}","templated":true}]}}