{"id":1242,"date":"2015-11-24T05:30:31","date_gmt":"2015-11-24T04:30:31","guid":{"rendered":"http:\/\/graficolor.hu\/webshop\/termek\/norex-110rx-100-ml\/"},"modified":"2025-01-15T12:30:16","modified_gmt":"2025-01-15T11:30:16","slug":"norex-110rx-100-ml","status":"publish","type":"product","link":"https:\/\/graficolor.hu\/webshop\/termek\/norex-110rx-100-ml\/","title":{"rendered":"Norex 110RX &#8211; 100 ml"},"content":{"rendered":"<p>Ez az univerz\u00e1lis tiszt\u00edt\u00f3 spray kef\u00e9s tiszt\u00edt\u00f3fejjel van ell\u00e1tva, mely b\u00e1rmely b\u00e9lyegz\u0151 tiszt\u00e1n tart\u00e1s\u00e1ra t\u00f6k\u00e9letesen alkalmas. Pump\u00e1ljon bel\u0151le a kef\u00e9re, tiszt\u00edtsa meg a b\u00e9lyegz\u0151t, majd j\u00f3l sz\u00edv\u00f3 pap\u00edrra (pap\u00edrt\u00f6rl\u0151 stb.) nyomjon a b\u00e9lyegz\u0151vel p\u00e1rat.<\/p>\n","protected":false},"excerpt":{"rendered":"<p>Ez az univerz\u00e1lis tiszt\u00edt\u00f3 spray kef\u00e9s tiszt\u00edt\u00f3fejjel van ell\u00e1tva, mely b\u00e1rmely b\u00e9lyegz\u0151 tiszt\u00e1n tart\u00e1s\u00e1ra t\u00f6k\u00e9letesen alkalmas. Pump\u00e1ljon bel\u0151le a kef\u00e9re, tiszt\u00edtsa meg a b\u00e9lyegz\u0151t, majd j\u00f3l sz\u00edv\u00f3 pap\u00edrra (pap\u00edrt\u00f6rl\u0151 stb.) nyomjon a b\u00e9lyegz\u0151vel p\u00e1rat.<\/p>\n","protected":false},"featured_media":4375,"comment_status":"closed","ping_status":"closed","template":"","meta":[],"_links":{"self":[{"href":"https:\/\/graficolor.hu\/webshop\/wp-json\/wp\/v2\/product\/1242"}],"collection":[{"href":"https:\/\/graficolor.hu\/webshop\/wp-json\/wp\/v2\/product"}],"about":[{"href":"https:\/\/graficolor.hu\/webshop\/wp-json\/wp\/v2\/types\/product"}],"replies":[{"embeddable":true,"href":"https:\/\/graficolor.hu\/webshop\/wp-json\/wp\/v2\/comments?post=1242"}],"version-history":[{"count":2,"href":"https:\/\/graficolor.hu\/webshop\/wp-json\/wp\/v2\/product\/1242\/revisions"}],"predecessor-version":[{"id":49630,"href":"https:\/\/graficolor.hu\/webshop\/wp-json\/wp\/v2\/product\/1242\/revisions\/49630"}],"wp:featuredmedia":[{"embeddable":true,"href":"https:\/\/graficolor.hu\/webshop\/wp-json\/wp\/v2\/media\/4375"}],"wp:attachment":[{"href":"https:\/\/graficolor.hu\/webshop\/wp-json\/wp\/v2\/media?parent=1242"}],"curies":[{"name":"wp","href":"https:\/\/api.w.org\/{rel}","templated":true}]}}