{"id":1243,"date":"2015-11-24T05:30:33","date_gmt":"2015-11-24T05:30:33","guid":{"rendered":"http:\/\/graficolor.hu\/webshop\/termek\/norex-820rm-100-ml\/"},"modified":"2025-01-15T12:26:52","modified_gmt":"2025-01-15T11:26:52","slug":"norex-820rm-100-ml","status":"publish","type":"product","link":"https:\/\/graficolor.hu\/webshop\/termek\/norex-820rm-100-ml\/","title":{"rendered":"Norex 820RM &#8211; 100 ml"},"content":{"rendered":"<p>Ez a tiszt\u00edt\u00f3szer olyan b\u00e9lyegz\u0151k tiszt\u00edt\u00e1s\u00e1ra alkalmas, melyet olajos b\u00e9lyegz\u0151fest\u00e9kekkel haszn\u00e1lunk. P\u00e1r pump\u00e1l\u00e1s a fel\u00fcletre, majd nyomja le p\u00e1rszor j\u00f3l sz\u00edv\u00f3 pap\u00edrra \u00e9s k\u00e9sz is.<\/p>\n","protected":false},"excerpt":{"rendered":"<p>Olajos fest\u00e9kkel haszn\u00e1lt b\u00e9lyegz\u0151k tiszt\u00edt\u00e1s\u00e1ra alkalmas tiszt\u00edt\u00f3szer.<br \/>\nN\u00e9h\u00e1ny pump\u00e1l\u00e1ssal hordja f\u00f6l a b\u00e9lyegz\u0151 fel\u00fcletre \u00e9s nyomja le t\u00f6bbsz\u00f6r a b\u00e9lyegz\u0151t sz\u00edv\u00f3 pap\u00edrra vagy pap\u00edr k\u00e9zt\u00f6rl\u0151re.<\/p>\n","protected":false},"featured_media":4376,"comment_status":"closed","ping_status":"closed","template":"","meta":[],"_links":{"self":[{"href":"https:\/\/graficolor.hu\/webshop\/wp-json\/wp\/v2\/product\/1243"}],"collection":[{"href":"https:\/\/graficolor.hu\/webshop\/wp-json\/wp\/v2\/product"}],"about":[{"href":"https:\/\/graficolor.hu\/webshop\/wp-json\/wp\/v2\/types\/product"}],"replies":[{"embeddable":true,"href":"https:\/\/graficolor.hu\/webshop\/wp-json\/wp\/v2\/comments?post=1243"}],"version-history":[{"count":1,"href":"https:\/\/graficolor.hu\/webshop\/wp-json\/wp\/v2\/product\/1243\/revisions"}],"predecessor-version":[{"id":49527,"href":"https:\/\/graficolor.hu\/webshop\/wp-json\/wp\/v2\/product\/1243\/revisions\/49527"}],"wp:featuredmedia":[{"embeddable":true,"href":"https:\/\/graficolor.hu\/webshop\/wp-json\/wp\/v2\/media\/4376"}],"wp:attachment":[{"href":"https:\/\/graficolor.hu\/webshop\/wp-json\/wp\/v2\/media?parent=1243"}],"curies":[{"name":"wp","href":"https:\/\/api.w.org\/{rel}","templated":true}]}}