{"id":1245,"date":"2015-11-24T05:30:33","date_gmt":"2015-11-24T05:30:33","guid":{"rendered":"http:\/\/graficolor.hu\/webshop\/termek\/norex-840rm-100-ml\/"},"modified":"2025-01-15T12:27:10","modified_gmt":"2025-01-15T11:27:10","slug":"norex-840rm-100-ml","status":"publish","type":"product","link":"https:\/\/graficolor.hu\/webshop\/termek\/norex-840rm-100-ml\/","title":{"rendered":"Norex 840RM &#8211; 100 ml"},"content":{"rendered":"<p>Ez a tiszt\u00edt\u00f3szer olyan b\u00e9lyegz\u0151k tiszt\u00edt\u00e1s\u00e1ra alkalmas, melyet vizes b\u00e1zis\u00fa b\u00e9lyegz\u0151fest\u00e9kekkel haszn\u00e1lunk. P\u00e1r pump\u00e1l\u00e1s a fel\u00fcletre, majd nyomja le p\u00e1rszor j\u00f3l sz\u00edv\u00f3 pap\u00edrra \u00e9s k\u00e9sz is.<\/p>\n","protected":false},"excerpt":{"rendered":"<p>Ez a tiszt\u00edt\u00f3szer olyan b\u00e9lyegz\u0151k tiszt\u00edt\u00e1s\u00e1ra alkalmas, melyet vizes b\u00e1zis\u00fa b\u00e9lyegz\u0151fest\u00e9kekkel haszn\u00e1lunk. P\u00e1r pump\u00e1l\u00e1s a fel\u00fcletre, majd nyomja le p\u00e1rszor j\u00f3l sz\u00edv\u00f3 pap\u00edrra \u00e9s k\u00e9sz is.<\/p>\n","protected":false},"featured_media":4379,"comment_status":"closed","ping_status":"closed","template":"","meta":[],"_links":{"self":[{"href":"https:\/\/graficolor.hu\/webshop\/wp-json\/wp\/v2\/product\/1245"}],"collection":[{"href":"https:\/\/graficolor.hu\/webshop\/wp-json\/wp\/v2\/product"}],"about":[{"href":"https:\/\/graficolor.hu\/webshop\/wp-json\/wp\/v2\/types\/product"}],"replies":[{"embeddable":true,"href":"https:\/\/graficolor.hu\/webshop\/wp-json\/wp\/v2\/comments?post=1245"}],"version-history":[{"count":1,"href":"https:\/\/graficolor.hu\/webshop\/wp-json\/wp\/v2\/product\/1245\/revisions"}],"predecessor-version":[{"id":49529,"href":"https:\/\/graficolor.hu\/webshop\/wp-json\/wp\/v2\/product\/1245\/revisions\/49529"}],"wp:featuredmedia":[{"embeddable":true,"href":"https:\/\/graficolor.hu\/webshop\/wp-json\/wp\/v2\/media\/4379"}],"wp:attachment":[{"href":"https:\/\/graficolor.hu\/webshop\/wp-json\/wp\/v2\/media?parent=1245"}],"curies":[{"name":"wp","href":"https:\/\/api.w.org\/{rel}","templated":true}]}}