{"id":1248,"date":"2015-11-24T05:30:33","date_gmt":"2015-11-24T04:30:33","guid":{"rendered":"http:\/\/graficolor.hu\/webshop\/termek\/xqtr-rm32-sg-20-tat-oldoszer\/"},"modified":"2025-01-15T12:23:49","modified_gmt":"2025-01-15T11:23:49","slug":"xqtr-rm32-sg-20-tat-oldoszer","status":"publish","type":"product","link":"https:\/\/graficolor.hu\/webshop\/termek\/xqtr-rm32-sg-20-tat-oldoszer\/","title":{"rendered":"XQTR-RM32-SG-20 TAT old\u00f3szer"},"content":{"rendered":"<p>Ezt az old\u00f3szert az XQTR-20-SG TAT gyorsan sz\u00e1rad\u00f3 fest\u00e9khez aj\u00e1nljuk, mellyel a besz\u00e1radt b\u00e9lyegz\u0151p\u00e1rn\u00e1t tudjuk friss\u00edteni, a gumit tiszt\u00edtani \u00e9s a nem k\u00edv\u00e1nt lenyomatot elt\u00e1vol\u00edtani. Lenyomat elt\u00e1vol\u00edt\u00e1s el\u0151tt pr\u00f3ba v\u00e9gz\u00e9se k\u00f6telez\u0151, hogy az adott anyagot nem-e k\u00e1ros\u00edtja az old\u00f3szer. Kiszerel\u00e9s: 20 ml<\/p>\n","protected":false},"excerpt":{"rendered":"<p>Ezt az old\u00f3szert az XQTR-20-SG TAT gyorsan sz\u00e1rad\u00f3 fest\u00e9khez aj\u00e1nljuk, mellyel a besz\u00e1radt b\u00e9lyegz\u0151p\u00e1rn\u00e1t tudjuk friss\u00edteni, a gumit tiszt\u00edtani \u00e9s a nem k\u00edv\u00e1nt lenyomatot elt\u00e1vol\u00edtani. Lenyomat elt\u00e1vol\u00edt\u00e1s el\u0151tt pr\u00f3ba v\u00e9gz\u00e9se k\u00f6telez\u0151, hogy az adott anyagot nem-e k\u00e1ros\u00edtja az old\u00f3szer. Kiszerel\u00e9s: 20 ml<\/p>\n","protected":false},"featured_media":4382,"comment_status":"closed","ping_status":"closed","template":"","meta":[],"_links":{"self":[{"href":"https:\/\/graficolor.hu\/webshop\/wp-json\/wp\/v2\/product\/1248"}],"collection":[{"href":"https:\/\/graficolor.hu\/webshop\/wp-json\/wp\/v2\/product"}],"about":[{"href":"https:\/\/graficolor.hu\/webshop\/wp-json\/wp\/v2\/types\/product"}],"replies":[{"embeddable":true,"href":"https:\/\/graficolor.hu\/webshop\/wp-json\/wp\/v2\/comments?post=1248"}],"version-history":[{"count":2,"href":"https:\/\/graficolor.hu\/webshop\/wp-json\/wp\/v2\/product\/1248\/revisions"}],"predecessor-version":[{"id":49627,"href":"https:\/\/graficolor.hu\/webshop\/wp-json\/wp\/v2\/product\/1248\/revisions\/49627"}],"wp:featuredmedia":[{"embeddable":true,"href":"https:\/\/graficolor.hu\/webshop\/wp-json\/wp\/v2\/media\/4382"}],"wp:attachment":[{"href":"https:\/\/graficolor.hu\/webshop\/wp-json\/wp\/v2\/media?parent=1248"}],"curies":[{"name":"wp","href":"https:\/\/api.w.org\/{rel}","templated":true}]}}