{"id":1251,"date":"2015-11-24T05:30:33","date_gmt":"2015-11-24T05:30:33","guid":{"rendered":"http:\/\/graficolor.hu\/webshop\/termek\/xstamper-cs-20n20-ml\/"},"modified":"2025-01-15T12:25:08","modified_gmt":"2025-01-15T11:25:08","slug":"xstamper-cs-20n20-ml","status":"publish","type":"product","link":"https:\/\/graficolor.hu\/webshop\/termek\/xstamper-cs-20n20-ml\/","title":{"rendered":"Xstamper CS-20N\/20 ml"},"content":{"rendered":"<p>Az XSTAMPER b\u00e9lyegz\u0151k ut\u00e1nfest\u00e9kez\u00e9s\u00e9hez k\u00e9sz\u00fclt term\u00e9k, mellyel miut\u00e1n ut\u00e1nfest\u00e9kezt\u00fck a tintap\u00e1rn\u00e1t 12 \u00f3r\u00e1n bel\u00fcl nem aj\u00e1nljuk haszn\u00e1lni a b\u00e9lyegz\u0151t, hogy a fest\u00e9k j\u00f3l elter\u00fclj\u00f6n \u00e9s felsz\u00edv\u00f3djon. Sz\u00ednek: fekete, k\u00e9k, lila, piros, z\u00f6ld<\/p>\n","protected":false},"excerpt":{"rendered":"<p>Az XSTAMPER b\u00e9lyegz\u0151k ut\u00e1nfest\u00e9kez\u00e9s\u00e9hez k\u00e9sz\u00fclt term\u00e9k, mellyel miut\u00e1n ut\u00e1nfest\u00e9kezt\u00fck a tintap\u00e1rn\u00e1t 12 \u00f3r\u00e1n bel\u00fcl nem aj\u00e1nljuk haszn\u00e1lni a b\u00e9lyegz\u0151t, hogy a fest\u00e9k j\u00f3l elter\u00fclj\u00f6n \u00e9s felsz\u00edv\u00f3djon.<\/p>\n","protected":false},"featured_media":5799,"comment_status":"closed","ping_status":"closed","template":"","meta":[],"_links":{"self":[{"href":"https:\/\/graficolor.hu\/webshop\/wp-json\/wp\/v2\/product\/1251"}],"collection":[{"href":"https:\/\/graficolor.hu\/webshop\/wp-json\/wp\/v2\/product"}],"about":[{"href":"https:\/\/graficolor.hu\/webshop\/wp-json\/wp\/v2\/types\/product"}],"replies":[{"embeddable":true,"href":"https:\/\/graficolor.hu\/webshop\/wp-json\/wp\/v2\/comments?post=1251"}],"version-history":[{"count":1,"href":"https:\/\/graficolor.hu\/webshop\/wp-json\/wp\/v2\/product\/1251\/revisions"}],"predecessor-version":[{"id":49535,"href":"https:\/\/graficolor.hu\/webshop\/wp-json\/wp\/v2\/product\/1251\/revisions\/49535"}],"wp:featuredmedia":[{"embeddable":true,"href":"https:\/\/graficolor.hu\/webshop\/wp-json\/wp\/v2\/media\/5799"}],"wp:attachment":[{"href":"https:\/\/graficolor.hu\/webshop\/wp-json\/wp\/v2\/media?parent=1251"}],"curies":[{"name":"wp","href":"https:\/\/api.w.org\/{rel}","templated":true}]}}