{"id":1254,"date":"2015-11-24T06:30:33","date_gmt":"2015-11-24T05:30:33","guid":{"rendered":"http:\/\/graficolor.hu\/webshop\/termek\/tat-xqt-11-belyegzooldoszer-rm\/"},"modified":"2025-01-15T12:22:35","modified_gmt":"2025-01-15T11:22:35","slug":"tat-xqt-11-belyegzooldoszer-rm","status":"publish","type":"product","link":"https:\/\/graficolor.hu\/webshop\/termek\/tat-xqt-11-belyegzooldoszer-rm\/","title":{"rendered":"TAT-XQT-11 b\u00e9lyegz\u0151 old\u00f3szer (RM)"},"content":{"rendered":"<p>Ipari felhaszn\u00e1l\u00e1sra alkalmas b\u00e9lyegz\u00f5 gyorsan sz\u00e1rad\u00f3 fest\u00e9kkel t\u00f6ltve. A legk\u00fcl\u00f6nf\u00e9l\u00e9bb anyagokon megjelen\u00edthet\u00f5 (pl. cikksz\u00e1m, term\u00e9k azonos\u00edt\u00f3, sorozatsz\u00e1m, dolgoz\u00f3i azonos\u00edt\u00f3, min\u00f5s\u00e9gellen\u00f5rz\u00e9si jelek, stb .) Ide\u00e1lis nehezen b\u00e9lyegezhet\u00f5, speci\u00e1lis, a fest\u00e9ket magukba nem sz\u00edv\u00f3 fel\u00fcletek jel\u00f6l\u00e9s\u00e9re, (pl. f\u00e9m, \u00fcveg,m\u00fbanyag, b\u00f5r, f\u00e9nyes pap\u00edrok, stb. )<br \/>\nA TAT fest\u00e9kek gyorsan sz\u00e1radnak \u00e9s teljes sz\u00e1rad\u00e1s ut\u00e1n v\u00edz-, h\u00f5- \u00e9s olaj\u00e1ll\u00f3ak. Nem sz\u00fcks\u00e9ges k\u00fcl\u00f6n b\u00e9lyegz\u00f5p\u00e1rna haszn\u00e1lata. \u00dajrafest\u00e9kezhet\u00f5.<br \/>\nSz\u00e1rad\u00e1si id\u00f5: G &#8211; gyorsan sz\u00e1rad\u00f3\u00a0 SG &#8211; nagyon gyorsan sz\u00e1rad\u00f3.<br \/>\nA TAT old\u00f3szerekkel friss\u00edthet\u00f5k a besz\u00e1radt b\u00e9lyegz\u00f5gumik \u00e9s a nem k\u00edv\u00e1nt lenyomatok elt\u00e1vol\u00edthat\u00f3k.<br \/>\nSz\u00e1ll\u00edt\u00e1si kiszerel\u00e9s: b\u00e9lyegz\u00f5 + old\u00f3szer +sim\u00edt\u00f3z\u00e1ras f\u00f3lia tasak, mely biztos\u00edtja a haszn\u00e1laton k\u00edv\u00fcli megfelel\u00f5 t\u00e1rol\u00e1st.<\/p>\n<p><b>fest\u00e9k sz\u00edne:<\/b><br \/>\nfekete, k\u00e9k, piros, z\u00f6ld, feh\u00e9r<br \/>\n<img src=\"https:\/\/www.colopshop.hu\/img\/pxl.gif\" alt=\"\" width=\"8\" \/><br \/>\n<b>sz\u00e1rad\u00e1si id\u00f5:<\/b><br \/>\ngyorsan sz\u00e1rad, nagyon gyorsan sz\u00e1rad<br \/>\n<img src=\"https:\/\/www.colopshop.hu\/img\/pxl.gif\" alt=\"\" width=\"8\" \/><\/p>\n<div style=\"margin-bottom: 3px\"><b>Mintalenyomat:<\/b><\/div>\n<p><img style=\"border: 10px solid #eeeeee\" src=\"https:\/\/www.colopshop.hu\/pkgimg\/products\/14090101\/img_imprint.gif\" alt=\"\" \/><\/p>\n<div class=\"ss-small\">o11 mm, max. 2 sor<\/div>\n","protected":false},"excerpt":{"rendered":"<p>Ipari felhaszn\u00e1l\u00e1sra alkalmas b\u00e9lyegz\u00f5 gyorsan sz\u00e1rad\u00f3 fest\u00e9kkel t\u00f6ltve. A legk\u00fcl\u00f6nf\u00e9l\u00e9bb anyagokon megjelen\u00edthet\u00f5 (pl. cikksz\u00e1m, term\u00e9k azonos\u00edt\u00f3, sorozatsz\u00e1m, dolgoz\u00f3i azonos\u00edt\u00f3, min\u00f5s\u00e9gellen\u00f5rz\u00e9si jelek, stb .) Ide\u00e1lis nehezen b\u00e9lyegezhet\u00f5, speci\u00e1lis, a fest\u00e9ket magukba nem sz\u00edv\u00f3 fel\u00fcletek jel\u00f6l\u00e9s\u00e9re, (pl. f\u00e9m, \u00fcveg,m\u00fbanyag, b\u00f5r, f\u00e9nyes pap\u00edrok, stb. )<br \/>\nA TAT fest\u00e9kek gyorsan sz\u00e1radnak \u00e9s teljes sz\u00e1rad\u00e1s ut\u00e1n v\u00edz-, h\u00f5- \u00e9s olaj\u00e1ll\u00f3ak. Nem sz\u00fcks\u00e9ges k\u00fcl\u00f6n b\u00e9lyegz\u00f5p\u00e1rna haszn\u00e1lata. \u00dajrafest\u00e9kezhet\u00f5.<br \/>\nSz\u00e1rad\u00e1si id\u00f5: G &#8211; gyorsan sz\u00e1rad\u00f3\u00a0 SG &#8211; nagyon gyorsan sz\u00e1rad\u00f3.<br \/>\nA TAT old\u00f3szerekkel friss\u00edthet\u00f5k a besz\u00e1radt b\u00e9lyegz\u00f5gumik \u00e9s a nem k\u00edv\u00e1nt lenyomatok elt\u00e1vol\u00edthat\u00f3k.<br \/>\nSz\u00e1ll\u00edt\u00e1si kiszerel\u00e9s: b\u00e9lyegz\u00f5 + old\u00f3szer +sim\u00edt\u00f3z\u00e1ras f\u00f3lia tasak, mely biztos\u00edtja a haszn\u00e1laton k\u00edv\u00fcli megfelel\u00f5 t\u00e1rol\u00e1st.<\/p>\n<p><b>fest\u00e9k sz\u00edne:<\/b><br \/>\nfekete, k\u00e9k, piros, z\u00f6ld, feh\u00e9r<br \/>\n<img src=\"http:\/\/www.colopshop.hu\/img\/pxl.gif\" alt=\"\" width=\"8\" \/><br \/>\n<b>sz\u00e1rad\u00e1si id\u00f5:<\/b><br \/>\ngyorsan sz\u00e1rad, nagyon gyorsan sz\u00e1rad<br \/>\n<img src=\"http:\/\/www.colopshop.hu\/img\/pxl.gif\" alt=\"\" width=\"8\" \/><\/p>\n<div style=\"margin-bottom: 3px\"><b>Mintalenyomat:<\/b><\/div>\n<p><img style=\"border: 10px solid #eeeeee\" src=\"http:\/\/www.colopshop.hu\/pkgimg\/products\/14090101\/img_imprint.gif\" alt=\"\" \/><\/p>\n<div class=\"ss-small\">o11 mm, max. 2 sor<\/div>\n","protected":false},"featured_media":641,"comment_status":"closed","ping_status":"closed","template":"","meta":[],"_links":{"self":[{"href":"https:\/\/graficolor.hu\/webshop\/wp-json\/wp\/v2\/product\/1254"}],"collection":[{"href":"https:\/\/graficolor.hu\/webshop\/wp-json\/wp\/v2\/product"}],"about":[{"href":"https:\/\/graficolor.hu\/webshop\/wp-json\/wp\/v2\/types\/product"}],"replies":[{"embeddable":true,"href":"https:\/\/graficolor.hu\/webshop\/wp-json\/wp\/v2\/comments?post=1254"}],"version-history":[{"count":1,"href":"https:\/\/graficolor.hu\/webshop\/wp-json\/wp\/v2\/product\/1254\/revisions"}],"predecessor-version":[{"id":49524,"href":"https:\/\/graficolor.hu\/webshop\/wp-json\/wp\/v2\/product\/1254\/revisions\/49524"}],"wp:featuredmedia":[{"embeddable":true,"href":"https:\/\/graficolor.hu\/webshop\/wp-json\/wp\/v2\/media\/641"}],"wp:attachment":[{"href":"https:\/\/graficolor.hu\/webshop\/wp-json\/wp\/v2\/media?parent=1254"}],"curies":[{"name":"wp","href":"https:\/\/api.w.org\/{rel}","templated":true}]}}