{"id":1256,"date":"2015-11-24T05:30:33","date_gmt":"2015-11-24T05:30:33","guid":{"rendered":"http:\/\/graficolor.hu\/webshop\/termek\/xqtr-20-g-tat-festek-2\/"},"modified":"2025-01-15T12:25:56","modified_gmt":"2025-01-15T11:25:56","slug":"xqtr-20-g-tat-festek-2","status":"publish","type":"product","link":"https:\/\/graficolor.hu\/webshop\/termek\/xqtr-20-g-tat-festek-2\/","title":{"rendered":"XQTR-20-G TAT fest\u00e9k"},"content":{"rendered":"<p>Ez a v\u00edz-, h\u0151- \u00e9s olaj\u00e1ll\u00f3 gyorsan sz\u00e1rad\u00f3 fest\u00e9k ipari jel\u00f6l\u00e9sre alkalmas XSTAMPER-TAT b\u00e9lyegz\u0151h\u00f6z vagy a hozz\u00e1 tartoz\u00f3 tintap\u00e1rn\u00e1hoz (pl. ATU-2) aj\u00e1nljuk. Kiszerel\u00e9s: 20 ml Sz\u00ednv\u00e1laszt\u00e9k: fekete, k\u00e9k, piros, z\u00f6ld, feh\u00e9r<\/p>\n","protected":false},"excerpt":{"rendered":"<p>Ez a v\u00edz-, h\u0151- \u00e9s olaj\u00e1ll\u00f3 gyorsan sz\u00e1rad\u00f3 fest\u00e9k ipari jel\u00f6l\u00e9sre alkalmas XSTAMPER-TAT b\u00e9lyegz\u0151h\u00f6z vagy a hozz\u00e1 tartoz\u00f3 tintap\u00e1rn\u00e1hoz (pl. ATU-2) aj\u00e1nljuk. Kiszerel\u00e9s: 20 ml<\/p>\n","protected":false},"featured_media":4365,"comment_status":"closed","ping_status":"closed","template":"","meta":[],"_links":{"self":[{"href":"https:\/\/graficolor.hu\/webshop\/wp-json\/wp\/v2\/product\/1256"}],"collection":[{"href":"https:\/\/graficolor.hu\/webshop\/wp-json\/wp\/v2\/product"}],"about":[{"href":"https:\/\/graficolor.hu\/webshop\/wp-json\/wp\/v2\/types\/product"}],"replies":[{"embeddable":true,"href":"https:\/\/graficolor.hu\/webshop\/wp-json\/wp\/v2\/comments?post=1256"}],"version-history":[{"count":1,"href":"https:\/\/graficolor.hu\/webshop\/wp-json\/wp\/v2\/product\/1256\/revisions"}],"predecessor-version":[{"id":49528,"href":"https:\/\/graficolor.hu\/webshop\/wp-json\/wp\/v2\/product\/1256\/revisions\/49528"}],"wp:featuredmedia":[{"embeddable":true,"href":"https:\/\/graficolor.hu\/webshop\/wp-json\/wp\/v2\/media\/4365"}],"wp:attachment":[{"href":"https:\/\/graficolor.hu\/webshop\/wp-json\/wp\/v2\/media?parent=1256"}],"curies":[{"name":"wp","href":"https:\/\/api.w.org\/{rel}","templated":true}]}}