{"id":1258,"date":"2015-11-24T05:30:33","date_gmt":"2015-11-24T04:30:33","guid":{"rendered":"http:\/\/graficolor.hu\/webshop\/termek\/xqtr-rm31-g-20-tat-oldoszer-2\/"},"modified":"2025-01-15T12:26:11","modified_gmt":"2025-01-15T11:26:11","slug":"xqtr-rm31-g-20-tat-oldoszer-2","status":"publish","type":"product","link":"https:\/\/graficolor.hu\/webshop\/termek\/xqtr-rm31-g-20-tat-oldoszer-2\/","title":{"rendered":"XQTR-RM31-G-20 TAT old\u00f3szer"},"content":{"rendered":"<p>Ezt az old\u00f3szert az XQTR-20-G TAT gyorsan sz\u00e1rad\u00f3 fest\u00e9khez aj\u00e1nljuk, mellyel a besz\u00e1radt b\u00e9lyegz\u0151p\u00e1rn\u00e1t tudjuk friss\u00edteni, a gumit tiszt\u00edtani \u00e9s a nem k\u00edv\u00e1nt lenyomatot elt\u00e1vol\u00edtani. Lenyomat elt\u00e1vol\u00edt\u00e1s el\u0151tt pr\u00f3ba v\u00e9gz\u00e9se k\u00f6telez\u0151, hogy az adott anyagot nem-e k\u00e1ros\u00edtja az old\u00f3szer. Kiszerel\u00e9s: 20 ml<\/p>\n","protected":false},"excerpt":{"rendered":"<p>Old\u00f3szer (RM31) az XQTR-20-G TAT gyorsan sz\u00e1rad\u00f3 fest\u00e9khez. A TAT old\u00f3szerekkel friss\u00edthet\u00f5k a besz\u00e1radt, megkem\u00e9nyedett b\u00e9lyegz\u00f5p\u00e1rn\u00e1k, tiszt\u00edthat\u00f3k a b\u00e9lyegz\u00f5gumik \u00e9s a nem k\u00edv\u00e1nt lenyomatok elt\u00e1vol\u00edthat\u00f3k. (Az ut\u00f3bbi esetben mindig v\u00e9gezzen pr\u00f3b\u00e1t, hogy az old\u00f3szer nem s\u00e9rti-e vagy roncsolja a fel\u00fcletet!)\u00a0\u00a0 Kiszerel\u00e9s: 20 ml<\/p>\n<p>&nbsp;<\/p>\n","protected":false},"featured_media":4381,"comment_status":"closed","ping_status":"closed","template":"","meta":[],"_links":{"self":[{"href":"https:\/\/graficolor.hu\/webshop\/wp-json\/wp\/v2\/product\/1258"}],"collection":[{"href":"https:\/\/graficolor.hu\/webshop\/wp-json\/wp\/v2\/product"}],"about":[{"href":"https:\/\/graficolor.hu\/webshop\/wp-json\/wp\/v2\/types\/product"}],"replies":[{"embeddable":true,"href":"https:\/\/graficolor.hu\/webshop\/wp-json\/wp\/v2\/comments?post=1258"}],"version-history":[{"count":2,"href":"https:\/\/graficolor.hu\/webshop\/wp-json\/wp\/v2\/product\/1258\/revisions"}],"predecessor-version":[{"id":49628,"href":"https:\/\/graficolor.hu\/webshop\/wp-json\/wp\/v2\/product\/1258\/revisions\/49628"}],"wp:featuredmedia":[{"embeddable":true,"href":"https:\/\/graficolor.hu\/webshop\/wp-json\/wp\/v2\/media\/4381"}],"wp:attachment":[{"href":"https:\/\/graficolor.hu\/webshop\/wp-json\/wp\/v2\/media?parent=1258"}],"curies":[{"name":"wp","href":"https:\/\/api.w.org\/{rel}","templated":true}]}}