{"id":1908,"date":"2016-02-01T00:00:00","date_gmt":"2016-02-01T00:00:00","guid":{"rendered":"http:\/\/graficolor.hu\/webshop\/?post_type=product&#038;p=1908"},"modified":"2022-04-01T10:48:20","modified_gmt":"2022-04-01T08:48:20","slug":"egyedi-ferfi-polo-28","status":"publish","type":"product","link":"https:\/\/graficolor.hu\/webshop\/termek\/egyedi-ferfi-polo-28\/","title":{"rendered":"Egyedi f\u00e9rfi p\u00f3l\u00f3"},"content":{"rendered":"<p>Egyedi f\u00e9rfi p\u00f3l\u00f3,sz\u00fcrke. 40 fokon moshat\u00f3. V\u00e1lassz hozz\u00e1 egyedi nyomatot is!<\/p>\n","protected":false},"excerpt":{"rendered":"<p>Egyedi f\u00e9rfi p\u00f3l\u00f3,sz\u00fcrke. 40 fokon moshat\u00f3. V\u00e1lassz hozz\u00e1 egyedi nyomatot is!<\/p>\n","protected":false},"featured_media":1947,"comment_status":"closed","ping_status":"closed","template":"","meta":[],"_links":{"self":[{"href":"https:\/\/graficolor.hu\/webshop\/wp-json\/wp\/v2\/product\/1908"}],"collection":[{"href":"https:\/\/graficolor.hu\/webshop\/wp-json\/wp\/v2\/product"}],"about":[{"href":"https:\/\/graficolor.hu\/webshop\/wp-json\/wp\/v2\/types\/product"}],"replies":[{"embeddable":true,"href":"https:\/\/graficolor.hu\/webshop\/wp-json\/wp\/v2\/comments?post=1908"}],"version-history":[{"count":2,"href":"https:\/\/graficolor.hu\/webshop\/wp-json\/wp\/v2\/product\/1908\/revisions"}],"predecessor-version":[{"id":49360,"href":"https:\/\/graficolor.hu\/webshop\/wp-json\/wp\/v2\/product\/1908\/revisions\/49360"}],"wp:featuredmedia":[{"embeddable":true,"href":"https:\/\/graficolor.hu\/webshop\/wp-json\/wp\/v2\/media\/1947"}],"wp:attachment":[{"href":"https:\/\/graficolor.hu\/webshop\/wp-json\/wp\/v2\/media?parent=1908"}],"curies":[{"name":"wp","href":"https:\/\/api.w.org\/{rel}","templated":true}]}}