{"id":1909,"date":"2016-02-01T00:00:00","date_gmt":"2016-02-01T00:00:00","guid":{"rendered":"http:\/\/graficolor.hu\/webshop\/?post_type=product&#038;p=1909"},"modified":"2016-02-17T08:16:50","modified_gmt":"2016-02-17T08:16:50","slug":"egyedi-ferfi-polo-29","status":"publish","type":"product","link":"https:\/\/graficolor.hu\/webshop\/termek\/egyedi-ferfi-polo-29\/","title":{"rendered":"Egyedi f\u00e9rfi p\u00f3l\u00f3"},"content":{"rendered":"<p>Egyedi f\u00e9rfi p\u00f3l\u00f3,z\u00f6ld. 40 fokon moshat\u00f3.<\/p>\n","protected":false},"excerpt":{"rendered":"<p>Egyedi f\u00e9rfi p\u00f3l\u00f3,z\u00f6ld. 40 fokon moshat\u00f3. V\u00e1lassz hozz\u00e1 egyedi nyomatot is!<\/p>\n","protected":false},"featured_media":1947,"comment_status":"closed","ping_status":"closed","template":"","meta":[],"_links":{"self":[{"href":"https:\/\/graficolor.hu\/webshop\/wp-json\/wp\/v2\/product\/1909"}],"collection":[{"href":"https:\/\/graficolor.hu\/webshop\/wp-json\/wp\/v2\/product"}],"about":[{"href":"https:\/\/graficolor.hu\/webshop\/wp-json\/wp\/v2\/types\/product"}],"replies":[{"embeddable":true,"href":"https:\/\/graficolor.hu\/webshop\/wp-json\/wp\/v2\/comments?post=1909"}],"version-history":[{"count":0,"href":"https:\/\/graficolor.hu\/webshop\/wp-json\/wp\/v2\/product\/1909\/revisions"}],"wp:featuredmedia":[{"embeddable":true,"href":"https:\/\/graficolor.hu\/webshop\/wp-json\/wp\/v2\/media\/1947"}],"wp:attachment":[{"href":"https:\/\/graficolor.hu\/webshop\/wp-json\/wp\/v2\/media?parent=1909"}],"curies":[{"name":"wp","href":"https:\/\/api.w.org\/{rel}","templated":true}]}}