{"id":2343,"date":"2016-02-01T00:00:00","date_gmt":"2016-02-01T00:00:00","guid":{"rendered":"http:\/\/graficolor.hu\/webshop\/?post_type=product&#038;p=2343"},"modified":"2024-01-15T14:13:21","modified_gmt":"2024-01-15T13:13:21","slug":"egyedi-bakelit-ora-16-minta","status":"publish","type":"product","link":"https:\/\/graficolor.hu\/webshop\/termek\/egyedi-bakelit-ora-16-minta\/","title":{"rendered":"Egyedi bakelit \u00f3ra 16. minta"},"content":{"rendered":"<p>N\u0151knek, f\u00e9rfiaknak, gyermeknek, koll\u00e9g\u00e1nak, bar\u00e1tnak vagy c\u00e9ges aj\u00e1nd\u00e9kk\u00e9nt is t\u00f6k\u00e9letes v\u00e1laszt\u00e1s a bakelitb\u0151l k\u00e9sz\u00fclt fali\u00f3ra. Sz\u00fclet\u00e9snapra, n\u00e9vnapra, eljegyz\u00e9sre, nyugd\u00edjas b\u00facs\u00faztat\u00f3ra \u00e9s \u00e9vfordul\u00f3ra is aj\u00e1nd\u00e9kozzon egyedit \u00e9s kreat\u00edvat!<\/p>\n","protected":false},"excerpt":{"rendered":"<p>N\u0151knek, f\u00e9rfiaknak, gyermeknek, koll\u00e9g\u00e1nak, bar\u00e1tnak vagy c\u00e9ges aj\u00e1nd\u00e9kk\u00e9nt is t\u00f6k\u00e9letes v\u00e1laszt\u00e1s a bakelitb\u0151l k\u00e9sz\u00fclt fali\u00f3ra. Sz\u00fclet\u00e9snapra, n\u00e9vnapra, eljegyz\u00e9sre, nyugd\u00edjas b\u00facs\u00faztat\u00f3ra \u00e9s \u00e9vfordul\u00f3ra is aj\u00e1nd\u00e9kozzon egyedit \u00e9s kreat\u00edvat!<\/p>\n","protected":false},"featured_media":49184,"comment_status":"closed","ping_status":"closed","template":"","meta":[],"_links":{"self":[{"href":"https:\/\/graficolor.hu\/webshop\/wp-json\/wp\/v2\/product\/2343"}],"collection":[{"href":"https:\/\/graficolor.hu\/webshop\/wp-json\/wp\/v2\/product"}],"about":[{"href":"https:\/\/graficolor.hu\/webshop\/wp-json\/wp\/v2\/types\/product"}],"replies":[{"embeddable":true,"href":"https:\/\/graficolor.hu\/webshop\/wp-json\/wp\/v2\/comments?post=2343"}],"version-history":[{"count":1,"href":"https:\/\/graficolor.hu\/webshop\/wp-json\/wp\/v2\/product\/2343\/revisions"}],"predecessor-version":[{"id":49904,"href":"https:\/\/graficolor.hu\/webshop\/wp-json\/wp\/v2\/product\/2343\/revisions\/49904"}],"wp:featuredmedia":[{"embeddable":true,"href":"https:\/\/graficolor.hu\/webshop\/wp-json\/wp\/v2\/media\/49184"}],"wp:attachment":[{"href":"https:\/\/graficolor.hu\/webshop\/wp-json\/wp\/v2\/media?parent=2343"}],"curies":[{"name":"wp","href":"https:\/\/api.w.org\/{rel}","templated":true}]}}