{"id":2404,"date":"2016-02-17T12:50:19","date_gmt":"2016-02-17T12:50:19","guid":{"rendered":"http:\/\/graficolor.hu\/webshop\/?post_type=product&#038;p=2404"},"modified":"2020-11-23T12:36:14","modified_gmt":"2020-11-23T11:36:14","slug":"lua-gravirozhato-toll","status":"publish","type":"product","link":"https:\/\/graficolor.hu\/webshop\/termek\/lua-gravirozhato-toll\/","title":{"rendered":"Lua grav\u00edrozhat\u00f3 toll"},"content":{"rendered":"<p>J\u00f3 fog\u00e1s\u00fa, elox\u00e1lt f\u00e9mb\u0151l k\u00e9sz\u00fclt toll, sz\u00e9pen grav\u00edrozhat\u00f3. Minden alkalomra aj\u00e1nljuk.<br \/>\n<strong>A rendel\u00e9st meger\u0151s\u00edt\u0151 e-mailre k\u00e9rj\u00fck, k\u00fcldje el v\u00e1laszlev\u00e9lben a k\u00edv\u00e1nt k\u00e9pet \u00e9s\/vagy sz\u00f6veget.<\/strong><\/p>\n","protected":false},"excerpt":{"rendered":"<p>J\u00f3 fog\u00e1s\u00fa, elox\u00e1lt f\u00e9mb\u0151l k\u00e9sz\u00fclt toll, sz\u00e9pen grav\u00edrozhat\u00f3. Minden alkalomra aj\u00e1nljuk.<br \/>\n<strong>A rendel\u00e9st meger\u0151s\u00edt\u0151 e-mailre k\u00e9rj\u00fck, k\u00fcldje el v\u00e1laszlev\u00e9lben a k\u00edv\u00e1nt k\u00e9pet \u00e9s\/vagy sz\u00f6veget.<\/strong><\/p>\n","protected":false},"featured_media":6349,"comment_status":"open","ping_status":"closed","template":"","meta":[],"_links":{"self":[{"href":"https:\/\/graficolor.hu\/webshop\/wp-json\/wp\/v2\/product\/2404"}],"collection":[{"href":"https:\/\/graficolor.hu\/webshop\/wp-json\/wp\/v2\/product"}],"about":[{"href":"https:\/\/graficolor.hu\/webshop\/wp-json\/wp\/v2\/types\/product"}],"replies":[{"embeddable":true,"href":"https:\/\/graficolor.hu\/webshop\/wp-json\/wp\/v2\/comments?post=2404"}],"version-history":[{"count":0,"href":"https:\/\/graficolor.hu\/webshop\/wp-json\/wp\/v2\/product\/2404\/revisions"}],"wp:featuredmedia":[{"embeddable":true,"href":"https:\/\/graficolor.hu\/webshop\/wp-json\/wp\/v2\/media\/6349"}],"wp:attachment":[{"href":"https:\/\/graficolor.hu\/webshop\/wp-json\/wp\/v2\/media?parent=2404"}],"curies":[{"name":"wp","href":"https:\/\/api.w.org\/{rel}","templated":true}]}}