{"id":2421,"date":"2016-02-17T13:05:05","date_gmt":"2016-02-17T13:05:05","guid":{"rendered":"http:\/\/graficolor.hu\/webshop\/?post_type=product&#038;p=2421"},"modified":"2019-08-12T08:46:34","modified_gmt":"2019-08-12T06:46:34","slug":"tolldoboz-muanyag","status":"publish","type":"product","link":"https:\/\/graficolor.hu\/webshop\/termek\/tolldoboz-muanyag\/","title":{"rendered":"Tolldoboz &#8211; m\u0171anyag"},"content":{"rendered":"<p>V\u00edztiszta fedel\u0171 tolldoboz.<\/p>\n","protected":false},"excerpt":{"rendered":"<p>V\u00edztiszta fedel\u0171 tolldoboz.<\/p>\n","protected":false},"featured_media":2422,"comment_status":"open","ping_status":"closed","template":"","meta":[],"_links":{"self":[{"href":"https:\/\/graficolor.hu\/webshop\/wp-json\/wp\/v2\/product\/2421"}],"collection":[{"href":"https:\/\/graficolor.hu\/webshop\/wp-json\/wp\/v2\/product"}],"about":[{"href":"https:\/\/graficolor.hu\/webshop\/wp-json\/wp\/v2\/types\/product"}],"replies":[{"embeddable":true,"href":"https:\/\/graficolor.hu\/webshop\/wp-json\/wp\/v2\/comments?post=2421"}],"version-history":[{"count":0,"href":"https:\/\/graficolor.hu\/webshop\/wp-json\/wp\/v2\/product\/2421\/revisions"}],"wp:featuredmedia":[{"embeddable":true,"href":"https:\/\/graficolor.hu\/webshop\/wp-json\/wp\/v2\/media\/2422"}],"wp:attachment":[{"href":"https:\/\/graficolor.hu\/webshop\/wp-json\/wp\/v2\/media?parent=2421"}],"curies":[{"name":"wp","href":"https:\/\/api.w.org\/{rel}","templated":true}]}}