{"id":3174,"date":"2016-02-01T00:00:00","date_gmt":"2016-02-01T00:00:00","guid":{"rendered":"http:\/\/graficolor.hu\/webshop\/termek\/nem-kategorizalt\/egyedi-polo-34-nyomat\/"},"modified":"2023-05-18T14:41:17","modified_gmt":"2023-05-18T12:41:17","slug":"egyedi-polo-34-nyomat","status":"publish","type":"product","link":"https:\/\/graficolor.hu\/webshop\/termek\/egyedi-polo-34-nyomat\/","title":{"rendered":"Egyedi p\u00f3l\u00f3 34. nyomat"},"content":{"rendered":"<p>Egyedi nyomtatott p\u00f3l\u00f3t keres leg\u00e9nyb\u00facs\u00fara, le\u00e1nyb\u00facs\u00fara? Megtal\u00e1lta. Egyedi nyomtatott p\u00f3l\u00f3 Leg\u00e9ny- \u00e9s le\u00e1nyb\u00facs\u00fa t\u00e9m\u00e1ban, Igen, akarom(h\u00e1zass\u00e1g) k\u00e9ppel\/sz\u00f6veggel. Nyomtatott n\u0151i p\u00f3l\u00f3, nyomtatott f\u00e9rfi p\u00f3l\u00f3, nyomtatott gyerek p\u00f3l\u00f3.<\/p>\n","protected":false},"excerpt":{"rendered":"<p>Nyomat egyedi p\u00f3l\u00f3khoz. A rendel\u00e9st meger\u0151s\u00edt\u0151 e-mailre k\u00e9rj\u00fck, k\u00fcldje el v\u00e1laszlev\u00e9lben a k\u00edv\u00e1nt sz\u00f6veget.<\/p>\n","protected":false},"featured_media":34620,"comment_status":"closed","ping_status":"closed","template":"","meta":[],"_links":{"self":[{"href":"https:\/\/graficolor.hu\/webshop\/wp-json\/wp\/v2\/product\/3174"}],"collection":[{"href":"https:\/\/graficolor.hu\/webshop\/wp-json\/wp\/v2\/product"}],"about":[{"href":"https:\/\/graficolor.hu\/webshop\/wp-json\/wp\/v2\/types\/product"}],"replies":[{"embeddable":true,"href":"https:\/\/graficolor.hu\/webshop\/wp-json\/wp\/v2\/comments?post=3174"}],"version-history":[{"count":1,"href":"https:\/\/graficolor.hu\/webshop\/wp-json\/wp\/v2\/product\/3174\/revisions"}],"predecessor-version":[{"id":49800,"href":"https:\/\/graficolor.hu\/webshop\/wp-json\/wp\/v2\/product\/3174\/revisions\/49800"}],"wp:featuredmedia":[{"embeddable":true,"href":"https:\/\/graficolor.hu\/webshop\/wp-json\/wp\/v2\/media\/34620"}],"wp:attachment":[{"href":"https:\/\/graficolor.hu\/webshop\/wp-json\/wp\/v2\/media?parent=3174"}],"curies":[{"name":"wp","href":"https:\/\/api.w.org\/{rel}","templated":true}]}}