{"id":3212,"date":"2016-02-01T00:00:00","date_gmt":"2016-02-01T00:00:00","guid":{"rendered":"http:\/\/graficolor.hu\/webshop\/termek\/nem-kategorizalt\/egyedi-polo-72-nyomat\/"},"modified":"2023-05-18T13:50:22","modified_gmt":"2023-05-18T11:50:22","slug":"egyedi-polo-72-nyomat","status":"publish","type":"product","link":"https:\/\/graficolor.hu\/webshop\/termek\/egyedi-polo-72-nyomat\/","title":{"rendered":"Egyedi p\u00f3l\u00f3 72. nyomat"},"content":{"rendered":"<p>Vicces nyomtatott p\u00f3l\u00f3t keres? Megtal\u00e1lta! Egyedi nyomtatott Vicces p\u00f3l\u00f3, Mocskosul bemocskosultam (popeye) sz\u00f6veggel, k\u00e9ppel. Nyomtatott n\u0151i p\u00f3l\u00f3, nyomtatott f\u00e9rfi p\u00f3l\u00f3, nyomtatott gyerek p\u00f3l\u00f3.<\/p>\n","protected":false},"excerpt":{"rendered":"<p>Nyomat egyedi p\u00f3l\u00f3khoz. A rendel\u00e9st meger\u0151s\u00edt\u0151 e-mailre k\u00e9rj\u00fck, k\u00fcldje el v\u00e1laszlev\u00e9lben a k\u00edv\u00e1nt sz\u00f6veget.<\/p>\n","protected":false},"featured_media":34682,"comment_status":"closed","ping_status":"closed","template":"","meta":[],"_links":{"self":[{"href":"https:\/\/graficolor.hu\/webshop\/wp-json\/wp\/v2\/product\/3212"}],"collection":[{"href":"https:\/\/graficolor.hu\/webshop\/wp-json\/wp\/v2\/product"}],"about":[{"href":"https:\/\/graficolor.hu\/webshop\/wp-json\/wp\/v2\/types\/product"}],"replies":[{"embeddable":true,"href":"https:\/\/graficolor.hu\/webshop\/wp-json\/wp\/v2\/comments?post=3212"}],"version-history":[{"count":0,"href":"https:\/\/graficolor.hu\/webshop\/wp-json\/wp\/v2\/product\/3212\/revisions"}],"wp:featuredmedia":[{"embeddable":true,"href":"https:\/\/graficolor.hu\/webshop\/wp-json\/wp\/v2\/media\/34682"}],"wp:attachment":[{"href":"https:\/\/graficolor.hu\/webshop\/wp-json\/wp\/v2\/media?parent=3212"}],"curies":[{"name":"wp","href":"https:\/\/api.w.org\/{rel}","templated":true}]}}