{"id":36609,"date":"2017-11-15T12:20:06","date_gmt":"2017-11-15T11:20:06","guid":{"rendered":"http:\/\/graficolor.hu\/webshop\/?post_type=product&#038;p=36609"},"modified":"2017-12-01T07:18:51","modified_gmt":"2017-12-01T06:18:51","slug":"femdoboz","status":"publish","type":"product","link":"https:\/\/graficolor.hu\/webshop\/termek\/femdoboz\/","title":{"rendered":"F\u00e9mdoboz"},"content":{"rendered":"<p>eleg\u00e1ns kar\u00e1csonyi aj\u00e1nd\u00e9k lehet a dolgoz\u00f3inknak, de kedves \u00fcgyfeleinknek is, ak\u00e1r k\u00e1v\u00e9val, te\u00e1val, bonbonnal, esetleg s\u00fctivel megt\u00f6ltve. Tetej\u00e9re a c\u00e9g embl\u00e9m\u00e1j\u00e1t nyomtathatjuk mondjuk egy kellemes kar\u00e1csonyi hangulat\u00fa h\u00e1tt\u00e9rben.<\/p>\n<p><strong>10 db-t\u00f3l INGYENESEN n\u00e9vre sz\u00f3l\u00f3 \u00fczenet!<\/strong><\/p>\n","protected":false},"excerpt":{"rendered":"<p>eleg\u00e1ns kar\u00e1csonyi aj\u00e1nd\u00e9k lehet a dolgoz\u00f3inknak, de kedves \u00fcgyfeleinknek is, ak\u00e1r k\u00e1v\u00e9val, te\u00e1val, bonbonnal, esetleg s\u00fctivel megt\u00f6ltve. Tetej\u00e9re a c\u00e9g embl\u00e9m\u00e1j\u00e1t nyomtathatjuk mondjuk egy kellemes kar\u00e1csonyi hangulat\u00fa h\u00e1tt\u00e9rben.<\/p>\n<p><strong>10 db-t\u00f3l INGYENESEN n\u00e9vre sz\u00f3l\u00f3 \u00fczenet!<\/strong><\/p>\n","protected":false},"featured_media":36610,"comment_status":"open","ping_status":"closed","template":"","meta":[],"_links":{"self":[{"href":"https:\/\/graficolor.hu\/webshop\/wp-json\/wp\/v2\/product\/36609"}],"collection":[{"href":"https:\/\/graficolor.hu\/webshop\/wp-json\/wp\/v2\/product"}],"about":[{"href":"https:\/\/graficolor.hu\/webshop\/wp-json\/wp\/v2\/types\/product"}],"replies":[{"embeddable":true,"href":"https:\/\/graficolor.hu\/webshop\/wp-json\/wp\/v2\/comments?post=36609"}],"version-history":[{"count":0,"href":"https:\/\/graficolor.hu\/webshop\/wp-json\/wp\/v2\/product\/36609\/revisions"}],"wp:featuredmedia":[{"embeddable":true,"href":"https:\/\/graficolor.hu\/webshop\/wp-json\/wp\/v2\/media\/36610"}],"wp:attachment":[{"href":"https:\/\/graficolor.hu\/webshop\/wp-json\/wp\/v2\/media?parent=36609"}],"curies":[{"name":"wp","href":"https:\/\/api.w.org\/{rel}","templated":true}]}}