{"id":36612,"date":"2017-11-15T12:46:17","date_gmt":"2017-11-15T11:46:17","guid":{"rendered":"http:\/\/graficolor.hu\/webshop\/?post_type=product&#038;p=36612"},"modified":"2017-12-01T07:18:51","modified_gmt":"2017-12-01T06:18:51","slug":"szinvaltos-bogre","status":"publish","type":"product","link":"https:\/\/graficolor.hu\/webshop\/termek\/szinvaltos-bogre\/","title":{"rendered":"Sz\u00ednv\u00e1lt\u00f3s b\u00f6gre"},"content":{"rendered":"<p>Ragyog\u00f3, \u00e9l\u00e9nk sz\u00edneivel izgalmas \u00e9s igaz\u00e1n \u00e9rdekes aj\u00e1nd\u00e9k: ak\u00e1r \u201etitkos\u201d szem\u00e9lyes \u00fczenetet is rejthet, amit csak az l\u00e1that, aki kapja &#8211; forr\u00f3 ital hat\u00e1s\u00e1ra a felsz\u00edne kifeh\u00e9redik \u00e9s el\u0151t\u0171nik a felirat.<\/p>\n<p>10 db-t\u00f3l c\u00e9ges\u00edtj\u00fck a dobozt GR\u00c1TISZ.<\/p>\n","protected":false},"excerpt":{"rendered":"<p>Ragyog\u00f3, \u00e9l\u00e9nk sz\u00edneivel izgalmas \u00e9s igaz\u00e1n \u00e9rdekes aj\u00e1nd\u00e9k: ak\u00e1r \u201etitkos\u201d szem\u00e9lyes \u00fczenetet is rejthet, amit csak az l\u00e1that, aki kapja &#8211; forr\u00f3 ital hat\u00e1s\u00e1ra a felsz\u00edne kifeh\u00e9redik \u00e9s el\u0151t\u0171nik a felirat.<\/p>\n<p>10 db-t\u00f3l c\u00e9ges\u00edtj\u00fck a dobozt GR\u00c1TISZ.<\/p>\n<p><iframe loading=\"lazy\" src=\"https:\/\/www.facebook.com\/plugins\/video.php?href=https%3A%2F%2Fwww.facebook.com%2Fgraficolorstudiotata%2Fvideos%2F606850872818427%2F&#038;show_text=0&#038;width=560\" width=\"560\" height=\"315\" style=\"border:none;overflow:hidden\" scrolling=\"no\" frameborder=\"0\" allowTransparency=\"true\" allowFullScreen=\"true\"><\/iframe><\/p>\n","protected":false},"featured_media":36613,"comment_status":"open","ping_status":"closed","template":"","meta":[],"_links":{"self":[{"href":"https:\/\/graficolor.hu\/webshop\/wp-json\/wp\/v2\/product\/36612"}],"collection":[{"href":"https:\/\/graficolor.hu\/webshop\/wp-json\/wp\/v2\/product"}],"about":[{"href":"https:\/\/graficolor.hu\/webshop\/wp-json\/wp\/v2\/types\/product"}],"replies":[{"embeddable":true,"href":"https:\/\/graficolor.hu\/webshop\/wp-json\/wp\/v2\/comments?post=36612"}],"version-history":[{"count":0,"href":"https:\/\/graficolor.hu\/webshop\/wp-json\/wp\/v2\/product\/36612\/revisions"}],"wp:featuredmedia":[{"embeddable":true,"href":"https:\/\/graficolor.hu\/webshop\/wp-json\/wp\/v2\/media\/36613"}],"wp:attachment":[{"href":"https:\/\/graficolor.hu\/webshop\/wp-json\/wp\/v2\/media?parent=36612"}],"curies":[{"name":"wp","href":"https:\/\/api.w.org\/{rel}","templated":true}]}}