{"id":36614,"date":"2017-11-15T12:51:39","date_gmt":"2017-11-15T11:51:39","guid":{"rendered":"http:\/\/graficolor.hu\/webshop\/?post_type=product&#038;p=36614"},"modified":"2017-12-01T07:18:51","modified_gmt":"2017-12-01T06:18:51","slug":"nevre-szolo-gravirozott-fem-toll-atlatszo-tolldobozban","status":"publish","type":"product","link":"https:\/\/graficolor.hu\/webshop\/termek\/nevre-szolo-gravirozott-fem-toll-atlatszo-tolldobozban\/","title":{"rendered":"N\u00e9vre sz\u00f3l\u00f3 grav\u00edrozott f\u00e9m toll \u00e1tl\u00e1tsz\u00f3 tolldobozban"},"content":{"rendered":"<p>N\u00e9vvel, r\u00f6vid \u00fczenettel kedves aj\u00e1nd\u00e9k a dolgoz\u00f3idnak, de ak\u00e1r \u00fczleti partnereknek is adhatod, c\u00e9ges\u00edtve.<br \/>\n10 db-t\u00f3l d\u00edszcsomagol\u00e1st adunk AJ\u00c1ND\u00c9KBA.<\/p>\n","protected":false},"excerpt":{"rendered":"<p>N\u00e9vvel, r\u00f6vid \u00fczenettel kedves aj\u00e1nd\u00e9k a dolgoz\u00f3idnak, de ak\u00e1r \u00fczleti partnereknek is adhatod, c\u00e9ges\u00edtve.<br \/>\n10 db-t\u00f3l d\u00edszcsomagol\u00e1st adunk AJ\u00c1ND\u00c9KBA.<\/p>\n","protected":false},"featured_media":36615,"comment_status":"open","ping_status":"closed","template":"","meta":[],"_links":{"self":[{"href":"https:\/\/graficolor.hu\/webshop\/wp-json\/wp\/v2\/product\/36614"}],"collection":[{"href":"https:\/\/graficolor.hu\/webshop\/wp-json\/wp\/v2\/product"}],"about":[{"href":"https:\/\/graficolor.hu\/webshop\/wp-json\/wp\/v2\/types\/product"}],"replies":[{"embeddable":true,"href":"https:\/\/graficolor.hu\/webshop\/wp-json\/wp\/v2\/comments?post=36614"}],"version-history":[{"count":0,"href":"https:\/\/graficolor.hu\/webshop\/wp-json\/wp\/v2\/product\/36614\/revisions"}],"wp:featuredmedia":[{"embeddable":true,"href":"https:\/\/graficolor.hu\/webshop\/wp-json\/wp\/v2\/media\/36615"}],"wp:attachment":[{"href":"https:\/\/graficolor.hu\/webshop\/wp-json\/wp\/v2\/media?parent=36614"}],"curies":[{"name":"wp","href":"https:\/\/api.w.org\/{rel}","templated":true}]}}