{"id":36772,"date":"2019-03-21T12:37:12","date_gmt":"2019-03-21T11:37:12","guid":{"rendered":"http:\/\/graficolor.hu\/webshop\/?post_type=product&#038;p=36772"},"modified":"2022-08-10T13:58:16","modified_gmt":"2022-08-10T11:58:16","slug":"egyedi-eskuvoi-meghivo-52-minta","status":"publish","type":"product","link":"https:\/\/graficolor.hu\/webshop\/termek\/egyedi-eskuvoi-meghivo-52-minta\/","title":{"rendered":"Egyedi esk\u00fcv\u0151i megh\u00edv\u00f3 52. minta"},"content":{"rendered":"<p>Egyedi esk\u00fcv\u0151h\u00f6z egyedi megh\u00edv\u00f3! V\u00e1lassza ezt a fantasztikus egyedi esk\u00fcv\u0151i megh\u00edv\u00f3t, hogy \u00e9lete nagy esem\u00e9nye t\u00e9nyleg egyedi legyen!<\/p>\n","protected":false},"excerpt":{"rendered":"<p>Egyedi esk\u00fcv\u0151h\u00f6z egyedi megh\u00edv\u00f3! V\u00e1lassza ezt a fantasztikus egyedi esk\u00fcv\u0151i megh\u00edv\u00f3t, hogy \u00e9lete nagy esem\u00e9nye t\u00e9nyleg egyedi legyen!<\/p>\n","protected":false},"featured_media":48921,"comment_status":"open","ping_status":"closed","template":"","meta":[],"_links":{"self":[{"href":"https:\/\/graficolor.hu\/webshop\/wp-json\/wp\/v2\/product\/36772"}],"collection":[{"href":"https:\/\/graficolor.hu\/webshop\/wp-json\/wp\/v2\/product"}],"about":[{"href":"https:\/\/graficolor.hu\/webshop\/wp-json\/wp\/v2\/types\/product"}],"replies":[{"embeddable":true,"href":"https:\/\/graficolor.hu\/webshop\/wp-json\/wp\/v2\/comments?post=36772"}],"version-history":[{"count":1,"href":"https:\/\/graficolor.hu\/webshop\/wp-json\/wp\/v2\/product\/36772\/revisions"}],"predecessor-version":[{"id":49370,"href":"https:\/\/graficolor.hu\/webshop\/wp-json\/wp\/v2\/product\/36772\/revisions\/49370"}],"wp:featuredmedia":[{"embeddable":true,"href":"https:\/\/graficolor.hu\/webshop\/wp-json\/wp\/v2\/media\/48921"}],"wp:attachment":[{"href":"https:\/\/graficolor.hu\/webshop\/wp-json\/wp\/v2\/media?parent=36772"}],"curies":[{"name":"wp","href":"https:\/\/api.w.org\/{rel}","templated":true}]}}